{"id":10349,"date":"2022-03-12T19:33:59","date_gmt":"2022-03-12T17:33:59","guid":{"rendered":"https:\/\/webstore4.com\/\/?product=dahua-vto4202fb-mn-zwarte-ip-video-intercom-blindplaat-module"},"modified":"2024-06-21T12:14:12","modified_gmt":"2024-06-21T11:14:12","slug":"dahua-vto4202fb-mn-zwarte-ip-video-intercom-blindplaat-module","status":"publish","type":"product","link":"https:\/\/webstore4.com\/de\/product\/dahua-vto4202fb-mn-zwarte-ip-video-intercom-blindplaat-module\/","title":{"rendered":"Dahua VTO4202FB-MN schwarzes Abdeckplattenmodul f\u00fcr die IP-Video-Gegensprechanlage"},"content":{"rendered":"<p>Das Dahua VTO4202FB-MN ist ein Blindplattenmodul f\u00fcr das modulare IP-Video-T\u00fcrklingelsystem der 2. Generation von Dahua.<\/p>\n<p><strong>Montage<\/strong><\/p>\n<p>Der Dahua VTO4202FB-MN besteht aus robustem Aluminium und Kunststoff und ist vandalensicher (IK07). Die gesamte Au\u00dfenstation muss eingebaut oder mit einem nicht mitgelieferten Geh\u00e4use montiert werden.<\/p>\n<p>Unter dem Reiter \u201eDokumentation\u201c gibt es einen Link zur Produktseite des Herstellers inklusive Handbuch und Ma\u00dfdokumentation sowie einen Link zum Datenblatt mit allen Spezifikationen.<\/p>\n<p><strong>Wichtigste Funktionen<\/strong><\/p>\n<ul>\n<li>Blindplatten-Halbmodul<\/li>\n<li>Aufputz oder Einbau<\/li>\n<li>Maximal 9 Module<\/li>\n<\/ul>\n<p><a href=\"https:\/\/webstore4.com\/Copyright\/\" target=\"_blank\" rel=\"noopener\"><span style=\"color: #ff6e03; font-size: 11px;\">\u00a9 Der Text ist urheberrechtlich gesch\u00fctzt<\/span><\/a><\/p>","protected":false},"excerpt":{"rendered":"<p>De Dahua VTO4202FB-MN is blindplaat module voor het 2nd generation Dahua modulaire IP video deurbel systeem. Montage De Dahua\u00a0VTO4202FB-MN is gemaakt van duurzaam aluminium en kunststof en is vandaalbestendig (IK07).\u00a0Het volledige buiten station moet worden ingebouwd of opgebouwd met een niet meegeleverde behuizing. Onder het tabblad &#8216;Documentatie&#8217; is een link opgenomen naar de product pagina<\/p>\n<div class=\"klb-readmore button\"><a class=\"btn link\" href=\"https:\/\/webstore4.com\/de\/product\/dahua-vto4202fb-mn-zwarte-ip-video-intercom-blindplaat-module\/\">Mehr lesen <i class=\"klbth-icon-right-arrow\"><\/i><\/a><\/div>","protected":false},"featured_media":10350,"comment_status":"open","ping_status":"closed","template":"","meta":[],"pwb-brand":[3376],"product_cat":[4178,4179,4227,4259],"product_tag":[],"class_list":{"0":"post-10349","1":"product","2":"type-product","3":"status-publish","4":"has-post-thumbnail","6":"pwb-brand-dahua","7":"product_cat-intercom","8":"product_cat-dahua-ip-video","9":"product_cat-series-intercom","10":"product_cat-dahua-2nd-generation","11":"product_shipping_class-pakket","12":"pa_kaartlezer-nee","13":"pa_kleur-zwart","14":"pa_materiaal-aluminium","15":"pa_materiaal-kunststof","16":"pa_merk-dahua","17":"pa_mobiele-app-fabrikant-ja","18":"pa_montage-inbouw","19":"pa_montage-opbouw","20":"pa_omgeving-binnen-en-buiten","21":"pa_product-modulair","22":"pa_product-status-b","23":"pa_vandaalbestendig-ik07","25":"first","26":"onbackorder","27":"taxable","28":"shipping-taxable","29":"purchasable","30":"product-type-simple"},"brands":[{"id":3376,"name":"Dahua","slug":"dahua"}],"_links":{"self":[{"href":"https:\/\/webstore4.com\/de\/wp-json\/wp\/v2\/product\/10349","targetHints":{"allow":["GET"]}}],"collection":[{"href":"https:\/\/webstore4.com\/de\/wp-json\/wp\/v2\/product"}],"about":[{"href":"https:\/\/webstore4.com\/de\/wp-json\/wp\/v2\/types\/product"}],"replies":[{"embeddable":true,"href":"https:\/\/webstore4.com\/de\/wp-json\/wp\/v2\/comments?post=10349"}],"wp:featuredmedia":[{"embeddable":true,"href":"https:\/\/webstore4.com\/de\/wp-json\/wp\/v2\/media\/10350"}],"wp:attachment":[{"href":"https:\/\/webstore4.com\/de\/wp-json\/wp\/v2\/media?parent=10349"}],"wp:term":[{"taxonomy":"pwb-brand","embeddable":true,"href":"https:\/\/webstore4.com\/de\/wp-json\/wp\/v2\/pwb-brand?post=10349"},{"taxonomy":"product_cat","embeddable":true,"href":"https:\/\/webstore4.com\/de\/wp-json\/wp\/v2\/product_cat?post=10349"},{"taxonomy":"product_tag","embeddable":true,"href":"https:\/\/webstore4.com\/de\/wp-json\/wp\/v2\/product_tag?post=10349"}],"curies":[{"name":"wp","href":"https:\/\/api.w.org\/{rel}","templated":true}]}}