{"id":10314,"date":"2022-02-21T15:29:21","date_gmt":"2022-02-21T13:29:21","guid":{"rendered":"https:\/\/webstore4.com\/\/?product=wl4-4g-lte-ap-r-o-wifi-access-point-4g-lte-router-met-rj45-poort-en-150mbps-geschikt-voor-buiten"},"modified":"2025-03-12T14:28:39","modified_gmt":"2025-03-12T13:28:39","slug":"wl4-4g-lte-ap-r-o-wifi-access-point-4g-lte-router","status":"publish","type":"product","link":"https:\/\/webstore4.com\/de\/product\/wl4-4g-lte-ap-r-o-wifi-access-point-4g-lte-router\/","title":{"rendered":"WL4 4G-LTE-AP-RO WLAN-Zugangspunkt 4G-LTE-Router mit RJ45-Anschluss und 150 Mbit\/s, geeignet f\u00fcr den Au\u00dfenbereich"},"content":{"rendered":"<p>Der WL4 4G-LTE-AP-RO ist ein 4G-LTE-Router mit WLAN-Zugangspunkt, der f\u00fcr die Installation im Freien geeignet ist und \u00fcber einen RJ45-Anschluss und eine Geschwindigkeit von 150 Mbit\/s verf\u00fcgt. Die RJ45-Anschl\u00fcsse erm\u00f6glichen es, ein kabelgebundenes IP-Ger\u00e4t, wie zum Beispiel eine IP-Kamera oder einen NVR, \u00fcber das 4G-Mobilfunknetz drahtlos zu machen. An den 4G-LTE-AP-RO kann auch ein Switch angeschlossen werden, sodass mehrere kabelgebundene Ger\u00e4te angeschlossen werden k\u00f6nnen.<\/p>\n<p>Beispielsweise eignet sich der 4G-LTE-AP-R auch sehr gut f\u00fcr eine 4G-Internetverbindung in einem WL4-Solarpanel-Energiesystem (netzunabh\u00e4ngig). An einem Standort ohne Strom und festes Internet kann beispielsweise eine IP-Kamera mit Strom versorgt und mit dem Internet verbunden werden. Der WL4 4G-LTE-AP-R eignet sich auch sehr gut als 4G-Backup-Verbindung f\u00fcr ein Alarmsystem, Zutrittskontrollsystem oder IP-Kamerasystem.<\/p>\n<p>Der WL4 4G-LTE-AP-RO muss mit einem mitgelieferten 12-VDC-Adapter betrieben werden.<\/p>\n<p><strong>Hauptmerkmale<\/strong><\/p>\n<ul>\n<li>Unterst\u00fctzung f\u00fcr 3G und 4G (SIM-Karte nicht im Lieferumfang enthalten)<\/li>\n<li>1 x RJ45 10\/100 Mbit\/s \u2013 LAN<\/li>\n<li>Geschwindigkeiten 11n: 150 Mbit\/s \/ 11g: 54 Mbit\/s \/ 11b: 11 Mbit\/s \/ LTE: 150\/50 Mbit\/s<\/li>\n<li>Sim-Sperre kostenlos<\/li>\n<li>WLAN IEEE 802.11 b\/g\/n 2,4 GHz<\/li>\n<li>2 x Rundstrahlantenne Wi-Fi 5 dBi<\/li>\n<li>DHCP<\/li>\n<li>2,4 GHz<\/li>\n<\/ul>\n<p><a href=\"https:\/\/www.webstore4ipcameras.nl\/Copyright\" target=\"_blank\" rel=\"noopener\"><span style=\"color: #ff6e03; font-size: 11px;\">\u00a9 Der Text ist urheberrechtlich gesch\u00fctzt<\/span><\/a><\/p>","protected":false},"excerpt":{"rendered":"<p>De WL4 4G-LTE-AP-R-O is een Wi-Fi access point 4G LTE router geschikt voor montage buiten en met een RJ45 poort en 150Mbps snelheid. Door de RJ45 poorten is het mogelijk om een bedraad IP apparaat, zoals een IP camera of NVR, draadloos te maken via het 4G mobiele netwerk. Er kan ook een switch worden<\/p>\n<div class=\"klb-readmore button\"><a class=\"btn link\" href=\"https:\/\/webstore4.com\/de\/product\/wl4-4g-lte-ap-r-o-wifi-access-point-4g-lte-router\/\">Mehr lesen <i class=\"klbth-icon-right-arrow\"><\/i><\/a><\/div>","protected":false},"featured_media":15475,"comment_status":"open","ping_status":"closed","template":"","meta":[],"pwb-brand":[3380],"product_cat":[3440,3511],"product_tag":[],"class_list":{"0":"post-10314","1":"product","2":"type-product","3":"status-publish","4":"has-post-thumbnail","6":"pwb-brand-wl4","7":"product_cat-netwerk","8":"product_cat-router-4g5g","9":"product_shipping_class-pakket","10":"pa_draadloos-ja","11":"pa_functies-access-point-client-bridge","12":"pa_materiaal-kunststof","13":"pa_merk-wl4","14":"pa_voeding-12vdc","15":"pa_voeding-inclusief-adapter","17":"first","18":"onbackorder","19":"taxable","20":"shipping-taxable","21":"purchasable","22":"product-type-simple"},"brands":[{"id":3380,"name":"WL4","slug":"wl4"}],"_links":{"self":[{"href":"https:\/\/webstore4.com\/de\/wp-json\/wp\/v2\/product\/10314","targetHints":{"allow":["GET"]}}],"collection":[{"href":"https:\/\/webstore4.com\/de\/wp-json\/wp\/v2\/product"}],"about":[{"href":"https:\/\/webstore4.com\/de\/wp-json\/wp\/v2\/types\/product"}],"replies":[{"embeddable":true,"href":"https:\/\/webstore4.com\/de\/wp-json\/wp\/v2\/comments?post=10314"}],"wp:featuredmedia":[{"embeddable":true,"href":"https:\/\/webstore4.com\/de\/wp-json\/wp\/v2\/media\/15475"}],"wp:attachment":[{"href":"https:\/\/webstore4.com\/de\/wp-json\/wp\/v2\/media?parent=10314"}],"wp:term":[{"taxonomy":"pwb-brand","embeddable":true,"href":"https:\/\/webstore4.com\/de\/wp-json\/wp\/v2\/pwb-brand?post=10314"},{"taxonomy":"product_cat","embeddable":true,"href":"https:\/\/webstore4.com\/de\/wp-json\/wp\/v2\/product_cat?post=10314"},{"taxonomy":"product_tag","embeddable":true,"href":"https:\/\/webstore4.com\/de\/wp-json\/wp\/v2\/product_tag?post=10314"}],"curies":[{"name":"wp","href":"https:\/\/api.w.org\/{rel}","templated":true}]}}