{"id":10307,"date":"2022-02-20T17:14:08","date_gmt":"2022-02-20T15:14:08","guid":{"rendered":"https:\/\/webstore4.com\/\/?product=wl4-wb-s1-elektrisch-grendelslot-opbouw-met-status-led-instelbare-timer-fail-safe-800kg"},"modified":"2025-12-28T18:51:26","modified_gmt":"2025-12-28T17:51:26","slug":"wl4-wb-s1-elektrisch-grendelslot","status":"publish","type":"product","link":"https:\/\/webstore4.com\/de\/product\/wl4-wb-s1-elektrisch-grendelslot\/","title":{"rendered":"WL4 WB-S1 elektrisches Aufputz-Riegelschloss mit Status-LED, einstellbarem Timer, ausfallsicher, 800 kg"},"content":{"rendered":"<p>Das WL4 WB-S1 ist ein elektrisches Aufputz-Riegelschloss mit Status-LED (gr\u00fcn\/rot), einem einstellbaren Timer und einer Fail-Safe-Schaltung: Sobald die Stromversorgung des Schlosses unterbrochen wird, wird der Riegel zur\u00fcckgezogen und die T\u00fcr geschlossen daher nicht gesperrt.<\/p>\n<p><strong>M\u00f6glichkeiten<\/strong><\/p>\n<p>De WL4 WB-S1 is geschikt om te worden gebruikt met toegangscontrole systemen zoals intercom en paslezers. De WL4 WB-S1 moet worden gevoed met 10 &#8211; 15VDC. Voeding wordt niet meegeleverd. Onder het tabblad &#8216;Opties&#8217; staan verschillende voedingen aangegeven. De WL4 WB-S1 wordt geleverd met een extra opvulplaat voor de afstand tot de houder.<\/p>\n<p><strong>Wichtigste Funktionen<\/strong><\/p>\n<ul>\n<li>Ausfallsicheres Riegelschloss<\/li>\n<li>Timer f\u00fcr 0\/3\/6 Sekunden, bevor die Sperre aktiviert wird<\/li>\n<li>Verbruik 220 mA in rust<\/li>\n<li>Verbruik 1150 mA bij gebruik<\/li>\n<li>15 mm Bolzenweg<\/li>\n<li>800 kg Widerstandskapazit\u00e4t<\/li>\n<li>Das Schloss l\u00e4sst sich nur ausfahren, wenn es mit der Halterung ausgerichtet ist, nicht aber bei ge\u00f6ffneter T\u00fcr<\/li>\n<li>Status-LED<\/li>\n<li>Schlossabmessungen: 150x41x26mm<\/li>\n<li>Abmessungen des Riegelhalters: 86 x 32 x 26 mm<\/li>\n<\/ul>\n<p><a href=\"https:\/\/webstore4.com\/Copyright\/\" target=\"_blank\" rel=\"noopener\"><span style=\"color: #ff6e03; font-size: 11px;\">\u00a9 Der Text ist urheberrechtlich gesch\u00fctzt<\/span><\/a><\/p>","protected":false},"excerpt":{"rendered":"<p>De WL4 WB-S1 is een opbouw elektrisch grendelslot met status LED (groen\/rood), een instelbare timer en fail safe schakeling: zodra de stroom naar het slot wegvalt is de grendel ingetrokken en is de deur dus niet op slot. Mogelijkheden De WL4 WB-S1 is geschikt om te worden gebruikt met toegangscontrole systemen zoals intercom en paslezers.<\/p>\n<div class=\"klb-readmore button\"><a class=\"btn link\" href=\"https:\/\/webstore4.com\/de\/product\/wl4-wb-s1-elektrisch-grendelslot\/\">Mehr lesen <i class=\"klbth-icon-right-arrow\"><\/i><\/a><\/div>","protected":false},"featured_media":16789,"comment_status":"open","ping_status":"closed","template":"","meta":[],"pwb-brand":[3380],"product_cat":[4191,4197],"product_tag":[],"class_list":{"0":"post-10307","1":"product","2":"type-product","3":"status-publish","4":"has-post-thumbnail","6":"pwb-brand-wl4","7":"product_cat-access","8":"product_cat-elektrische-sloten","9":"product_shipping_class-pakket","10":"pa_bewegingssensor-nee","11":"pa_fail-fail-safe","12":"pa_garantie-2-jaar","13":"pa_materiaal-staal","14":"pa_merk-wl4","15":"pa_montage-opbouw","16":"pa_omgeving-binnen","17":"pa_product-grendelslot","18":"pa_voeding-12vdc","19":"pa_weerstand-kracht-800-kg","21":"first","22":"onbackorder","23":"taxable","24":"shipping-taxable","25":"purchasable","26":"product-type-simple"},"brands":[{"id":3380,"name":"WL4","slug":"wl4"}],"_links":{"self":[{"href":"https:\/\/webstore4.com\/de\/wp-json\/wp\/v2\/product\/10307","targetHints":{"allow":["GET"]}}],"collection":[{"href":"https:\/\/webstore4.com\/de\/wp-json\/wp\/v2\/product"}],"about":[{"href":"https:\/\/webstore4.com\/de\/wp-json\/wp\/v2\/types\/product"}],"replies":[{"embeddable":true,"href":"https:\/\/webstore4.com\/de\/wp-json\/wp\/v2\/comments?post=10307"}],"wp:featuredmedia":[{"embeddable":true,"href":"https:\/\/webstore4.com\/de\/wp-json\/wp\/v2\/media\/16789"}],"wp:attachment":[{"href":"https:\/\/webstore4.com\/de\/wp-json\/wp\/v2\/media?parent=10307"}],"wp:term":[{"taxonomy":"pwb-brand","embeddable":true,"href":"https:\/\/webstore4.com\/de\/wp-json\/wp\/v2\/pwb-brand?post=10307"},{"taxonomy":"product_cat","embeddable":true,"href":"https:\/\/webstore4.com\/de\/wp-json\/wp\/v2\/product_cat?post=10307"},{"taxonomy":"product_tag","embeddable":true,"href":"https:\/\/webstore4.com\/de\/wp-json\/wp\/v2\/product_tag?post=10307"}],"curies":[{"name":"wp","href":"https:\/\/api.w.org\/{rel}","templated":true}]}}