{"id":10305,"date":"2022-02-19T19:41:58","date_gmt":"2022-02-19T17:41:58","guid":{"rendered":"https:\/\/webstore4.com\/\/?product=uni-t-ut387b-muur-scanner-voor-metaal-leidingen-stroom-kabels-en-houten-balken"},"modified":"2024-04-19T15:14:39","modified_gmt":"2024-04-19T14:14:39","slug":"uni-t-ut387b-muur-scanner-voor-metaal-leidingen-stroom-kabels-en-houten-balken","status":"publish","type":"product","link":"https:\/\/webstore4.com\/de\/product\/uni-t-ut387b-muur-scanner-voor-metaal-leidingen-stroom-kabels-en-houten-balken\/","title":{"rendered":"UNI-T UT387B Wandscanner f\u00fcr Metall (Rohre), Stromkabel und Holzbalken"},"content":{"rendered":"<p>Der Wandscanner UT387B ist ein gro\u00dfartiges Werkzeug f\u00fcr den Bau- und Installationsbereich. Der Scanner kann versteckte Objekte hinter W\u00e4nden erkennen, wie z. B. Metall (Rohre und Balken), stromf\u00fchrende elektrische Leitungen (Kupfer) und Holzbalken. UT387B ist f\u00fcr Gipskartonw\u00e4nde konzipiert, kann aber auch auf Hartholzb\u00f6den, Sperrholz und beschichteten Holzw\u00e4nden verwendet werden.<\/p>\n<p>Eisenmetalle: 80 mm<\/p>\n<p>Nichteisenmetalle: 80 mm<\/p>\n<p>Kupferleiter (stromf\u00fchrend): 50 mm<\/p>\n<p>Holz: 20 mm<\/p>\n<p><strong>Wichtigste Funktionen<\/strong><\/p>\n<ul>\n<li>Perfekt f\u00fcr die sichere Installation an W\u00e4nden und B\u00f6den<\/li>\n<li>Inklusive Tragetasche<\/li>\n<li>Batteriebetrieben (im Lieferumfang enthalten)<\/li>\n<\/ul>\n<p><a href=\"https:\/\/www.webstore4ipcameras.nl\/Copyright\" target=\"_blank\" rel=\"noopener\"><span style=\"color: #ff6e03; font-size: 11px;\">\u00a9 Der Text ist urheberrechtlich gesch\u00fctzt<\/span><\/a><\/p>\n<p><strong>Dokumentation<\/strong><\/p>\n<p><span style=\"font-size: 14px;\"><a href=\"https:\/\/www.uni-trend.com\/meters\/html\/product\/Layout\/Wall_Scanning\/UT387_Wall_Scanners\/UT387B.html\" target=\"_blank\" rel=\"noopener\"><span style=\"color: #ff6e03;\"><img decoding=\"async\" style=\"float: left; height: 20px; margin-left: 5px; margin-right: 5px; width: 20px;\" src=\"https:\/\/www.webstore4ipcameras.nl\/image\/data\/multistore\/pdf-icon.png\" alt=\"\">Produktseite<\/span><\/a><\/span><\/p>\n<p><span style=\"font-size: 14px;\"><a href=\"https:\/\/www.uni-trend.com\/uploadfile\/2019\/0107\/20190107115319238.pdf\" target=\"_blank\" rel=\"noopener\"><span style=\"color: #ff6e03;\"><img decoding=\"async\" style=\"float: left; height: 20px; margin-left: 5px; margin-right: 5px; width: 20px;\" src=\"https:\/\/www.webstore4ipcameras.nl\/image\/data\/multistore\/pdf-icon.png\" alt=\"\">Datenblatt<\/span><\/a><\/span><\/p>","protected":false},"excerpt":{"rendered":"<p>Der Wandscanner UT387B ist ein gro\u00dfartiges Werkzeug f\u00fcr den Bau- und Installationsbereich. Der Scanner kann versteckte Objekte hinter W\u00e4nden erkennen, wie z. B. Metall (Rohre und Balken), stromf\u00fchrende elektrische Leitungen (Kupfer) und Holzbalken. UT387B ist f\u00fcr Gipskartonw\u00e4nde konzipiert, kann aber auch auf Hartholzb\u00f6den, Sperrholz und beschichteten Holzw\u00e4nden verwendet werden.<\/p>\n<div class=\"klb-readmore button\"><a class=\"btn link\" href=\"https:\/\/webstore4.com\/de\/product\/uni-t-ut387b-muur-scanner-voor-metaal-leidingen-stroom-kabels-en-houten-balken\/\">Mehr lesen <i class=\"klbth-icon-right-arrow\"><\/i><\/a><\/div>","protected":false},"featured_media":10306,"comment_status":"closed","ping_status":"closed","template":"","meta":[],"pwb-brand":[3422],"product_cat":[3441,3461],"product_tag":[],"class_list":{"0":"post-10305","1":"product","2":"type-product","3":"status-publish","4":"has-post-thumbnail","6":"pwb-brand-uni-t","7":"product_cat-benodigdheden","8":"product_cat-testers","9":"pa_merk-uni-t","10":"pa_test-voor-leidingwerk","12":"first","13":"onbackorder","14":"taxable","15":"shipping-taxable","16":"purchasable","17":"product-type-simple"},"brands":[{"id":3422,"name":"UNI-T","slug":"uni-t"}],"_links":{"self":[{"href":"https:\/\/webstore4.com\/de\/wp-json\/wp\/v2\/product\/10305","targetHints":{"allow":["GET"]}}],"collection":[{"href":"https:\/\/webstore4.com\/de\/wp-json\/wp\/v2\/product"}],"about":[{"href":"https:\/\/webstore4.com\/de\/wp-json\/wp\/v2\/types\/product"}],"replies":[{"embeddable":true,"href":"https:\/\/webstore4.com\/de\/wp-json\/wp\/v2\/comments?post=10305"}],"wp:featuredmedia":[{"embeddable":true,"href":"https:\/\/webstore4.com\/de\/wp-json\/wp\/v2\/media\/10306"}],"wp:attachment":[{"href":"https:\/\/webstore4.com\/de\/wp-json\/wp\/v2\/media?parent=10305"}],"wp:term":[{"taxonomy":"pwb-brand","embeddable":true,"href":"https:\/\/webstore4.com\/de\/wp-json\/wp\/v2\/pwb-brand?post=10305"},{"taxonomy":"product_cat","embeddable":true,"href":"https:\/\/webstore4.com\/de\/wp-json\/wp\/v2\/product_cat?post=10305"},{"taxonomy":"product_tag","embeddable":true,"href":"https:\/\/webstore4.com\/de\/wp-json\/wp\/v2\/product_tag?post=10305"}],"curies":[{"name":"wp","href":"https:\/\/api.w.org\/{rel}","templated":true}]}}