{"id":10303,"date":"2022-02-19T19:07:00","date_gmt":"2022-02-19T17:07:00","guid":{"rendered":"https:\/\/webstore4.com\/\/?product=uni-t-ut309c-professionele-infrarood-dual-laser-thermometer-met-display"},"modified":"2024-05-29T14:32:44","modified_gmt":"2024-05-29T13:32:44","slug":"uni-t-ut309c-professionele-infrarood-dual-laser-thermometer-met-display","status":"publish","type":"product","link":"https:\/\/webstore4.com\/de\/product\/uni-t-ut309c-professionele-infrarood-dual-laser-thermometer-met-display\/","title":{"rendered":"UNI-T UT309C professionelles Infrarot-Dual-Laser-Thermometer mit Display"},"content":{"rendered":"<p>Das UNI-T UT309C ist ein professionelles Dual-Laser-Infrarot-Thermometer mit Display. Das Thermometer kann die Oberfl\u00e4chentemperatur anhand der von der Zieloberfl\u00e4che abgestrahlten Energie bestimmen. Es ist so konzipiert, dass es einige der h\u00f6chsten Schutzarten in der Produktlinie von UNI-T erf\u00fcllt: IP65 und Fallfestigkeit aus 3 m H\u00f6he. Mit einer schnellen Reaktion von 250 ms, hoher Messgenauigkeit und mehreren Scan-Modi ist der UT309C ein notwendiges Werkzeug f\u00fcr Ingenieure und Techniker, die in verschiedenen Bereichen wie der Inspektion elektrischer Verteilungen, Transportausr\u00fcstung, Instrumentenreparatur, Klimatechnik, Motorwartung und Temperatur arbeiten Messung, IKT-Ausr\u00fcstung und vieles mehr. mehr.<\/p>\n<p><strong>Haupteigenschaften<\/strong><\/p>\n<ul>\n<li>Infrarot Thermometer<\/li>\n<li>Messbereich -35 \u00b0C ~ 650 \u00b0C<\/li>\n<li>Hohe Messgenauigkeit<\/li>\n<li>Ber\u00fchrungslose Messung<\/li>\n<li>Funktioniert mit 9-V-Batterie (im Lieferumfang enthalten)<\/li>\n<\/ul>\n<p><a href=\"https:\/\/www.webstore4ipcameras.nl\/Copyright\" target=\"_blank\" rel=\"noopener\"><span style=\"color: #ff6e03; font-size: 11px;\">\u00a9 Der Text ist urheberrechtlich gesch\u00fctzt<\/span><\/a><\/p>\n<p><strong>Dokumentation<\/strong><\/p>\n<p><span style=\"font-size: 14px;\"><a href=\"https:\/\/www.uni-trend.com\/meters\/html\/product\/Environmental\/Infrared%20_Thermometer\/UT309\/UT309C.html\" target=\"_blank\" rel=\"noopener\"><span style=\"color: #ff6e03;\"><img decoding=\"async\" style=\"float: left; height: 20px; margin-left: 5px; margin-right: 5px; width: 20px;\" src=\"https:\/\/www.webstore4ipcameras.nl\/image\/data\/multistore\/pdf-icon.png\" alt=\"\">Produktseite<\/span><\/a><\/span><\/p>\n<p><span style=\"font-size: 14px;\"><a href=\"https:\/\/www.uni-trend.com\/uploadfile\/2018\/1129\/20181129024455104.pdf\" target=\"_blank\" rel=\"noopener\"><span style=\"color: #ff6e03;\"><img decoding=\"async\" style=\"float: left; height: 20px; margin-left: 5px; margin-right: 5px; width: 20px;\" src=\"https:\/\/www.webstore4ipcameras.nl\/image\/data\/multistore\/pdf-icon.png\" alt=\"\">Datenblatt<\/span><\/a><\/span><\/p>","protected":false},"excerpt":{"rendered":"<p>De UNI-T UT309C is een professionele dual laser infrarood thermometer met display. De thermometer kan de oppervlaktetemperatuur bepalen door de energie die door het doeloppervlak wordt uitgestraald. Het is ontworpen om te voldoen aan enkele van de hoogste beschermingsclassificaties in UNI-T&#8217;s productlijn, IP65 en 3m valbestendig. Met een snelle respons van 250 ms, hoge meetnauwkeurigheid<\/p>\n<div class=\"klb-readmore button\"><a class=\"btn link\" href=\"https:\/\/webstore4.com\/de\/product\/uni-t-ut309c-professionele-infrarood-dual-laser-thermometer-met-display\/\">Mehr lesen <i class=\"klbth-icon-right-arrow\"><\/i><\/a><\/div>","protected":false},"featured_media":10304,"comment_status":"closed","ping_status":"closed","template":"","meta":[],"pwb-brand":[3422],"product_cat":[3441,3461],"product_tag":[],"class_list":{"0":"post-10303","1":"product","2":"type-product","3":"status-publish","4":"has-post-thumbnail","6":"pwb-brand-uni-t","7":"product_cat-benodigdheden","8":"product_cat-testers","9":"pa_merk-uni-t","10":"pa_test-voor-temperatuur","12":"first","13":"onbackorder","14":"taxable","15":"shipping-taxable","16":"purchasable","17":"product-type-simple"},"brands":[{"id":3422,"name":"UNI-T","slug":"uni-t"}],"_links":{"self":[{"href":"https:\/\/webstore4.com\/de\/wp-json\/wp\/v2\/product\/10303","targetHints":{"allow":["GET"]}}],"collection":[{"href":"https:\/\/webstore4.com\/de\/wp-json\/wp\/v2\/product"}],"about":[{"href":"https:\/\/webstore4.com\/de\/wp-json\/wp\/v2\/types\/product"}],"replies":[{"embeddable":true,"href":"https:\/\/webstore4.com\/de\/wp-json\/wp\/v2\/comments?post=10303"}],"wp:featuredmedia":[{"embeddable":true,"href":"https:\/\/webstore4.com\/de\/wp-json\/wp\/v2\/media\/10304"}],"wp:attachment":[{"href":"https:\/\/webstore4.com\/de\/wp-json\/wp\/v2\/media?parent=10303"}],"wp:term":[{"taxonomy":"pwb-brand","embeddable":true,"href":"https:\/\/webstore4.com\/de\/wp-json\/wp\/v2\/pwb-brand?post=10303"},{"taxonomy":"product_cat","embeddable":true,"href":"https:\/\/webstore4.com\/de\/wp-json\/wp\/v2\/product_cat?post=10303"},{"taxonomy":"product_tag","embeddable":true,"href":"https:\/\/webstore4.com\/de\/wp-json\/wp\/v2\/product_tag?post=10303"}],"curies":[{"name":"wp","href":"https:\/\/api.w.org\/{rel}","templated":true}]}}