{"id":10297,"date":"2022-02-19T17:28:36","date_gmt":"2022-02-19T15:28:36","guid":{"rendered":"https:\/\/webstore4.com\/\/?product=uniview-uniarch-ipc-t314-apkz-full-hd-4mp-buiten-turret-camera-varifocale-lens-30m-ir-nachtzicht-microfoon-120db-wdr-microsd-poe"},"modified":"2024-04-19T15:14:38","modified_gmt":"2024-04-19T14:14:38","slug":"uniarch-ipc-t314-apkz-4mp-turret-camera","status":"publish","type":"product","link":"https:\/\/webstore4.com\/de\/product\/uniarch-ipc-t314-apkz-4mp-turret-camera\/","title":{"rendered":"Uniview Uniarch IPC-T314-APKZ Full HD 4MP Outdoor-Turmkamera mit Varioobjektiv, 30 m IR-Nachtsicht, Mikrofon, 120 dB WDR, microSD, PoE"},"content":{"rendered":"<div class=\"video-frame-box\" style=\"width: 100%; max-width: 480px; max-height: 270px; float: right; padding: 0px 10px 10px 10px;\">\n<div class=\"video-frame\"><iframe src=\"\/\/www.youtube.com\/embed\/oR_O0mi4pC4?rel=0&amp;modestbranding=1&amp;showinfo=0&amp;autohide=1\" width=\"480\" height=\"270\" frameborder=\"0\"><\/iframe><\/div>\n<\/div>\n<p>Die Uniview Uniarch IPC-T314-APKZ ist eine Full-HD-4MP-Revolverkamera mit Varioobjektiv, Mikrofon, 30 m intelligenter Infrarot-Nachtsicht, Bewegungserkennung, microSD-Aufnahmem\u00f6glichkeit und kann \u00fcber das Netzwerkkabel (PoE) mit Strom versorgt werden. Die Kamera ist f\u00fcr den Innen- und Au\u00dfenbereich geeignet. Uniarch ist eine Uniview-Produktlinie mit erschwinglicher Video\u00fcberwachung und einem Fokus auf zuverl\u00e4ssige Qualit\u00e4t, einfache Installation und Benutzerfreundlichkeit.<\/p>\n<p><strong>M\u00f6glichkeiten<\/strong><\/p>\n<p>Der Uniarch IPC-T314-APKZ zeigt Bilder in einer Full-HD-Aufl\u00f6sung von 2560 x 1440 an. Die Kamera verf\u00fcgt \u00fcber ein 2,8\u201312 mm Varifokal-Zoomobjektiv. Die Kamera kann bei Dunkelheit die integrierte IR-Beleuchtung einschalten und liefert so auch bei v\u00f6lliger Dunkelheit (0 Lux) ein gestochen scharfes Bild. Die IR-Beleuchtung hat eine maximale Reichweite von 30 Metern. Die Kamera verf\u00fcgt \u00fcber einen 120 dB Wide Dynamic Range (WDR), wodurch die Kamera auch komplexe Lichtverh\u00e4ltnisse gut bew\u00e4ltigen kann.<\/p>\n<p>Beelden kunnen worden opgeslagen op een Netwerk Video Recorder (NVR) of een microSDkaart tot 256Gb (niet meegeleverd). Onder het tabblad &#8220;Gerelateerd&#8221; zijn de Uniarch recorders opgenomen.<\/p>\n<p>Er is een gratis mobile app van beschikbaar voor Apple iOS en Android. Er kan gebruik worden gemaakt van de Nederlandstalige\u00a0Uniview app of de specifieke Uniarch (Engelstalige) app. De camera heeft een interne webserver die met een webbrowser kan worden bekeken en beheerd. Beheer van de camera&#8217;s en beelden kan ook met een NVR.<br \/>\nOp de website van Uniview is gratis Video Management Software (VMS) voor een computer te downloaden. Onder de tab &#8216;Documentatie&#8217; is een link naar de product pagina van de fabrikant opgenomen met alle productinformatie en handleidingen en waar software kan worden gedownload.<\/p>\n<p>Die Uniarch IPC-T314-APKZ verf\u00fcgt \u00fcber die Schutzart IP67, wodurch sich die Kamera ideal f\u00fcr den Au\u00dfenbereich eignet. Zur einfacheren Installation kann die Kamera \u00fcber das Netzwerkkabel mit Power over Ethernet (Standard 802.3af P0E) mit Strom versorgt werden. PoE kann \u00fcber einen PoE-NVR beispielsweise von Uniarch, einen PoE-Switch oder mit einem PoE-Injektor bezogen werden. Die Kamera kann auch mit einem optionalen 12-V-Netzteil mit Strom versorgt werden. Unter dem Reiter \u201eOptionen\u201c k\u00f6nnen Sie angeben, ob ein Adapter enthalten sein soll. Die Kamera ist \u00fcber 3 Achsen verstellbar.<\/p>\n<p><strong>Wichtigste Funktionen<\/strong><\/p>\n<ul>\n<li>4-Megapixel-Full-HD-Au\u00dfenkamera<\/li>\n<li>Einfache Installation<\/li>\n<li>Kostenlose App und Software<\/li>\n<li>Bewegungserkennung<\/li>\n<li>Tag-\/Nachtkamera mit automatischem mechanischem IR-Sperrfilter<\/li>\n<li>IR-Nachtsichtbeleuchtung bis zu 30 Meter<\/li>\n<li>Eingebautes Mikrophon<\/li>\n<li>Zoomobjektiv<\/li>\n<li>Auf 3 Achsen verstellbar<\/li>\n<li>120 dB breiter Dynamikbereich (WDR)<\/li>\n<li>Ultra H.265-Komprimierung f\u00fcr effiziente Netzwerk- und Speichernutzung<\/li>\n<li>ONVIF-kompatibel<\/li>\n<li>Stromversorgung \u00fcber 12VDC-Adapter oder \u00fcber PoE (802.3af)<\/li>\n<\/ul>\n<p><a href=\"https:\/\/www.webstore4ipcameras.nl\/Copyright\" target=\"_blank\" rel=\"noopener\"><span style=\"color: #ff6e03; font-size: 11px;\">\u00a9 Der Text ist urheberrechtlich gesch\u00fctzt<\/span><\/a><\/p>","protected":false},"excerpt":{"rendered":"<p>De Uniview Uniarch IPC-T314-APKZ is een Full HD 4MP turret camera met een varifocale lens, microfoon, 30m smart infrarood nachtzicht, bewegingsdetectie, microSD opname mogelijkheid en kan van stroom worden voorzien via de netwerkkabel (PoE). De camera is geschikt voor binnen of buiten. Uniarch is een productlijn van Uniview met voordelige videobewaking\u00a0en met focus op betrouwbare<\/p>\n<div class=\"klb-readmore button\"><a class=\"btn link\" href=\"https:\/\/webstore4.com\/de\/product\/uniarch-ipc-t314-apkz-4mp-turret-camera\/\">Mehr lesen <i class=\"klbth-icon-right-arrow\"><\/i><\/a><\/div>","protected":false},"featured_media":14544,"comment_status":"open","ping_status":"closed","template":"","meta":[],"pwb-brand":[3415],"product_cat":[3435,4184,4219,4198,4238],"product_tag":[],"class_list":{"0":"post-10297","1":"product","2":"type-product","3":"status-publish","4":"has-post-thumbnail","6":"pwb-brand-uniview-uniarch","7":"product_cat-ip-cameras","8":"product_cat-cameras","9":"product_cat-bullet-box-cameras-cameras","10":"product_cat-series","11":"product_cat-uniarch-by-uniview-series","12":"product_shipping_class-pakket","13":"pa_beeldhoek-graden-horizontaal-30-86-102-79","14":"pa_beeldsensor-1-2-7-cmos","15":"pa_dag-nacht-ir-cut-filter-ja","16":"pa_geheugenkaart-type-micro-sdsdhcsdxc-256gb","17":"pa_ingebouwd-type-nachtzicht-infrared-ir-led","18":"pa_lens-mm-2-8-12","19":"pa_megapixel-4mp","20":"pa_merk-uniview-uniarch","21":"pa_minimale-verlichting-0-005-lux-0-lux-met-ir","22":"pa_mobiele-app-fabrikant-ja","23":"pa_nachtzicht-ja","24":"pa_omgeving-binnen-en-buiten","25":"pa_opnemen-op-sd-kaart-ja","26":"pa_poe-802-3af","27":"pa_resolutie-max-pixels-full-hd-2560x1440","28":"pa_vandaalbestendig-ik10","29":"pa_verstelbare-assen-3631","30":"pa_voeding-12vdc","31":"pa_voeding-poe","32":"pa_wdr-ja","34":"first","35":"onbackorder","36":"taxable","37":"shipping-taxable","38":"purchasable","39":"product-type-simple"},"brands":[{"id":3415,"name":"Uniview Uniarch","slug":"uniview-uniarch"}],"_links":{"self":[{"href":"https:\/\/webstore4.com\/de\/wp-json\/wp\/v2\/product\/10297","targetHints":{"allow":["GET"]}}],"collection":[{"href":"https:\/\/webstore4.com\/de\/wp-json\/wp\/v2\/product"}],"about":[{"href":"https:\/\/webstore4.com\/de\/wp-json\/wp\/v2\/types\/product"}],"replies":[{"embeddable":true,"href":"https:\/\/webstore4.com\/de\/wp-json\/wp\/v2\/comments?post=10297"}],"wp:featuredmedia":[{"embeddable":true,"href":"https:\/\/webstore4.com\/de\/wp-json\/wp\/v2\/media\/14544"}],"wp:attachment":[{"href":"https:\/\/webstore4.com\/de\/wp-json\/wp\/v2\/media?parent=10297"}],"wp:term":[{"taxonomy":"pwb-brand","embeddable":true,"href":"https:\/\/webstore4.com\/de\/wp-json\/wp\/v2\/pwb-brand?post=10297"},{"taxonomy":"product_cat","embeddable":true,"href":"https:\/\/webstore4.com\/de\/wp-json\/wp\/v2\/product_cat?post=10297"},{"taxonomy":"product_tag","embeddable":true,"href":"https:\/\/webstore4.com\/de\/wp-json\/wp\/v2\/product_tag?post=10297"}],"curies":[{"name":"wp","href":"https:\/\/api.w.org\/{rel}","templated":true}]}}