{"id":10295,"date":"2022-02-19T17:12:15","date_gmt":"2022-02-19T15:12:15","guid":{"rendered":"https:\/\/webstore4.com\/\/?product=uniview-uniarch-ipc-d314-apkz-full-hd-4mp-buiten-dome-camera-varifocale-lens-30m-ir-nachtzicht-microfoon-120db-wdr-microsd-poe"},"modified":"2024-04-19T15:14:33","modified_gmt":"2024-04-19T14:14:33","slug":"uniarch-ipc-d314-apkz-4mp-dome-camera","status":"publish","type":"product","link":"https:\/\/webstore4.com\/de\/product\/uniarch-ipc-d314-apkz-4mp-dome-camera\/","title":{"rendered":"Uniview Uniarch IPC-D314-APKZ Full HD 4MP Outdoor-Domekamera mit Varioobjektiv, 30 m IR-Nachtsicht, Mikrofon, 120 dB WDR, microSD, PoE"},"content":{"rendered":"<div class=\"video-frame-box\" style=\"width: 100%; max-width: 480px; max-height: 270px; float: right; padding: 0px 10px 10px 10px;\">\n<div class=\"video-frame\"><iframe src=\"\/\/www.youtube.com\/embed\/oR_O0mi4pC4?rel=0&amp;modestbranding=1&amp;showinfo=0&amp;autohide=1\" width=\"480\" height=\"270\" frameborder=\"0\"><\/iframe><\/div>\n<\/div>\n<p>Die Uniview Uniarch IPC-D314-APKZ ist eine Full HD 4MP Domekamera mit Varioobjektiv, Mikrofon, 30m Smart-Infrarot-Nachtsicht, Bewegungserkennung, microSD-Aufnahmem\u00f6glichkeit und kann \u00fcber das Netzwerkkabel (PoE) mit Strom versorgt werden. Die Kamera ist f\u00fcr den Innen- und Au\u00dfenbereich geeignet. Uniarch ist eine Uniview-Produktlinie mit erschwinglicher Video\u00fcberwachung und einem Fokus auf zuverl\u00e4ssige Qualit\u00e4t, einfache Installation und Benutzerfreundlichkeit.<\/p>\n<p><strong>M\u00f6glichkeiten<\/strong><\/p>\n<p>Der Uniarch IPC-D314-APKZ zeigt Bilder in einer Full-HD-Aufl\u00f6sung von 2560 x 1440 an. Die Kamera verf\u00fcgt \u00fcber ein 2,8\u201312 mm Varifokal-Zoomobjektiv. Die Kamera kann bei Dunkelheit die integrierte IR-Beleuchtung einschalten und liefert so auch bei v\u00f6lliger Dunkelheit (0 Lux) ein gestochen scharfes Bild. Die IR-Beleuchtung hat eine maximale Reichweite von 30 Metern. Die Kamera verf\u00fcgt \u00fcber einen 120 dB Wide Dynamic Range (WDR), wodurch die Kamera auch komplexe Lichtverh\u00e4ltnisse gut bew\u00e4ltigen kann.<\/p>\n<p>Bilder k\u00f6nnen auf einem Netzwerk-Videorecorder (NVR) oder einer microSD-Karte mit bis zu 256 GB (nicht im Lieferumfang enthalten) gespeichert werden. Die Uniarch-Rekorder sind auf der Registerkarte \u201eOptionen\u201c enthalten.<\/p>\n<p>Eine kostenlose mobile App ist f\u00fcr Apple iOS und Android verf\u00fcgbar. Es kann die niederl\u00e4ndische Uniview-App oder die spezifische Uniarch-App (Englisch) verwendet werden. Die Kamera verf\u00fcgt \u00fcber einen internen Webserver, der \u00fcber einen Webbrowser angezeigt und verwaltet werden kann. Auch die Verwaltung der Kameras und Bilder ist mit einem NVR m\u00f6glich. Video Management Software (VMS) f\u00fcr einen Computer kann kostenlos von der Uniview-Website heruntergeladen werden. Unter dem Reiter \u201eDokumentation\u201c gibt es einen Link zur Produktseite des Herstellers mit allen Produktinformationen und Handb\u00fcchern. Die Software kann von der Website heruntergeladen werden.<\/p>\n<p>Die Uniarch IPC-D314-APKZ verf\u00fcgt \u00fcber die Schutzart IP67, wodurch sich die Kamera ideal f\u00fcr den Au\u00dfenbereich eignet. Zur einfacheren Installation kann die Kamera \u00fcber das Netzwerkkabel mit Power over Ethernet (Standard 802.3af P0E) mit Strom versorgt werden. PoE kann \u00fcber einen PoE-NVR beispielsweise von Uniarch, einen PoE-Switch oder mit einem PoE-Injektor bezogen werden. Die Kamera kann auch mit einem optionalen 12-V-Netzteil mit Strom versorgt werden.<br \/>\nUnter dem Reiter \u201eOptionen\u201c k\u00f6nnen Sie angeben, ob ein Adapter enthalten sein soll. Die Montagematerialien sind ebenfalls unter \u201eOptionen\u201c aufgef\u00fchrt. Die Kamera ist \u00fcber 3 Achsen verstellbar. Die Kamera verf\u00fcgt \u00fcber die Vandalismusklassifizierung IK10.<\/p>\n<p>Auf der Registerkarte \u201eDokumentation\u201c finden Sie einen Link zum Datenblatt und zur Website des Herstellers.<\/p>\n<p><strong>Wichtigste Funktionen<\/strong><\/p>\n<ul>\n<li>4-Megapixel-Full-HD-Au\u00dfenkamera<\/li>\n<li>Einfache Installation<\/li>\n<li>Kostenlose App und Software<\/li>\n<li>Bewegungserkennung<\/li>\n<li>Tag-\/Nachtkamera mit automatischem mechanischem IR-Sperrfilter<\/li>\n<li>IR-Nachtsichtbeleuchtung bis zu 30 Meter<\/li>\n<li>Eingebautes Mikrophon<\/li>\n<li>Zoomobjektiv<\/li>\n<li>Auf 3 Achsen verstellbar<\/li>\n<li>Vandalismussicherheit IK10<\/li>\n<li>120 dB breiter Dynamikbereich (WDR)<\/li>\n<li>Ultra H.265-Komprimierung f\u00fcr effiziente Netzwerk- und Speichernutzung<\/li>\n<li>ONVIF-kompatibel<\/li>\n<li>Stromversorgung \u00fcber 12VDC-Adapter oder \u00fcber PoE (802.3af)<\/li>\n<\/ul>\n<p><a href=\"https:\/\/www.webstore4ipcameras.nl\/Copyright\" target=\"_blank\" rel=\"noopener\"><span style=\"color: #ff6e03; font-size: 11px;\">\u00a9 Der Text ist urheberrechtlich gesch\u00fctzt<\/span><\/a><\/p>","protected":false},"excerpt":{"rendered":"<p>De Uniview Uniarch IPC-D314-APKZ is een Full HD 4MP dome camera met een varifocale lens, microfoon, 30m smart infrarood nachtzicht, bewegingsdetectie, microSD opname mogelijkheid en kan van stroom worden voorzien via de netwerkkabel (PoE). De camera is geschikt voor binnen of buiten. Uniarch is een productlijn van Uniview met voordelige videobewaking\u00a0en met focus op betrouwbare<\/p>\n<div class=\"klb-readmore button\"><a class=\"btn link\" href=\"https:\/\/webstore4.com\/de\/product\/uniarch-ipc-d314-apkz-4mp-dome-camera\/\">Mehr lesen <i class=\"klbth-icon-right-arrow\"><\/i><\/a><\/div>","protected":false},"featured_media":14552,"comment_status":"open","ping_status":"closed","template":"","meta":[],"pwb-brand":[3415],"product_cat":[3435,4184,4219,4198,4238],"product_tag":[],"class_list":{"0":"post-10295","1":"product","2":"type-product","3":"status-publish","4":"has-post-thumbnail","6":"pwb-brand-uniview-uniarch","7":"product_cat-ip-cameras","8":"product_cat-cameras","9":"product_cat-bullet-box-cameras-cameras","10":"product_cat-series","11":"product_cat-uniarch-by-uniview-series","12":"product_shipping_class-pakket","13":"pa_beeldhoek-graden-horizontaal-30-86-102-79","14":"pa_beeldsensor-1-2-7-cmos","15":"pa_dag-nacht-ir-cut-filter-ja","16":"pa_geheugenkaart-type-micro-sdsdhcsdxc-256gb","17":"pa_ingebouwd-type-nachtzicht-infrared-ir-led","18":"pa_lens-mm-2-8-12","19":"pa_megapixel-4mp","20":"pa_merk-uniview-uniarch","21":"pa_minimale-verlichting-0-005-lux-0-lux-met-ir","22":"pa_mobiele-app-fabrikant-ja","23":"pa_nachtzicht-ja","24":"pa_omgeving-binnen-en-buiten","25":"pa_opnemen-op-sd-kaart-ja","26":"pa_poe-802-3af","27":"pa_resolutie-max-pixels-full-hd-2560x1440","28":"pa_vandaalbestendig-ik10","29":"pa_verstelbare-assen-3631","30":"pa_voeding-12vdc","31":"pa_voeding-poe","32":"pa_wdr-ja","34":"first","35":"onbackorder","36":"taxable","37":"shipping-taxable","38":"purchasable","39":"product-type-simple"},"brands":[{"id":3415,"name":"Uniview Uniarch","slug":"uniview-uniarch"}],"_links":{"self":[{"href":"https:\/\/webstore4.com\/de\/wp-json\/wp\/v2\/product\/10295","targetHints":{"allow":["GET"]}}],"collection":[{"href":"https:\/\/webstore4.com\/de\/wp-json\/wp\/v2\/product"}],"about":[{"href":"https:\/\/webstore4.com\/de\/wp-json\/wp\/v2\/types\/product"}],"replies":[{"embeddable":true,"href":"https:\/\/webstore4.com\/de\/wp-json\/wp\/v2\/comments?post=10295"}],"wp:featuredmedia":[{"embeddable":true,"href":"https:\/\/webstore4.com\/de\/wp-json\/wp\/v2\/media\/14552"}],"wp:attachment":[{"href":"https:\/\/webstore4.com\/de\/wp-json\/wp\/v2\/media?parent=10295"}],"wp:term":[{"taxonomy":"pwb-brand","embeddable":true,"href":"https:\/\/webstore4.com\/de\/wp-json\/wp\/v2\/pwb-brand?post=10295"},{"taxonomy":"product_cat","embeddable":true,"href":"https:\/\/webstore4.com\/de\/wp-json\/wp\/v2\/product_cat?post=10295"},{"taxonomy":"product_tag","embeddable":true,"href":"https:\/\/webstore4.com\/de\/wp-json\/wp\/v2\/product_tag?post=10295"}],"curies":[{"name":"wp","href":"https:\/\/api.w.org\/{rel}","templated":true}]}}