{"id":10280,"date":"2022-01-04T13:23:02","date_gmt":"2022-01-04T11:23:02","guid":{"rendered":"https:\/\/webstore4.com\/\/?product=uni-t-ut300h-infrarood-precisie-lichaamstemperatuur-thermometer-met-display"},"modified":"2025-02-26T08:40:00","modified_gmt":"2025-02-26T07:40:00","slug":"uni-t-ut300h-infrarood-precisie-lichaamstemperatuur-thermometer-met-display","status":"publish","type":"product","link":"https:\/\/webstore4.com\/de\/product\/uni-t-ut300h-infrarood-precisie-lichaamstemperatuur-thermometer-met-display\/","title":{"rendered":"UNI-T UT300H Infrarot-Pr\u00e4zisions-K\u00f6rpertemperaturthermometer mit Display"},"content":{"rendered":"<p>Das UNI-T UT300H ist ein Infrarot-Pr\u00e4zisionsthermometer mit Display zur ber\u00fchrungslosen Messung der K\u00f6rpertemperatur.<\/p>\n<p><strong>Haupteigenschaften<\/strong><\/p>\n<ul>\n<li>Infrarot Thermometer<\/li>\n<li>Direkte Messung<\/li>\n<li>Hohe Messgenauigkeit \u00b1 0,3 \u00b0C<\/li>\n<li>Messbereich 32 \u00b0C ~ 43 \u00b0C<\/li>\n<li>Ber\u00fchrungslose Messung<\/li>\n<li>Akustischer Alarm bei hoher Temperatur<\/li>\n<li>Extra wei\u00dfes Licht<\/li>\n<li>Batteriebetrieben (nicht im Lieferumfang enthalten)<\/li>\n<\/ul>\n<p><a href=\"https:\/\/www.webstore4ipcameras.nl\/Copyright\" target=\"_blank\" rel=\"noopener\"><span style=\"color: #ff6e03; font-size: 11px;\">\u00a9 Der Text ist urheberrechtlich gesch\u00fctzt<\/span><\/a><\/p>","protected":false},"excerpt":{"rendered":"<p>De UNI-T UT300H\u00a0is een infrarood precisie thermometer met display voor het contactloos meten van\u00a0lichaamstemperatuur. Belangrijkste eigenschappen Infrarood thermometer Directe meting Hoge meetnauwkeurigheid \u00b1 0,3\u00baC Meetbereik 32\u00baC ~ 43\u00baC Contactloze meting Geluidsalarm op hoge temperatuur Extra wit licht Op batterij (niet meegeleverd) \u00a9 Tekst is auteursrechtelijk beschermd<\/p>","protected":false},"featured_media":10281,"comment_status":"closed","ping_status":"closed","template":"","meta":[],"pwb-brand":[3422],"product_cat":[3441,3461],"product_tag":[],"class_list":{"0":"post-10280","1":"product","2":"type-product","3":"status-publish","4":"has-post-thumbnail","6":"pwb-brand-uni-t","7":"product_cat-benodigdheden","8":"product_cat-testers","9":"pa_merk-uni-t","10":"pa_test-voor-temperatuur","12":"first","13":"instock","14":"taxable","15":"shipping-taxable","16":"purchasable","17":"product-type-simple"},"brands":[{"id":3422,"name":"UNI-T","slug":"uni-t"}],"_links":{"self":[{"href":"https:\/\/webstore4.com\/de\/wp-json\/wp\/v2\/product\/10280","targetHints":{"allow":["GET"]}}],"collection":[{"href":"https:\/\/webstore4.com\/de\/wp-json\/wp\/v2\/product"}],"about":[{"href":"https:\/\/webstore4.com\/de\/wp-json\/wp\/v2\/types\/product"}],"replies":[{"embeddable":true,"href":"https:\/\/webstore4.com\/de\/wp-json\/wp\/v2\/comments?post=10280"}],"wp:featuredmedia":[{"embeddable":true,"href":"https:\/\/webstore4.com\/de\/wp-json\/wp\/v2\/media\/10281"}],"wp:attachment":[{"href":"https:\/\/webstore4.com\/de\/wp-json\/wp\/v2\/media?parent=10280"}],"wp:term":[{"taxonomy":"pwb-brand","embeddable":true,"href":"https:\/\/webstore4.com\/de\/wp-json\/wp\/v2\/pwb-brand?post=10280"},{"taxonomy":"product_cat","embeddable":true,"href":"https:\/\/webstore4.com\/de\/wp-json\/wp\/v2\/product_cat?post=10280"},{"taxonomy":"product_tag","embeddable":true,"href":"https:\/\/webstore4.com\/de\/wp-json\/wp\/v2\/product_tag?post=10280"}],"curies":[{"name":"wp","href":"https:\/\/api.w.org\/{rel}","templated":true}]}}