{"id":10278,"date":"2021-12-29T16:41:40","date_gmt":"2021-12-29T14:41:40","guid":{"rendered":"https:\/\/webstore4.com\/\/?product=wl4-el-c-1-elektrisch-slot-voor-locker-kast-cabinet-met-automatische-opendrukken-van-deur-bij-opening-slot"},"modified":"2025-05-21T13:18:33","modified_gmt":"2025-05-21T12:18:33","slug":"wl4-el-c-1-elektrisch-slot-voor-locker-kast","status":"publish","type":"product","link":"https:\/\/webstore4.com\/de\/product\/wl4-el-c-1-elektrisch-slot-voor-locker-kast\/","title":{"rendered":"Elektroschloss WL4 EL-C-1 f\u00fcr Schlie\u00dffachschrank mit automatischem Zudr\u00fccken der T\u00fcr beim \u00d6ffnen des Schlosses"},"content":{"rendered":"<p>De WL4 EL-C-1 is een elektrisch slot voor bijvoorbeeld een locker kast. Het slot heeft een veer voor het automatische opendrukken van de deur bij opening van het slot. Het slot is geschikt voor deuren die links of rechts hangen.<\/p>\n<p>Voeding vindt plaats door een 12VDC\/1.8A voedingsadapter. Een geschikte adapter wordt niet meegeleverd, maar kan mee besteld worden onder &#8216;Opties&#8217;.<\/p>\n<p><strong>Wichtige Funktionen<\/strong><\/p>\n<ul>\n<li>Ideal f\u00fcr Schlie\u00dffachschr\u00e4nke<\/li>\n<li>Bei Stromausfall wird das Schloss geschlossen<\/li>\n<li>Automatisch \u00f6ffnende T\u00fcr<\/li>\n<li>T\u00fcr nach rechts oder links<\/li>\n<li>Ausgabe des Sperrstatus<\/li>\n<li>12 VDC\/1,8 A<\/li>\n<li>Chromfarbe<\/li>\n<\/ul>\n<p><a href=\"https:\/\/webstore4.com\/Copyright\/\" target=\"_blank\" rel=\"noopener\"><span style=\"color: #ff6e03; font-size: 11px;\">\u00a9 Der Text ist urheberrechtlich gesch\u00fctzt<\/span><\/a><\/p>","protected":false},"excerpt":{"rendered":"<p>De WL4 EL-C-1 is een elektrisch slot voor bijvoorbeeld een locker kast. Het slot heeft een veer voor het automatische opendrukken van de deur bij opening van het slot. Het slot is geschikt voor deuren die links of rechts hangen. Voeding vindt plaats door een 12VDC\/1.8A voedingsadapter. Een geschikte adapter wordt niet meegeleverd, maar kan<\/p>\n<div class=\"klb-readmore button\"><a class=\"btn link\" href=\"https:\/\/webstore4.com\/de\/product\/wl4-el-c-1-elektrisch-slot-voor-locker-kast\/\">Mehr lesen <i class=\"klbth-icon-right-arrow\"><\/i><\/a><\/div>","protected":false},"featured_media":10279,"comment_status":"open","ping_status":"closed","template":"","meta":[],"pwb-brand":[3380],"product_cat":[4191,4197],"product_tag":[],"class_list":{"0":"post-10278","1":"product","2":"type-product","3":"status-publish","4":"has-post-thumbnail","6":"pwb-brand-wl4","7":"product_cat-access","8":"product_cat-elektrische-sloten","9":"product_shipping_class-pakket","10":"pa_bewegingssensor-nee","11":"pa_garantie-2-jaar","12":"pa_merk-wl4","13":"pa_montage-inbouw","14":"pa_omgeving-binnen","15":"pa_product-kast-slot","16":"pa_voeding-12vdc","18":"first","19":"onbackorder","20":"taxable","21":"shipping-taxable","22":"purchasable","23":"product-type-simple"},"brands":[{"id":3380,"name":"WL4","slug":"wl4"}],"_links":{"self":[{"href":"https:\/\/webstore4.com\/de\/wp-json\/wp\/v2\/product\/10278","targetHints":{"allow":["GET"]}}],"collection":[{"href":"https:\/\/webstore4.com\/de\/wp-json\/wp\/v2\/product"}],"about":[{"href":"https:\/\/webstore4.com\/de\/wp-json\/wp\/v2\/types\/product"}],"replies":[{"embeddable":true,"href":"https:\/\/webstore4.com\/de\/wp-json\/wp\/v2\/comments?post=10278"}],"wp:featuredmedia":[{"embeddable":true,"href":"https:\/\/webstore4.com\/de\/wp-json\/wp\/v2\/media\/10279"}],"wp:attachment":[{"href":"https:\/\/webstore4.com\/de\/wp-json\/wp\/v2\/media?parent=10278"}],"wp:term":[{"taxonomy":"pwb-brand","embeddable":true,"href":"https:\/\/webstore4.com\/de\/wp-json\/wp\/v2\/pwb-brand?post=10278"},{"taxonomy":"product_cat","embeddable":true,"href":"https:\/\/webstore4.com\/de\/wp-json\/wp\/v2\/product_cat?post=10278"},{"taxonomy":"product_tag","embeddable":true,"href":"https:\/\/webstore4.com\/de\/wp-json\/wp\/v2\/product_tag?post=10278"}],"curies":[{"name":"wp","href":"https:\/\/api.w.org\/{rel}","templated":true}]}}