{"id":10271,"date":"2021-12-28T13:46:45","date_gmt":"2021-12-28T11:46:45","guid":{"rendered":"https:\/\/webstore4.com\/\/?product=hikvision-hs-tf-c1128g-128gb-microsd-geheugenkaart-voor-bewakingscameras"},"modified":"2026-01-05T19:03:21","modified_gmt":"2026-01-05T18:03:21","slug":"hikvision-hs-tf-c1128g-128gb-microsd","status":"publish","type":"product","link":"https:\/\/webstore4.com\/de\/product\/hikvision-hs-tf-c1128g-128gb-microsd\/","title":{"rendered":"Hikvision HS-TF-C1\/128G 128 GB microSD-Speicherkarte f\u00fcr \u00dcberwachungskameras"},"content":{"rendered":"<p>Die Hikvision HS-TF-C1 STD\/128G ist eine standardm\u00e4\u00dfige microSD-Speicherkarte mit 128 GB, die speziell f\u00fcr die Speicherung von Fotos und HD-Videobildern entwickelt wurde.<\/p>\n<p>Hikvision bietet eine breite Palette an Sicherheitsmaterialien in den Kategorien \u00dcberwachungskameras und Alarmsysteme. Die 32 GB gro\u00dfe microSD-Speicherkarte kann f\u00fcr mehrere Kameras verwendet werden, ist aber auch universell in anderen Produkten wie Smartphones, Tablets, Laptops, Druckern und einigen Spielekonsolen einsetzbar.<\/p>\n<p>Der microSD-Speicherkarte liegt ein Adapter bei. Der Adapter kann Schutz bieten, wenn die Speicherkarte nicht verwendet wird. Dar\u00fcber hinaus erm\u00f6glicht der Adapter die Nutzung der microSD-Speicherkarte f\u00fcr Ger\u00e4te, die \u00fcber einen SD-Slot verf\u00fcgen. Dies ist bei vielen Computern der Fall, sodass die Daten\u00fcbertragung mit dem mitgelieferten Adapter weiterhin einfach und schnell m\u00f6glich ist.<\/p>\n<p><strong>Eigenschaften<\/strong><\/p>\n<ul>\n<li>Klasse 30<\/li>\n<li>92 MB\/s<\/li>\n<li>Mit Adapter<\/li>\n<\/ul>\n<p><a href=\"https:\/\/www.webstore4ipcameras.nl\/Copyright\" target=\"_blank\" rel=\"noopener\"><span style=\"color: #ff6e03; font-size: 11px;\">\u00a9 Der Text ist urheberrechtlich gesch\u00fctzt<\/span><\/a><\/p>","protected":false},"excerpt":{"rendered":"<p>De Hikvision HS-TF-C1 STD\/128G is een standaard 128GB microSD geheugenkaart speciaal ontworpen voor opslag van foto&#8217;s en HD video beelden. Hikvision biedt een breed programma aan beveiligingsmaterialen in de categorie\u00ebn beveiligingscamera&#8217;s en alarmsystemen. De 128GB microSD geheugenkaart kan voor meerdere camera&#8217;s gebruikt worden, maar is ook universeel toepasbaar in andere producten zoals smartphones, tablets, laptops,<\/p>\n<div class=\"klb-readmore button\"><a class=\"btn link\" href=\"https:\/\/webstore4.com\/de\/product\/hikvision-hs-tf-c1128g-128gb-microsd\/\">Mehr lesen <i class=\"klbth-icon-right-arrow\"><\/i><\/a><\/div>","protected":false},"featured_media":10272,"comment_status":"open","ping_status":"closed","template":"","meta":[],"pwb-brand":[3367],"product_cat":[3441,4210],"product_tag":[],"class_list":{"0":"post-10271","1":"product","2":"type-product","3":"status-publish","4":"has-post-thumbnail","6":"pwb-brand-hikvision","7":"product_cat-benodigdheden","8":"product_cat-recorders-opslagmedia-benodigdheden","9":"product_shipping_class-brievenbuspakket","10":"pa_capaciteit-128gb","11":"pa_klasse-class-10-u1","12":"pa_merk-hikvision","13":"pa_product-sd-kaart","14":"pa_product-status-d","15":"pa_type-microsdhc","17":"first","18":"instock","19":"taxable","20":"shipping-taxable","21":"purchasable","22":"product-type-simple"},"brands":[{"id":3367,"name":"Hikvision","slug":"hikvision"}],"_links":{"self":[{"href":"https:\/\/webstore4.com\/de\/wp-json\/wp\/v2\/product\/10271","targetHints":{"allow":["GET"]}}],"collection":[{"href":"https:\/\/webstore4.com\/de\/wp-json\/wp\/v2\/product"}],"about":[{"href":"https:\/\/webstore4.com\/de\/wp-json\/wp\/v2\/types\/product"}],"replies":[{"embeddable":true,"href":"https:\/\/webstore4.com\/de\/wp-json\/wp\/v2\/comments?post=10271"}],"wp:featuredmedia":[{"embeddable":true,"href":"https:\/\/webstore4.com\/de\/wp-json\/wp\/v2\/media\/10272"}],"wp:attachment":[{"href":"https:\/\/webstore4.com\/de\/wp-json\/wp\/v2\/media?parent=10271"}],"wp:term":[{"taxonomy":"pwb-brand","embeddable":true,"href":"https:\/\/webstore4.com\/de\/wp-json\/wp\/v2\/pwb-brand?post=10271"},{"taxonomy":"product_cat","embeddable":true,"href":"https:\/\/webstore4.com\/de\/wp-json\/wp\/v2\/product_cat?post=10271"},{"taxonomy":"product_tag","embeddable":true,"href":"https:\/\/webstore4.com\/de\/wp-json\/wp\/v2\/product_tag?post=10271"}],"curies":[{"name":"wp","href":"https:\/\/api.w.org\/{rel}","templated":true}]}}