{"id":10263,"date":"2021-12-26T19:50:10","date_gmt":"2021-12-26T17:50:10","guid":{"rendered":"https:\/\/webstore4.com\/\/?product=wl4-fer-150-17-adereindhuls-1-5mm2-awg16-per-100-stuks"},"modified":"2024-05-02T11:12:22","modified_gmt":"2024-05-02T10:12:22","slug":"wl4-fer-150-17-adereindhuls-1-5mm2-awg16-per-100-stuks","status":"publish","type":"product","link":"https:\/\/webstore4.com\/de\/product\/wl4-fer-150-17-adereindhuls-1-5mm2-awg16-per-100-stuks\/","title":{"rendered":"WL4 FER-150-17 Aderendh\u00fclse \u2013 1,5 mm2 \u2013 AWG16 \u2013 pro 100 St\u00fcck"},"content":{"rendered":"<p>Die WL4 FER-150-17 ist eine professionelle Aderendh\u00fclse mit 1,5 mm2 (AWG16) und wird pro 100 St\u00fcck verkauft. Der WL4 FER-150-17 verf\u00fcgt \u00fcber einen Kupferkern (Cu), der verzinnt (Sn) ist. Unter dem Reiter \u201eVerwandt\u201c finden Sie ein passendes Crimpwerkzeug und eine Sortierbox.<\/p>\n<p><img decoding=\"async\" style=\"height: 100%; margin: 20px 10px; width: 100%;\" src=\"https:\/\/webstore4.com\/wp-content\/uploads\/content\/WL4-FER-1.5-17-DIM-WebStore4.jpg\" alt=\"Ferrule 15-17\" \/><\/p>\n<p><a href=\"https:\/\/www.webstore4ipcameras.nl\/Copyright\" target=\"_blank\" rel=\"noopener\"><span style=\"color: #ff6e03; font-size: 11px;\">\u00a9 Der Text ist urheberrechtlich gesch\u00fctzt<\/span><\/a><\/p>","protected":false},"excerpt":{"rendered":"<p>De\u00a0WL4 FER-150-17 is een professionele adereindhuls 1.5mm2 (AWG16) en wordt verkocht per 100 stuks. De\u00a0WL4 FER-150-17 heeft een koper (Cu) kern die is vertind (Sn). Onder het tabblad &#8220;Gerelateerd&#8221; is een geschikte krimptang opgenomen en een sorteerdoos. \u00a9 Tekst is auteursrechtelijk beschermd<\/p>","protected":false},"featured_media":10264,"comment_status":"closed","ping_status":"closed","template":"","meta":[],"pwb-brand":[3380],"product_cat":[3441,3450],"product_tag":[],"class_list":{"0":"post-10263","1":"product","2":"type-product","3":"status-publish","4":"has-post-thumbnail","6":"pwb-brand-wl4","7":"product_cat-benodigdheden","8":"product_cat-montage","9":"pa_merk-wl4","11":"first","12":"instock","13":"taxable","14":"shipping-taxable","15":"purchasable","16":"product-type-simple"},"brands":[{"id":3380,"name":"WL4","slug":"wl4"}],"_links":{"self":[{"href":"https:\/\/webstore4.com\/de\/wp-json\/wp\/v2\/product\/10263","targetHints":{"allow":["GET"]}}],"collection":[{"href":"https:\/\/webstore4.com\/de\/wp-json\/wp\/v2\/product"}],"about":[{"href":"https:\/\/webstore4.com\/de\/wp-json\/wp\/v2\/types\/product"}],"replies":[{"embeddable":true,"href":"https:\/\/webstore4.com\/de\/wp-json\/wp\/v2\/comments?post=10263"}],"wp:featuredmedia":[{"embeddable":true,"href":"https:\/\/webstore4.com\/de\/wp-json\/wp\/v2\/media\/10264"}],"wp:attachment":[{"href":"https:\/\/webstore4.com\/de\/wp-json\/wp\/v2\/media?parent=10263"}],"wp:term":[{"taxonomy":"pwb-brand","embeddable":true,"href":"https:\/\/webstore4.com\/de\/wp-json\/wp\/v2\/pwb-brand?post=10263"},{"taxonomy":"product_cat","embeddable":true,"href":"https:\/\/webstore4.com\/de\/wp-json\/wp\/v2\/product_cat?post=10263"},{"taxonomy":"product_tag","embeddable":true,"href":"https:\/\/webstore4.com\/de\/wp-json\/wp\/v2\/product_tag?post=10263"}],"curies":[{"name":"wp","href":"https:\/\/api.w.org\/{rel}","templated":true}]}}