{"id":10251,"date":"2021-12-26T18:30:14","date_gmt":"2021-12-26T16:30:14","guid":{"rendered":"https:\/\/webstore4.com\/\/?product=wl4-fer-crimp-krimptang-voor-adereindhulzen-kabelschoenen"},"modified":"2024-04-19T15:14:23","modified_gmt":"2024-04-19T14:14:23","slug":"wl4-fer-crimp-krimptang","status":"publish","type":"product","link":"https:\/\/webstore4.com\/de\/product\/wl4-fer-crimp-krimptang\/","title":{"rendered":"WL4 FER-CRIMP Crimpzange f\u00fcr Aderendh\u00fclsen - Kabelschuhe"},"content":{"rendered":"<p>Das WL4 FER-CRIMP ist ein professionelles Crimpwerkzeug f\u00fcr Aderendh\u00fclsen 0,25 \/ 0,5 \/ 0,75 \/ 1,0 \/ 1,5 \/ 2,5 mm. Der WL4 FER-CRIMP f\u00fcr Aderendh\u00fclsen ist ein Werkzeug zum sicheren Verbinden von Aderendh\u00fclsen mit den Enden von Dr\u00e4hten. Diese Zange dient zum Zusammendr\u00fccken der Aderendh\u00fclsen und stellt so eine zuverl\u00e4ssige elektrische Verbindung zwischen dem Draht und einem Anschluss oder einer Klemme her.<\/p>\n<p>Unter \u201eOptionen\u201c k\u00f6nnen verschiedene Aderendh\u00fclsen bestellt werden.<\/p>\n<p><strong>Wichtigste Funktionen<\/strong><\/p>\n<ul>\n<li>Verwendbar f\u00fcr 0,25 \/ 0,5 \/ 0,75 \/ 1,0 \/ 1,5 \/ 2,5 mm<\/li>\n<li>Bequemer Griff<\/li>\n<\/ul>\n<p><a href=\"https:\/\/www.webstore4ipcameras.nl\/Copyright\" target=\"_blank\" rel=\"noopener\"><span style=\"color: #ff6e03; font-size: 11px;\">\u00a9 Der Text ist urheberrechtlich gesch\u00fctzt<\/span><\/a><\/p>","protected":false},"excerpt":{"rendered":"<p>De WL4 FER-CRIMP is een professionele krimptang voor adereind hulzen 0.25 \/ 0.5 \/ 0.75 \/ 1.0 \/ 1.5 \/ 2.5 mm. De WL4 FER-CRIMP voor adereindhulzen is een gereedschap dat wordt gebruikt om adereindhulzen stevig aan te sluiten op de uiteinden van draden. Deze tangen zijn ontworpen om de adereindhulzen samen te drukken, waardoor<\/p>\n<div class=\"klb-readmore button\"><a class=\"btn link\" href=\"https:\/\/webstore4.com\/de\/product\/wl4-fer-crimp-krimptang\/\">Mehr lesen <i class=\"klbth-icon-right-arrow\"><\/i><\/a><\/div>","protected":false},"featured_media":13454,"comment_status":"open","ping_status":"closed","template":"","meta":[],"pwb-brand":[3380],"product_cat":[3441,4203],"product_tag":[],"class_list":{"0":"post-10251","1":"product","2":"type-product","3":"status-publish","4":"has-post-thumbnail","6":"pwb-brand-wl4","7":"product_cat-benodigdheden","8":"product_cat-gereedschap","9":"product_shipping_class-pakket","10":"pa_merk-wl4","12":"first","13":"instock","14":"taxable","15":"shipping-taxable","16":"purchasable","17":"product-type-simple"},"brands":[{"id":3380,"name":"WL4","slug":"wl4"}],"_links":{"self":[{"href":"https:\/\/webstore4.com\/de\/wp-json\/wp\/v2\/product\/10251","targetHints":{"allow":["GET"]}}],"collection":[{"href":"https:\/\/webstore4.com\/de\/wp-json\/wp\/v2\/product"}],"about":[{"href":"https:\/\/webstore4.com\/de\/wp-json\/wp\/v2\/types\/product"}],"replies":[{"embeddable":true,"href":"https:\/\/webstore4.com\/de\/wp-json\/wp\/v2\/comments?post=10251"}],"wp:featuredmedia":[{"embeddable":true,"href":"https:\/\/webstore4.com\/de\/wp-json\/wp\/v2\/media\/13454"}],"wp:attachment":[{"href":"https:\/\/webstore4.com\/de\/wp-json\/wp\/v2\/media?parent=10251"}],"wp:term":[{"taxonomy":"pwb-brand","embeddable":true,"href":"https:\/\/webstore4.com\/de\/wp-json\/wp\/v2\/pwb-brand?post=10251"},{"taxonomy":"product_cat","embeddable":true,"href":"https:\/\/webstore4.com\/de\/wp-json\/wp\/v2\/product_cat?post=10251"},{"taxonomy":"product_tag","embeddable":true,"href":"https:\/\/webstore4.com\/de\/wp-json\/wp\/v2\/product_tag?post=10251"}],"curies":[{"name":"wp","href":"https:\/\/api.w.org\/{rel}","templated":true}]}}