{"id":10241,"date":"2021-12-26T16:59:13","date_gmt":"2021-12-26T14:59:13","guid":{"rendered":"https:\/\/webstore4.com\/\/?product=wl4-iso-b-3-amal-vulkaniserende-tape-zelf-fuserend-zwart-3-meter-19mm"},"modified":"2024-05-02T13:02:20","modified_gmt":"2024-05-02T12:02:20","slug":"wl4-iso-b-3-amal-vulkaniserende-tape","status":"publish","type":"product","link":"https:\/\/webstore4.com\/de\/product\/wl4-iso-b-3-amal-vulkaniserende-tape\/","title":{"rendered":"WL4 ISO-B-3-AMAL Vulkanisierband \u2013 selbstverschmelzend \u2013 schwarz \u2013 3 Meter \u2013 19 mm"},"content":{"rendered":"<p>Das WL4 ISO-B-3-AMAL ist eine Rolle Vulkanisierband in Schwarz. Die L\u00e4nge betr\u00e4gt 3 Meter und die Breite 19 mm.<\/p>\n<p>Das vulkanisierende (selbstverschmelzende) Band WL4 ISO-B-3-AMAL basiert auf PIB-Kautschuk (Polyisobutylen). Das Band wird h\u00e4ufig zum Abdichten von Kabelverbindungen sowohl bei Innen- als auch bei Au\u00dfeninstallationen verwendet. Durch die richtige Anwendung des Bandes ist eine vollst\u00e4ndige Wasserdichtigkeit f\u00fcr S\u00fc\u00df- und Meerwasser in einem weiten Temperaturbereich gew\u00e4hrleistet. Die Klebebandrolle ist mit einer Einweg-Kunststoffabdeckung ausgekleidet, die vor dem Anbringen des Klebebands entfernt werden muss.<\/p>\n<p>Korrekte Anwendung des Klebebands: Das Klebeband enth\u00e4lt keinen Klebstoff, die Abdichtung der Verbindung erfolgt durch den Selbstverbindungsprozess aufeinanderfolgender Klebebandschichten. Die Oberfl\u00e4chen zum Anbringen des Klebebandes m\u00fcssen sauber, trocken, frei von Staub, Fett, \u00d6l und anderen Verunreinigungen sein. Die Anwendungsmethode besteht darin, das Klebeband (ohne Kunststoffbeschichtung) um das Objekt zu wickeln, es so weit zu dehnen, dass die Breite auf etwa 2\/3 reduziert wird und 50% \u00fcberlappt. Es gew\u00e4hrleistet eine gute Haftung des Bandes am zu sch\u00fctzenden Objekt und zwischen den Schichten. Die Spannung des Bandes beim Wickeln ist sehr wichtig, da sie eine gute Haftung gew\u00e4hrleistet. Abh\u00e4ngig von der Umgebungstemperatur verschmelzen die Schichten innerhalb weniger Stunden miteinander, jedoch nicht mit dem Untergrund. Der vollst\u00e4ndige Selbstschmelzvorgang dauert bei Raumtemperatur (20 \u00b0C) etwa 24 Stunden.<\/p>\n<p><a href=\"https:\/\/www.webstore4ipcameras.nl\/Copyright\" target=\"_blank\" rel=\"noopener\"><span style=\"color: #ff6e03; font-size: 11px;\">\u00a9 Der Text ist urheberrechtlich gesch\u00fctzt<\/span><\/a><\/p>","protected":false},"excerpt":{"rendered":"<p>De WL4 ISO-B-3-AMAL is een rol vulkaniserende tape in de kleur zwart. De lengte is \u00a03 meter en breedte 19mm. De WL4 ISO-B-3-AMAL\u00a0vulkaniserende (zelf fuserend) tape is gebaseerd op PIB (Polyisobutyleen) rubber. De tape wordt veel gebruikt voor het afdichten van kabelverbindingen in zowel binnen- als buiteninstallaties. Correcte toepassing van de tape zorgt voor totale<\/p>\n<div class=\"klb-readmore button\"><a class=\"btn link\" href=\"https:\/\/webstore4.com\/de\/product\/wl4-iso-b-3-amal-vulkaniserende-tape\/\">Mehr lesen <i class=\"klbth-icon-right-arrow\"><\/i><\/a><\/div>","protected":false},"featured_media":10242,"comment_status":"open","ping_status":"closed","template":"","meta":[],"pwb-brand":[3380],"product_cat":[3441,3450],"product_tag":[],"class_list":{"0":"post-10241","1":"product","2":"type-product","3":"status-publish","4":"has-post-thumbnail","6":"pwb-brand-wl4","7":"product_cat-benodigdheden","8":"product_cat-montage","9":"product_shipping_class-pakket","10":"pa_merk-wl4","12":"first","13":"onbackorder","14":"taxable","15":"shipping-taxable","16":"purchasable","17":"product-type-simple"},"brands":[{"id":3380,"name":"WL4","slug":"wl4"}],"_links":{"self":[{"href":"https:\/\/webstore4.com\/de\/wp-json\/wp\/v2\/product\/10241","targetHints":{"allow":["GET"]}}],"collection":[{"href":"https:\/\/webstore4.com\/de\/wp-json\/wp\/v2\/product"}],"about":[{"href":"https:\/\/webstore4.com\/de\/wp-json\/wp\/v2\/types\/product"}],"replies":[{"embeddable":true,"href":"https:\/\/webstore4.com\/de\/wp-json\/wp\/v2\/comments?post=10241"}],"wp:featuredmedia":[{"embeddable":true,"href":"https:\/\/webstore4.com\/de\/wp-json\/wp\/v2\/media\/10242"}],"wp:attachment":[{"href":"https:\/\/webstore4.com\/de\/wp-json\/wp\/v2\/media?parent=10241"}],"wp:term":[{"taxonomy":"pwb-brand","embeddable":true,"href":"https:\/\/webstore4.com\/de\/wp-json\/wp\/v2\/pwb-brand?post=10241"},{"taxonomy":"product_cat","embeddable":true,"href":"https:\/\/webstore4.com\/de\/wp-json\/wp\/v2\/product_cat?post=10241"},{"taxonomy":"product_tag","embeddable":true,"href":"https:\/\/webstore4.com\/de\/wp-json\/wp\/v2\/product_tag?post=10241"}],"curies":[{"name":"wp","href":"https:\/\/api.w.org\/{rel}","templated":true}]}}