{"id":10217,"date":"2021-12-25T16:38:40","date_gmt":"2021-12-25T14:38:40","guid":{"rendered":"https:\/\/webstore4.com\/\/?product=anka-aj-762si-rookmelder-voldoet-aan-en146042005ac2008-norm-kan-zelfstandig-werken-en-onderling-verbinden-10-jaar-levensduur-accu"},"modified":"2024-11-07T06:46:42","modified_gmt":"2024-11-07T05:46:42","slug":"anka-aj-762si-rookmelder","status":"publish","type":"product","link":"https:\/\/webstore4.com\/de\/product\/anka-aj-762si-rookmelder\/","title":{"rendered":"ANKA AJ-762SI Rauchmelder entspricht der Norm EN14604:2005+AC:2008, kann unabh\u00e4ngig arbeiten und miteinander verbunden werden \u2013 10 Jahre Batterielebensdauer"},"content":{"rendered":"<div class=\"video-frame-box\" style=\"width: 100%; max-width: 480px; max-height: 270px; float: right; padding: 0px 10px 10px 10px;\">\n<div class=\"video-frame\"><iframe src=\"\/\/www.youtube.com\/embed\/5wgsq7Tj1-I?rel=0&amp;modestbranding=1&amp;showinfo=0&amp;autohide=1\" width=\"480\" height=\"270\" frameborder=\"0\"><\/iframe><\/div>\n<\/div>\n<p>Der ANKA AJ-762SI ist ein Rauchmelder, der der Norm EN14604:2005+AC:2008 entspricht und unabh\u00e4ngig arbeiten und miteinander verbunden werden kann. Es k\u00f6nnen maximal 30 ANKA AJ-762SI miteinander verbunden werden. Die maximale Reichweite betr\u00e4gt 25 Meter. Der Rauchmelder und die Batterie haben eine Lebensdauer von 10 Jahren.<\/p>\n<p>Der ANKA AJ-762SI wird h\u00e4ufig in Wohnh\u00e4usern oder Gewerbegeb\u00e4uden eingesetzt. Der Rauchmelder reagiert sofort auf Rauch und gibt einen Alarm von 85 Dezibel ab.<br \/>\nDer Sensor leuchtet rot, wenn die Batterie schwach ist. Der Alarm l\u00e4sst sich auch ganz einfach ausschalten, wenn er einmal ausgel\u00f6st wurde.<\/p>\n<p>Unter der Registerkarte \u201eDokumentation\u201c finden Sie einen Link zur Website des Herstellers.<\/p>\n<p><strong>Wichtigste Funktionen<\/strong><\/p>\n<ul>\n<li>Europ\u00e4ische Zertifizierung EN14604:2005+AC:2008<\/li>\n<li>Kann miteinander verbunden werden (433 MHz)<\/li>\n<li>Photoelektrischer Rauchmelder<\/li>\n<li>Eingebaute 85-dB-Sirene<\/li>\n<li>Testtaste<\/li>\n<li>LED-Anzeige<\/li>\n<li>Inklusive Montagematerial<\/li>\n<li>Abmessungen 110x42mm<\/li>\n<\/ul>\n<p><a href=\"https:\/\/www.webstore4ipcameras.nl\/Copyright\" target=\"_blank\" rel=\"noopener\"><span style=\"color: #ff6e03; font-size: 11px;\">\u00a9 Der Text ist urheberrechtlich gesch\u00fctzt<\/span><\/a><\/p>","protected":false},"excerpt":{"rendered":"<p>De ANKA AJ-762SI is een rookmelder die voldoet aan de EN14604:2005+AC:2008 norm en kan zelfstandig werken en onderling verbinden. Er kunnen maximaal 30\u00a0ANKA AJ-762SI onderling verbinden. Het maximale bereik is 25 meter.\u00a0De rookmelder en accu heeft een levensduur van 10 jaar. De ANKA AJ-762SI wordt veelal gebruikt in woonhuizen of bedrijfsgebouwen. De rookmelder komt bij<\/p>\n<div class=\"klb-readmore button\"><a class=\"btn link\" href=\"https:\/\/webstore4.com\/de\/product\/anka-aj-762si-rookmelder\/\">Mehr lesen <i class=\"klbth-icon-right-arrow\"><\/i><\/a><\/div>","protected":false},"featured_media":10218,"comment_status":"open","ping_status":"closed","template":"","meta":[],"pwb-brand":[3427],"product_cat":[3466,3498],"product_tag":[],"class_list":{"0":"post-10217","1":"product","2":"type-product","3":"status-publish","4":"has-post-thumbnail","6":"pwb-brand-anka-sci-tech","7":"product_cat-alarm","8":"product_cat-rookmelders","9":"product_shipping_class-pakket","10":"pa_garantie-2-jaar","11":"pa_merk-anka-sci-tech","12":"pa_omgeving-binnen","13":"pa_voeding-ingebouwd","15":"first","16":"instock","17":"taxable","18":"shipping-taxable","19":"purchasable","20":"product-type-simple"},"brands":[{"id":3427,"name":"Anka SCI-TECH","slug":"anka-sci-tech"}],"_links":{"self":[{"href":"https:\/\/webstore4.com\/de\/wp-json\/wp\/v2\/product\/10217","targetHints":{"allow":["GET"]}}],"collection":[{"href":"https:\/\/webstore4.com\/de\/wp-json\/wp\/v2\/product"}],"about":[{"href":"https:\/\/webstore4.com\/de\/wp-json\/wp\/v2\/types\/product"}],"replies":[{"embeddable":true,"href":"https:\/\/webstore4.com\/de\/wp-json\/wp\/v2\/comments?post=10217"}],"wp:featuredmedia":[{"embeddable":true,"href":"https:\/\/webstore4.com\/de\/wp-json\/wp\/v2\/media\/10218"}],"wp:attachment":[{"href":"https:\/\/webstore4.com\/de\/wp-json\/wp\/v2\/media?parent=10217"}],"wp:term":[{"taxonomy":"pwb-brand","embeddable":true,"href":"https:\/\/webstore4.com\/de\/wp-json\/wp\/v2\/pwb-brand?post=10217"},{"taxonomy":"product_cat","embeddable":true,"href":"https:\/\/webstore4.com\/de\/wp-json\/wp\/v2\/product_cat?post=10217"},{"taxonomy":"product_tag","embeddable":true,"href":"https:\/\/webstore4.com\/de\/wp-json\/wp\/v2\/product_tag?post=10217"}],"curies":[{"name":"wp","href":"https:\/\/api.w.org\/{rel}","templated":true}]}}