{"id":10215,"date":"2021-12-24T18:54:36","date_gmt":"2021-12-24T16:54:36","guid":{"rendered":"https:\/\/webstore4.com\/\/?product=wl4-poe-4-f-4-voudige-poe-injector-voor-voeding-over-netwerkkabel-met-4-zekeringen-status-uitgang-en-led"},"modified":"2024-04-19T15:14:18","modified_gmt":"2024-04-19T14:14:18","slug":"wl4-poe-4-f-poe-injector-voeding-over-netwerkkabel","status":"publish","type":"product","link":"https:\/\/webstore4.com\/de\/product\/wl4-poe-4-f-poe-injector-voeding-over-netwerkkabel\/","title":{"rendered":"WL4 POE-4-F 4-fach PoE-Injektor zur Stromversorgung \u00fcber Netzwerkkabel mit 4 Sicherungen, Statusausgang und LED"},"content":{"rendered":"<p>Der WL4 POE-4-F ist ein vierfacher PoE-Injektor zur Stromversorgung \u00fcber Netzwerkkabel mit 4 Glassicherungen, 4 Statusausg\u00e4ngen und LED.<\/p>\n<p><strong>M\u00f6glichkeiten<\/strong><\/p>\n<p>Der WL4 POE-4-F ist ein passives Ger\u00e4t, das zur Stromversorgung von Ger\u00e4ten mit PoE-Port \u00fcber UTP-Netzwerkkabel dient. Der WL4 POE-4-F verf\u00fcgt \u00fcber zwei Reihen von RJ-45-Ports. Eine Reihe ist f\u00fcr 4 LAN-Ports und eine Reihe f\u00fcr 4 PoE-Ger\u00e4te.<\/p>\n<p>Jeder PoE-Ausgang ist mit einem Kurzschlussschutz mittels einer 0,5A-Sicherung und einem \u00dcberspannungsschutz (Varistoren) ausgestattet. Der Ausgangsstatus wird durch vier LED-Leuchten angezeigt. Ein Sicherungsausfall wird durch das Erl\u00f6schen der entsprechenden LED angezeigt. Dar\u00fcber hinaus wird der Ausgang im Fehlerfall aktiviert.<\/p>\n<p>Das Ger\u00e4t ist f\u00fcr den Betrieb in 10\/100-MBit\/s-Netzwerken ausgelegt. Das Produkt ist <u>nicht<\/u> Geeignet f\u00fcr Gigabit-Ethernet-Netzwerke. Stromversorgungseingang (mit Stecker- oder Schraubklemmen) von 20 \u2013 56 VDC. Netzteil ist nicht im Lieferumfang enthalten.<\/p>\n<p><strong>Wichtigste Funktionen<\/strong><\/p>\n<ul>\n<li>4 x LAN- und PoE-Ports<\/li>\n<li>Ethernet 10\/100 Mbit\/s<\/li>\n<li>Stromversorgungseingang 20 \u2013 56 VDC<\/li>\n<li>Glassicherung: 4 x 0,5 A (Option f\u00fcr 1A)<\/li>\n<li>FPS-Ausgabe: Fehlersignalisierung<\/li>\n<li>Auf der R\u00fcckseite befindet sich ein Klebeband<\/li>\n<li>Klasse II<\/li>\n<li>Schutz vor Kurzschluss, \u00dcberlastung und \u00dcberspannung<\/li>\n<\/ul>\n<p><a href=\"https:\/\/webstore4.com\/Copyright\/\" target=\"_blank\" rel=\"noopener\"><span style=\"color: #ff6e03; font-size: 11px;\">\u00a9 Der Text ist urheberrechtlich gesch\u00fctzt<\/span><\/a><\/p>","protected":false},"excerpt":{"rendered":"<p>De\u00a0WL4 POE-4-F is een viervoudige PoE injector voor voeding over netwerkkabel met 4 glaszekeringen, 4 status uitgangen en LED. Mogelijkheden De\u00a0WL4 POE-4-F is een passief apparaat dat wordt gebruikt om stroom te leveren via UTP netwerkabels aan apparaten die beschikken over een PoE poort. De WL4 POE-4-F heeft\u00a0twee rijen RJ-45-poorten. Een rij is voor 4<\/p>\n<div class=\"klb-readmore button\"><a class=\"btn link\" href=\"https:\/\/webstore4.com\/de\/product\/wl4-poe-4-f-poe-injector-voeding-over-netwerkkabel\/\">Mehr lesen <i class=\"klbth-icon-right-arrow\"><\/i><\/a><\/div>","protected":false},"featured_media":15341,"comment_status":"open","ping_status":"closed","template":"","meta":[],"pwb-brand":[3380],"product_cat":[3440,4188],"product_tag":[],"class_list":{"0":"post-10215","1":"product","2":"type-product","3":"status-publish","4":"has-post-thumbnail","6":"pwb-brand-wl4","7":"product_cat-netwerk","8":"product_cat-poe","9":"product_shipping_class-pakket","10":"pa_merk-wl4","12":"first","13":"onbackorder","14":"taxable","15":"shipping-taxable","16":"purchasable","17":"product-type-simple"},"brands":[{"id":3380,"name":"WL4","slug":"wl4"}],"_links":{"self":[{"href":"https:\/\/webstore4.com\/de\/wp-json\/wp\/v2\/product\/10215","targetHints":{"allow":["GET"]}}],"collection":[{"href":"https:\/\/webstore4.com\/de\/wp-json\/wp\/v2\/product"}],"about":[{"href":"https:\/\/webstore4.com\/de\/wp-json\/wp\/v2\/types\/product"}],"replies":[{"embeddable":true,"href":"https:\/\/webstore4.com\/de\/wp-json\/wp\/v2\/comments?post=10215"}],"wp:featuredmedia":[{"embeddable":true,"href":"https:\/\/webstore4.com\/de\/wp-json\/wp\/v2\/media\/15341"}],"wp:attachment":[{"href":"https:\/\/webstore4.com\/de\/wp-json\/wp\/v2\/media?parent=10215"}],"wp:term":[{"taxonomy":"pwb-brand","embeddable":true,"href":"https:\/\/webstore4.com\/de\/wp-json\/wp\/v2\/pwb-brand?post=10215"},{"taxonomy":"product_cat","embeddable":true,"href":"https:\/\/webstore4.com\/de\/wp-json\/wp\/v2\/product_cat?post=10215"},{"taxonomy":"product_tag","embeddable":true,"href":"https:\/\/webstore4.com\/de\/wp-json\/wp\/v2\/product_tag?post=10215"}],"curies":[{"name":"wp","href":"https:\/\/api.w.org\/{rel}","templated":true}]}}