{"id":10212,"date":"2021-12-23T16:59:24","date_gmt":"2021-12-23T14:59:24","guid":{"rendered":"https:\/\/webstore4.com\/\/?product=wl4-p-eoc-ext-200-professionele-passieve-eoc-converter-voor-ip-over-analoge-coax-kabel-in-set-van-2-stuks-maximaal-200-meter"},"modified":"2025-05-20T09:43:45","modified_gmt":"2025-05-20T08:43:45","slug":"wl4-p-eoc-ext-200-passieve-eoc-converter-ip-coax-kabel","status":"publish","type":"product","link":"https:\/\/webstore4.com\/de\/product\/wl4-p-eoc-ext-200-passieve-eoc-converter-ip-coax-kabel\/","title":{"rendered":"WL4 P-EOC-EXT-200 professioneller passiver EoC-Konverter f\u00fcr IP \u00fcber analoges Koaxialkabel im 2er-Set maximal 200 Meter"},"content":{"rendered":"<p>Der WL4 P-EOC-EXT-200 ist ein hochwertiges passives Ethernet-over-Coax (EoC)-Extern-\/Konverter-Set f\u00fcr IP-Signale \u00fcber analoges Koaxkabel \u00fcber eine Entfernung von bis zu 200 Metern (RG6). Der Extender\/Transceiver verf\u00fcgt \u00fcber einen BNC-Koaxialstecker und einen RJ45-Stecker. Das P-EOC-EXT-200 wird als Set mit 2 St\u00fcck geliefert.<\/p>\n<p>Elke extender\/transceiver heeft een RJ45 Ethernet connector en een BNC connector voor de coaxkabel waarover het signaal loopt.\u00a0De maximale afstand tussen transceivers is 200 meter bij RG6 kabel. De transmissiesnelheid is 100 Mbps maximaal. Beide extenders\/transceivers zijn passief en vereisen geen externe voeding. De maximale afstand van de netwerkkabel\u00a0voor de eindapparaten (zoals een IP camera) moet korter zijn dan 1 meter.<\/p>\n<p><strong>Wichtigste Funktionen<\/strong><\/p>\n<ul>\n<li>Passieve Ethernet over Coax (EoC) externder\/converter set<\/li>\n<li>Maximaal 200 meter<\/li>\n<li>Set bestehend aus 2 St\u00fcck<\/li>\n<\/ul>\n<p><a href=\"https:\/\/webstore4.com\/Copyright\/\" target=\"_blank\" rel=\"noopener\"><span style=\"color: #ff6e03; font-size: 11px;\">\u00a9 Der Text ist urheberrechtlich gesch\u00fctzt<\/span><\/a><\/p>","protected":false},"excerpt":{"rendered":"<p>De WL4 P-EOC-EXT-200 is een hoogwaardige passieve Ethernet over Coax (EoC) externder\/converter set voor IP signaal over analoge coax kabel over een afstand van maximaal 200 meter (RG6). De extender\/transceiver heeft een BNC coaxiale connector en een RJ45 connector. De P-EOC-EXT-200 wordt geleverd als set van 2 stuks. Elke extender\/transceiver heeft een RJ45 Ethernet connector<\/p>\n<div class=\"klb-readmore button\"><a class=\"btn link\" href=\"https:\/\/webstore4.com\/de\/product\/wl4-p-eoc-ext-200-passieve-eoc-converter-ip-coax-kabel\/\">Mehr lesen <i class=\"klbth-icon-right-arrow\"><\/i><\/a><\/div>","protected":false},"featured_media":10213,"comment_status":"open","ping_status":"closed","template":"","meta":[],"pwb-brand":[3380],"product_cat":[3441,3440,3445],"product_tag":[],"class_list":{"0":"post-10212","1":"product","2":"type-product","3":"status-publish","4":"has-post-thumbnail","6":"pwb-brand-wl4","7":"product_cat-benodigdheden","8":"product_cat-netwerk","9":"product_cat-netwerkkabels","10":"product_shipping_class-pakket","11":"pa_merk-wl4","13":"first","14":"onbackorder","15":"taxable","16":"shipping-taxable","17":"purchasable","18":"product-type-simple"},"brands":[{"id":3380,"name":"WL4","slug":"wl4"}],"_links":{"self":[{"href":"https:\/\/webstore4.com\/de\/wp-json\/wp\/v2\/product\/10212","targetHints":{"allow":["GET"]}}],"collection":[{"href":"https:\/\/webstore4.com\/de\/wp-json\/wp\/v2\/product"}],"about":[{"href":"https:\/\/webstore4.com\/de\/wp-json\/wp\/v2\/types\/product"}],"replies":[{"embeddable":true,"href":"https:\/\/webstore4.com\/de\/wp-json\/wp\/v2\/comments?post=10212"}],"wp:featuredmedia":[{"embeddable":true,"href":"https:\/\/webstore4.com\/de\/wp-json\/wp\/v2\/media\/10213"}],"wp:attachment":[{"href":"https:\/\/webstore4.com\/de\/wp-json\/wp\/v2\/media?parent=10212"}],"wp:term":[{"taxonomy":"pwb-brand","embeddable":true,"href":"https:\/\/webstore4.com\/de\/wp-json\/wp\/v2\/pwb-brand?post=10212"},{"taxonomy":"product_cat","embeddable":true,"href":"https:\/\/webstore4.com\/de\/wp-json\/wp\/v2\/product_cat?post=10212"},{"taxonomy":"product_tag","embeddable":true,"href":"https:\/\/webstore4.com\/de\/wp-json\/wp\/v2\/product_tag?post=10212"}],"curies":[{"name":"wp","href":"https:\/\/api.w.org\/{rel}","templated":true}]}}