{"id":10210,"date":"2021-12-21T13:05:04","date_gmt":"2021-12-21T11:05:04","guid":{"rendered":"https:\/\/webstore4.com\/\/?product=wl4-usb-hub-7-universele-7-poorts-usb-3-0-hub-oplader-met-7-schakelaars"},"modified":"2024-04-19T15:14:13","modified_gmt":"2024-04-19T14:14:13","slug":"wl4-usb-hub-7-7-poorts-usb-3-0-hub-oplader","status":"publish","type":"product","link":"https:\/\/webstore4.com\/de\/product\/wl4-usb-hub-7-7-poorts-usb-3-0-hub-oplader\/","title":{"rendered":"WL4 USB-HUB-7 universeller 7-Port-USB-3.0-Hub\/Ladeger\u00e4t mit 7 Schaltern"},"content":{"rendered":"<p>Der WL4 USB-HUB-7 ist ein universeller High-Speed-USB-Hub. Der USB-Hub verf\u00fcgt \u00fcber 7 Ports, die jeweils separat geschaltet werden k\u00f6nnen. Der WL4 USB-HUB-7 verf\u00fcgt \u00fcber 7 USB 3.0-Anschl\u00fcsse.<\/p>\n<p><strong>Wichtige Funktionen<\/strong><\/p>\n<ul>\n<li>USB 3.0<\/li>\n<li>7 geschaltete USB-Anschl\u00fcsse<\/li>\n<li>7 LED-Anzeigen<\/li>\n<li>USB-A-zu-USB-Micro-B-Kabel (im Lieferumfang enthalten)<\/li>\n<li>Kann als Ladeger\u00e4t verwendet werden. Netzteil nicht im Lieferumfang enthalten<\/li>\n<\/ul>\n<p><a href=\"https:\/\/www.webstore4ipcameras.nl\/Copyright\" target=\"_blank\" rel=\"noopener\"><span style=\"color: #ff6e03; font-size: 11px;\">\u00a9 Der Text ist urheberrechtlich gesch\u00fctzt<\/span><\/a><\/p>","protected":false},"excerpt":{"rendered":"<p>De WL4 USB-HUB-7 is een universele High Speed USB hub. De USB hub heeft 7 poorten die ieder apart geschakeld kunnen worden. De WL4 USB-HUB-7 heeft 7 USB 3.0 poorten. Belangrijke kenmerken USB 3.0 7 geschakelde USB poorten 7 LED indicatoren USB A naar USB micro B kabel (meegeleverd) Kan als oplader worden gebruikt. Voeding<\/p>\n<div class=\"klb-readmore button\"><a class=\"btn link\" href=\"https:\/\/webstore4.com\/de\/product\/wl4-usb-hub-7-7-poorts-usb-3-0-hub-oplader\/\">Mehr lesen <i class=\"klbth-icon-right-arrow\"><\/i><\/a><\/div>","protected":false},"featured_media":10211,"comment_status":"open","ping_status":"closed","template":"","meta":[],"pwb-brand":[3380],"product_cat":[3441,3458,4520],"product_tag":[],"class_list":{"0":"post-10210","1":"product","2":"type-product","3":"status-publish","4":"has-post-thumbnail","6":"pwb-brand-wl4","7":"product_cat-benodigdheden","8":"product_cat-voedingen","9":"product_cat-omvormers-en-usb","10":"product_shipping_class-pakket","11":"pa_merk-wl4","13":"first","14":"instock","15":"taxable","16":"shipping-taxable","17":"purchasable","18":"product-type-simple"},"brands":[{"id":3380,"name":"WL4","slug":"wl4"}],"_links":{"self":[{"href":"https:\/\/webstore4.com\/de\/wp-json\/wp\/v2\/product\/10210","targetHints":{"allow":["GET"]}}],"collection":[{"href":"https:\/\/webstore4.com\/de\/wp-json\/wp\/v2\/product"}],"about":[{"href":"https:\/\/webstore4.com\/de\/wp-json\/wp\/v2\/types\/product"}],"replies":[{"embeddable":true,"href":"https:\/\/webstore4.com\/de\/wp-json\/wp\/v2\/comments?post=10210"}],"wp:featuredmedia":[{"embeddable":true,"href":"https:\/\/webstore4.com\/de\/wp-json\/wp\/v2\/media\/10211"}],"wp:attachment":[{"href":"https:\/\/webstore4.com\/de\/wp-json\/wp\/v2\/media?parent=10210"}],"wp:term":[{"taxonomy":"pwb-brand","embeddable":true,"href":"https:\/\/webstore4.com\/de\/wp-json\/wp\/v2\/pwb-brand?post=10210"},{"taxonomy":"product_cat","embeddable":true,"href":"https:\/\/webstore4.com\/de\/wp-json\/wp\/v2\/product_cat?post=10210"},{"taxonomy":"product_tag","embeddable":true,"href":"https:\/\/webstore4.com\/de\/wp-json\/wp\/v2\/product_tag?post=10210"}],"curies":[{"name":"wp","href":"https:\/\/api.w.org\/{rel}","templated":true}]}}