{"id":10204,"date":"2021-12-14T15:08:19","date_gmt":"2021-12-14T13:08:19","guid":{"rendered":"https:\/\/webstore4.com\/\/?product=wl4-conv-12-230-1000-omvormer-van-12vdc-naar-230vac-maximaal-1000-watt"},"modified":"2024-05-25T11:37:35","modified_gmt":"2024-05-25T10:37:35","slug":"wl4-conv-12-230-1000-omvormer","status":"publish","type":"product","link":"https:\/\/webstore4.com\/de\/product\/wl4-conv-12-230-1000-omvormer\/","title":{"rendered":"WL4 CONV-12-230-1000 Wechselrichter von 12 VDC auf 230 VAC maximal 1000 Watt"},"content":{"rendered":"<p>Der WL4 CONV-12-230-1000 ist ein hochwertiger 12-VDC-zu-230-VAC-Wechselrichter mit einer maximalen Leistung von 1000 Watt (Spitzenleistung). Der Wechselrichter kann maximal 700 Watt Dauerleistung liefern.<\/p>\n<p>Der Wechselrichter kann beispielsweise auf einem Boot, Wohnmobil, Wohnwagen, Traktor, LKW, Auto usw. verwendet werden, um einen Standard-PoE-Switch oder einen Netzwerk-Videorecorder (NVR) mit Strom zu versorgen.<\/p>\n<p>Schlie\u00dfen Sie das Ger\u00e4t nicht an induktive und kapazitive Lasten an, wie zum Beispiel: Elektrowerkzeuge, Haushaltsger\u00e4te, Stromwandler, Pumpen usw.<\/p>\n<p><strong>Wichtigste Funktionen<\/strong><\/p>\n<ul>\n<li>Eingang 10,5 \u2013 15,5 VDC<\/li>\n<li>Ausgang 225 \u2013 235 VAC<\/li>\n<li>2x 230V-Eingang<\/li>\n<li>Maximal 88 Ampere<\/li>\n<li>Maximal 1000 Watt Spitze und 700 Watt Dauerleistung<\/li>\n<li>\u00dcberlast-, \u00dcberhitzungs- und Kurzschlussschutz<\/li>\n<\/ul>\n<p><a href=\"https:\/\/www.webstore4ipcameras.nl\/Copyright\" target=\"_blank\" rel=\"noopener\"><span style=\"color: #ff6e03; font-size: 11px;\">\u00a9 Der Text ist urheberrechtlich gesch\u00fctzt<\/span><\/a><\/p>","protected":false},"excerpt":{"rendered":"<p>De WL4 CONV-12-230-1000 is een hoogwaardige 12VDC naar 230VAC omvormer met\u00a0maximaal 1000\u00a0Watt (piek vermogen) uitgang. De omvormer kan maximaal 700 Watt conitinu vermogen leveren. De omvormer kan worden gebruikt op bijvoorbeeld een boot, camper, caravan, tractor, vrachtwagen, auto etc om een standaard PoE switch of Netwerk Video Recorder (NVR) te voeden. Sluit het apparaat niet<\/p>\n<div class=\"klb-readmore button\"><a class=\"btn link\" href=\"https:\/\/webstore4.com\/de\/product\/wl4-conv-12-230-1000-omvormer\/\">Mehr lesen <i class=\"klbth-icon-right-arrow\"><\/i><\/a><\/div>","protected":false},"featured_media":14376,"comment_status":"open","ping_status":"closed","template":"","meta":[],"pwb-brand":[3380],"product_cat":[4247,4336],"product_tag":[],"class_list":{"0":"post-10204","1":"product","2":"type-product","3":"status-publish","4":"has-post-thumbnail","6":"pwb-brand-wl4","7":"product_cat-duurzaamheid","8":"product_cat-omvormers","9":"product_shipping_class-pakket","10":"pa_garantie-2-year","11":"pa_merk-wl4","13":"first","14":"instock","15":"taxable","16":"shipping-taxable","17":"purchasable","18":"product-type-simple"},"brands":[{"id":3380,"name":"WL4","slug":"wl4"}],"_links":{"self":[{"href":"https:\/\/webstore4.com\/de\/wp-json\/wp\/v2\/product\/10204","targetHints":{"allow":["GET"]}}],"collection":[{"href":"https:\/\/webstore4.com\/de\/wp-json\/wp\/v2\/product"}],"about":[{"href":"https:\/\/webstore4.com\/de\/wp-json\/wp\/v2\/types\/product"}],"replies":[{"embeddable":true,"href":"https:\/\/webstore4.com\/de\/wp-json\/wp\/v2\/comments?post=10204"}],"wp:featuredmedia":[{"embeddable":true,"href":"https:\/\/webstore4.com\/de\/wp-json\/wp\/v2\/media\/14376"}],"wp:attachment":[{"href":"https:\/\/webstore4.com\/de\/wp-json\/wp\/v2\/media?parent=10204"}],"wp:term":[{"taxonomy":"pwb-brand","embeddable":true,"href":"https:\/\/webstore4.com\/de\/wp-json\/wp\/v2\/pwb-brand?post=10204"},{"taxonomy":"product_cat","embeddable":true,"href":"https:\/\/webstore4.com\/de\/wp-json\/wp\/v2\/product_cat?post=10204"},{"taxonomy":"product_tag","embeddable":true,"href":"https:\/\/webstore4.com\/de\/wp-json\/wp\/v2\/product_tag?post=10204"}],"curies":[{"name":"wp","href":"https:\/\/api.w.org\/{rel}","templated":true}]}}