{"id":10200,"date":"2021-12-10T13:11:42","date_gmt":"2021-12-10T11:11:42","guid":{"rendered":"https:\/\/webstore4.com\/\/?product=wl4-ca750-w-metalen-kast-met-sleutelslot-geschikt-voor-buiten-ip66-en-vandaalbestendig-ik10"},"modified":"2024-09-20T05:58:08","modified_gmt":"2024-09-20T04:58:08","slug":"wl4-ca750-w-metalen-kast-met-sleutelslot","status":"publish","type":"product","link":"https:\/\/webstore4.com\/de\/product\/wl4-ca750-w-metalen-kast-met-sleutelslot\/","title":{"rendered":"WL4 CA750-W Metallschrank mit Schl\u00fcsselschloss, geeignet f\u00fcr den Au\u00dfenbereich IP55 und vandalensicher IK10"},"content":{"rendered":"<p>Der WL4 CA750-W ist ein Montageschrank mit Schl\u00fcsselschloss. Der PA11-Aluminiumschrank ist hellgrau pulverbeschichtet. Aluminium PA11 ist sehr korrosionsbest\u00e4ndig und eine sehr starke Aluminiumsorte. Der Schrank verf\u00fcgt daher \u00fcber die IP55-Klassifizierung, wodurch sich der Metallschrank hervorragend f\u00fcr den Einsatz im Au\u00dfenbereich eignet. Dar\u00fcber hinaus verf\u00fcgt der CA750-W \u00fcber eine IK10-Klassifizierung, die den Schrank vandalensicher macht.<\/p>\n<p>Der Montageschrank wird h\u00e4ufig zur Montage von Ger\u00e4ten verwendet. Der Schrank verf\u00fcgt \u00fcber zwei ausziehbare Rackschienen zur Montage von Ger\u00e4ten. Dar\u00fcber hinaus befinden sich im Boden sechs Kabel\u00f6ffnungen. Der CA750-W verf\u00fcgt \u00fcber ein Tastenschloss und wird mit 2 Schl\u00fcsseln geliefert. Die T\u00fcr \u00f6ffnet sich nach rechts<\/p>\n<p><strong>Hauptmerkmale<\/strong><\/p>\n<ul>\n<li>Schrank mit IP55-Klassifizierung f\u00fcr den Au\u00dfenbereich<\/li>\n<li>RAL7035 Lichtgrau<\/li>\n<li>Vandalismusgesch\u00fctzt IK10<\/li>\n<li>Innenma\u00dfe 710 x 580 x 285 mm<\/li>\n<li>Au\u00dfenma\u00dfe 750 x 595 x 322 mm<\/li>\n<li>2 Rackschienen, Rack 19\u2033, 5 HE (540 mm unten, 200 mm oben)<\/li>\n<li>6 Kabel\u00f6ffnungen im Boden mit einem Durchmesser von 16 mm<\/li>\n<li>Gummidichtung<\/li>\n<\/ul>\n<p><a href=\"https:\/\/webstore4.com\/Copyright\/\" target=\"_blank\" rel=\"noopener\"><span style=\"color: #ff6e03; font-size: 11px;\">\u00a9 Der Text ist urheberrechtlich gesch\u00fctzt<\/span><\/a><\/p>","protected":false},"excerpt":{"rendered":"<p>De WL4 CA750-W is een montage kast met sleutelslot. De PA11 aluminium uitgevoerde kast is gepoedercoat in de kleur lichtgrijs. Aluminium PA11 is zeer corrosiebestendig en is een zeer sterk soort aluminium. de kast heeft dan ook een IP55 classificering, wat de metalen kast uitermate geschikt maakt voor gebruik in de buitenomgeving. Daarnaast heeft de<\/p>\n<div class=\"klb-readmore button\"><a class=\"btn link\" href=\"https:\/\/webstore4.com\/de\/product\/wl4-ca750-w-metalen-kast-met-sleutelslot\/\">Mehr lesen <i class=\"klbth-icon-right-arrow\"><\/i><\/a><\/div>","protected":false},"featured_media":14732,"comment_status":"open","ping_status":"closed","template":"","meta":[],"pwb-brand":[3380],"product_cat":[4204,4253],"product_tag":[],"class_list":{"0":"post-10200","1":"product","2":"type-product","3":"status-publish","4":"has-post-thumbnail","6":"pwb-brand-wl4","7":"product_cat-kasten-kluizen","8":"product_cat-montagekasten","9":"product_shipping_class-pakket","10":"pa_breedte-595-mm","11":"pa_diepte-322-mm","12":"pa_hoogte-750-mm","13":"pa_kleur-grijs","14":"pa_materiaal-aluminium","15":"pa_merk-wl4","16":"pa_montage-opbouw","17":"pa_omgeving-binnen-en-buiten","18":"pa_vandaalbestendig-ik10","19":"pa_weersbestendigheid-ip66","21":"first","22":"onbackorder","23":"taxable","24":"shipping-taxable","25":"purchasable","26":"product-type-simple"},"brands":[{"id":3380,"name":"WL4","slug":"wl4"}],"_links":{"self":[{"href":"https:\/\/webstore4.com\/de\/wp-json\/wp\/v2\/product\/10200","targetHints":{"allow":["GET"]}}],"collection":[{"href":"https:\/\/webstore4.com\/de\/wp-json\/wp\/v2\/product"}],"about":[{"href":"https:\/\/webstore4.com\/de\/wp-json\/wp\/v2\/types\/product"}],"replies":[{"embeddable":true,"href":"https:\/\/webstore4.com\/de\/wp-json\/wp\/v2\/comments?post=10200"}],"wp:featuredmedia":[{"embeddable":true,"href":"https:\/\/webstore4.com\/de\/wp-json\/wp\/v2\/media\/14732"}],"wp:attachment":[{"href":"https:\/\/webstore4.com\/de\/wp-json\/wp\/v2\/media?parent=10200"}],"wp:term":[{"taxonomy":"pwb-brand","embeddable":true,"href":"https:\/\/webstore4.com\/de\/wp-json\/wp\/v2\/pwb-brand?post=10200"},{"taxonomy":"product_cat","embeddable":true,"href":"https:\/\/webstore4.com\/de\/wp-json\/wp\/v2\/product_cat?post=10200"},{"taxonomy":"product_tag","embeddable":true,"href":"https:\/\/webstore4.com\/de\/wp-json\/wp\/v2\/product_tag?post=10200"}],"curies":[{"name":"wp","href":"https:\/\/api.w.org\/{rel}","templated":true}]}}