{"id":10194,"date":"2021-12-03T12:18:55","date_gmt":"2021-12-03T10:18:55","guid":{"rendered":"https:\/\/webstore4.com\/\/?product=wl4-ca230-w-metalen-kast-met-sleutelslot-geschikt-voor-buiten-ip66-en-vandaalbestendig-ik10"},"modified":"2024-04-19T15:14:11","modified_gmt":"2024-04-19T14:14:11","slug":"wl4-ca230-w-metalen-kast-met-sleutelslot","status":"publish","type":"product","link":"https:\/\/webstore4.com\/de\/product\/wl4-ca230-w-metalen-kast-met-sleutelslot\/","title":{"rendered":"WL4 CA230-W Metallschrank mit Schl\u00fcsselschloss, geeignet f\u00fcr den Au\u00dfenbereich IP66 und vandalensicher IK10"},"content":{"rendered":"<p>Der WL4 CA750-W ist ein Montageschrank mit Schl\u00fcsselschloss. Der PA11-Aluminiumschrank ist hellgrau pulverbeschichtet. Aluminium PA11 ist sehr korrosionsbest\u00e4ndig und eine sehr starke Aluminiumsorte. Der Schrank verf\u00fcgt daher \u00fcber die IP55-Klassifizierung, wodurch sich der Metallschrank hervorragend f\u00fcr den Einsatz im Au\u00dfenbereich eignet. Dar\u00fcber hinaus verf\u00fcgt der CA750-W \u00fcber eine IK10-Klassifizierung, die den Schrank vandalensicher macht.<\/p>\n<p>De montagekast wordt veelal gebruikt voor montage van apparaten. De kast heeft twee kabelopeningen van 21 mm en twee kabelopeningen van 16 mm in de onderkant. De CA230-W heeft een sleutelslot en wordt geleverd met 2 sleutels. De deur gaat naar rechts open.<\/p>\n<p><strong>Hauptmerkmale<\/strong><\/p>\n<ul>\n<li>Schrank mit IP66-Klassifizierung f\u00fcr den Au\u00dfenbereich<\/li>\n<li>RAL7035 Lichtgrau<\/li>\n<li>Vandalismusgesch\u00fctzt IK10<\/li>\n<li>Innenma\u00dfe 205 x 210 x 110 mm<\/li>\n<li>Au\u00dfenma\u00dfe 230 x 210 x 145 mm<\/li>\n<li>2 kabelopeningen van 21 mm, 2 kabelopeningen van 16 mm<\/li>\n<li>Gummidichtung<\/li>\n<\/ul>\n<p><a href=\"https:\/\/webstore4.com\/Copyright\/\" target=\"_blank\" rel=\"noopener\"><span style=\"color: #ff6e03; font-size: 11px;\">\u00a9 Der Text ist urheberrechtlich gesch\u00fctzt<\/span><\/a><\/p>","protected":false},"excerpt":{"rendered":"<p>De WL4 CA230-W is een montage kast met sleutelslot. De PA11 aluminium uitgevoerde kast is gepoedercoat in de kleur lichtgrijs. Aluminium PA11 is zeer corrosiebestendig en is een zeer sterk soort aluminium. de kast heeft dan ook een IP66 classificering, wat de metalen kast uitermate geschikt maakt voor gebruik in de buitenomgeving. Daarnaast heeft de<\/p>\n<div class=\"klb-readmore button\"><a class=\"btn link\" href=\"https:\/\/webstore4.com\/de\/product\/wl4-ca230-w-metalen-kast-met-sleutelslot\/\">Mehr lesen <i class=\"klbth-icon-right-arrow\"><\/i><\/a><\/div>","protected":false},"featured_media":14734,"comment_status":"open","ping_status":"closed","template":"","meta":[],"pwb-brand":[3380],"product_cat":[4204,4253],"product_tag":[],"class_list":{"0":"post-10194","1":"product","2":"type-product","3":"status-publish","4":"has-post-thumbnail","6":"pwb-brand-wl4","7":"product_cat-kasten-kluizen","8":"product_cat-montagekasten","9":"product_shipping_class-pakket","10":"pa_breedte-210-mm","11":"pa_diepte-145-mm","12":"pa_hoogte-230-mm","13":"pa_kleur-grijs","14":"pa_materiaal-aluminium","15":"pa_merk-wl4","16":"pa_montage-opbouw","17":"pa_omgeving-binnen-en-buiten","18":"pa_vandaalbestendig-ik10","19":"pa_weersbestendigheid-ip66","21":"first","22":"onbackorder","23":"taxable","24":"shipping-taxable","25":"purchasable","26":"product-type-simple"},"brands":[{"id":3380,"name":"WL4","slug":"wl4"}],"_links":{"self":[{"href":"https:\/\/webstore4.com\/de\/wp-json\/wp\/v2\/product\/10194","targetHints":{"allow":["GET"]}}],"collection":[{"href":"https:\/\/webstore4.com\/de\/wp-json\/wp\/v2\/product"}],"about":[{"href":"https:\/\/webstore4.com\/de\/wp-json\/wp\/v2\/types\/product"}],"replies":[{"embeddable":true,"href":"https:\/\/webstore4.com\/de\/wp-json\/wp\/v2\/comments?post=10194"}],"wp:featuredmedia":[{"embeddable":true,"href":"https:\/\/webstore4.com\/de\/wp-json\/wp\/v2\/media\/14734"}],"wp:attachment":[{"href":"https:\/\/webstore4.com\/de\/wp-json\/wp\/v2\/media?parent=10194"}],"wp:term":[{"taxonomy":"pwb-brand","embeddable":true,"href":"https:\/\/webstore4.com\/de\/wp-json\/wp\/v2\/pwb-brand?post=10194"},{"taxonomy":"product_cat","embeddable":true,"href":"https:\/\/webstore4.com\/de\/wp-json\/wp\/v2\/product_cat?post=10194"},{"taxonomy":"product_tag","embeddable":true,"href":"https:\/\/webstore4.com\/de\/wp-json\/wp\/v2\/product_tag?post=10194"}],"curies":[{"name":"wp","href":"https:\/\/api.w.org\/{rel}","templated":true}]}}