{"id":10192,"date":"2021-12-03T12:01:08","date_gmt":"2021-12-03T10:01:08","guid":{"rendered":"https:\/\/webstore4.com\/\/?product=wl4-ca410-w-metalen-kast-met-sleutelslot-geschikt-voor-buiten-ip66-en-vandaalbestendig-ik10"},"modified":"2025-02-19T05:22:08","modified_gmt":"2025-02-19T04:22:08","slug":"wl4-ca410-w-metalen-kast-met-sleutelslot-geschikt-voor-buiten-ip66-en-vandaalbestendig-ik10","status":"publish","type":"product","link":"https:\/\/webstore4.com\/de\/product\/wl4-ca410-w-metalen-kast-met-sleutelslot-geschikt-voor-buiten-ip66-en-vandaalbestendig-ik10\/","title":{"rendered":"WL4 CA410-W Metallschrank mit Schl\u00fcsselschloss, geeignet f\u00fcr den Au\u00dfenbereich IP66 und vandalensicher IK10"},"content":{"rendered":"<p>Der WL4 CA410-W ist ein Montageschrank mit Schl\u00fcsselschloss. Der Schrank ist vandalensicher IK10 und mit der Klassifizierung IP66 f\u00fcr den Au\u00dfenbereich geeignet. Der Schrank besteht aus pulverbeschichtetem Metall. Der Schrank kann an einer Wand montiert werden. Der CA410-W verf\u00fcgt \u00fcber ein Tastenschloss mit 2 Schl\u00fcsseln.<\/p>\n<p><strong>Hauptmerkmale<\/strong><\/p>\n<ul>\n<li>Schrank mit IP66-Klassifizierung f\u00fcr den Au\u00dfenbereich<\/li>\n<li>RAL7035<\/li>\n<li>Vandalismusgesch\u00fctzt IK10<\/li>\n<li>Innenma\u00dfe 390 x 290 x 145 mm<\/li>\n<li>Au\u00dfenma\u00dfe 410 x 310 x 145 mm<\/li>\n<li>Gummidichtung<\/li>\n<\/ul>","protected":false},"excerpt":{"rendered":"<p>De WL4 CA410-W is een montage kast met sleutelslot. De kast is vandaalbestendig IK10 en geschikt voor buiten met een IP66\u00a0classificering. De kast is van gepoedercoat metaal.\u00a0De kast kan tegen een wand worden gemonteerd. De\u00a0CA410-W heeft een sleutelslot met 2 sleutels. Belangrijke eigenschappen Kast met IP66 classificering voor gebruik buiten RAL7035 Vandaalbestendig IK10 Interne afmeting<\/p>\n<div class=\"klb-readmore button\"><a class=\"btn link\" href=\"https:\/\/webstore4.com\/de\/product\/wl4-ca410-w-metalen-kast-met-sleutelslot-geschikt-voor-buiten-ip66-en-vandaalbestendig-ik10\/\">Mehr lesen <i class=\"klbth-icon-right-arrow\"><\/i><\/a><\/div>","protected":false},"featured_media":10193,"comment_status":"closed","ping_status":"closed","template":"","meta":[],"pwb-brand":[3380],"product_cat":[4204,4253],"product_tag":[],"class_list":{"0":"post-10192","1":"product","2":"type-product","3":"status-publish","4":"has-post-thumbnail","6":"pwb-brand-wl4","7":"product_cat-kasten-kluizen","8":"product_cat-montagekasten","9":"pa_breedte-310-mm","10":"pa_diepte-145-mm","11":"pa_hoogte-410-mm","12":"pa_kleur-grijs","13":"pa_materiaal-metaal","14":"pa_merk-wl4","15":"pa_montage-opbouw","16":"pa_omgeving-binnen-en-buiten","17":"pa_vandaalbestendig-ik10","18":"pa_weersbestendigheid-ip66","20":"first","21":"onbackorder","22":"taxable","23":"shipping-taxable","24":"purchasable","25":"product-type-simple"},"brands":[{"id":3380,"name":"WL4","slug":"wl4"}],"_links":{"self":[{"href":"https:\/\/webstore4.com\/de\/wp-json\/wp\/v2\/product\/10192","targetHints":{"allow":["GET"]}}],"collection":[{"href":"https:\/\/webstore4.com\/de\/wp-json\/wp\/v2\/product"}],"about":[{"href":"https:\/\/webstore4.com\/de\/wp-json\/wp\/v2\/types\/product"}],"replies":[{"embeddable":true,"href":"https:\/\/webstore4.com\/de\/wp-json\/wp\/v2\/comments?post=10192"}],"wp:featuredmedia":[{"embeddable":true,"href":"https:\/\/webstore4.com\/de\/wp-json\/wp\/v2\/media\/10193"}],"wp:attachment":[{"href":"https:\/\/webstore4.com\/de\/wp-json\/wp\/v2\/media?parent=10192"}],"wp:term":[{"taxonomy":"pwb-brand","embeddable":true,"href":"https:\/\/webstore4.com\/de\/wp-json\/wp\/v2\/pwb-brand?post=10192"},{"taxonomy":"product_cat","embeddable":true,"href":"https:\/\/webstore4.com\/de\/wp-json\/wp\/v2\/product_cat?post=10192"},{"taxonomy":"product_tag","embeddable":true,"href":"https:\/\/webstore4.com\/de\/wp-json\/wp\/v2\/product_tag?post=10192"}],"curies":[{"name":"wp","href":"https:\/\/api.w.org\/{rel}","templated":true}]}}