{"id":10185,"date":"2021-11-24T18:19:25","date_gmt":"2021-11-24T16:19:25","guid":{"rendered":"https:\/\/webstore4.com\/\/?product=yli-yk-158-stand-alone-klein-formaat-metalen-rfid-kaartlezer-geschikt-voor-buiten-ip66"},"modified":"2025-01-04T15:52:49","modified_gmt":"2025-01-04T14:52:49","slug":"yli-yk-158-stand-alone-metalen-rfid-kaartlezer","status":"publish","type":"product","link":"https:\/\/webstore4.com\/de\/product\/yli-yk-158-stand-alone-metalen-rfid-kaartlezer\/","title":{"rendered":"YLI YK-158 eigenst\u00e4ndiger kleiner RFID-Kartenleser aus Metall, geeignet f\u00fcr den Au\u00dfenbereich IP66"},"content":{"rendered":"<p>Der YLI YK-158 ist ein eigenst\u00e4ndiger kleiner RFID-Kartenleser aus Metall, der f\u00fcr den Au\u00dfenbereich (IP66) oder den Innenbereich geeignet ist und mit dem beispielsweise ein Elektroschloss oder T\u00fcr\u00f6ffner gesteuert werden kann.<\/p>\n<p>De YLI YK-158 beschikt over het 125Khz RFID kaartlees protocol. De reader is van metaal en moet worden opgebouwd. De kaartlezer moet worden gevoed met VDC12-18. De voeding wordt niet meegeleverd. Onder &#8216;Opties&#8217; staan verschillende geschikte voedingen. Wij adviseren de datasheet, die is opgenomen onder het tabblad &#8216;Documentatie&#8217;, te raadplegen voor de afmetingen en de juiste toepassing.<\/p>\n<p><strong>Wichtigste Funktionen<\/strong><\/p>\n<ul>\n<li>125-kHz-RFID-Kartenleser<\/li>\n<li>Kleine Gr\u00f6\u00dfe 105x50x19mm<\/li>\n<li>NO\/NC\/COM-Relais<\/li>\n<li>VDC12-18-Stromversorgung<\/li>\n<li>IP66<\/li>\n<li>Eingabe f\u00fcr Exit-Button<\/li>\n<li>F\u00fcr bis zu 2000 Benutzer<\/li>\n<\/ul>\n<p><a href=\"https:\/\/www.webstore4ipcameras.nl\/Copyright\" target=\"_blank\" rel=\"noopener\"><span style=\"color: #ff6e03; font-size: 11px;\">\u00a9 Der Text ist urheberrechtlich gesch\u00fctzt<\/span><\/a><\/p>","protected":false},"excerpt":{"rendered":"<p>De YLI YK-158 is een stand alone kleine metalen RFID kaartlezer geschikt voor buiten (IP66)\u00a0of binnen waarmee bijvoorbeeld een elektrisch slot of deuropener kan worden aangestuurd. De YLI YK-158 beschikt over het 125Khz RFID kaartlees protocol. De reader is van metaal en moet worden opgebouwd. De kaartlezer moet worden gevoed met VDC12-18. De voeding wordt<\/p>\n<div class=\"klb-readmore button\"><a class=\"btn link\" href=\"https:\/\/webstore4.com\/de\/product\/yli-yk-158-stand-alone-metalen-rfid-kaartlezer\/\">Mehr lesen <i class=\"klbth-icon-right-arrow\"><\/i><\/a><\/div>","protected":false},"featured_media":10186,"comment_status":"open","ping_status":"closed","template":"","meta":[],"pwb-brand":[3382],"product_cat":[4191,4193],"product_tag":[],"class_list":{"0":"post-10185","1":"product","2":"type-product","3":"status-publish","4":"has-post-thumbnail","6":"pwb-brand-yli","7":"product_cat-access","8":"product_cat-toegangscontrole-access","9":"product_shipping_class-pakket","10":"pa_garantie-3-jaar","11":"pa_materiaal-metaal","12":"pa_max-aantal-gebruikers-3625","13":"pa_merk-yli","14":"pa_omgeving-binnen-en-buiten","15":"pa_product-reader","16":"pa_stand-alone-ja","17":"pa_toegang-met-kaartlezer","18":"pa_voeding-12vdc","20":"first","21":"instock","22":"taxable","23":"shipping-taxable","24":"purchasable","25":"product-type-simple"},"brands":[{"id":3382,"name":"YLI","slug":"yli"}],"_links":{"self":[{"href":"https:\/\/webstore4.com\/de\/wp-json\/wp\/v2\/product\/10185","targetHints":{"allow":["GET"]}}],"collection":[{"href":"https:\/\/webstore4.com\/de\/wp-json\/wp\/v2\/product"}],"about":[{"href":"https:\/\/webstore4.com\/de\/wp-json\/wp\/v2\/types\/product"}],"replies":[{"embeddable":true,"href":"https:\/\/webstore4.com\/de\/wp-json\/wp\/v2\/comments?post=10185"}],"wp:featuredmedia":[{"embeddable":true,"href":"https:\/\/webstore4.com\/de\/wp-json\/wp\/v2\/media\/10186"}],"wp:attachment":[{"href":"https:\/\/webstore4.com\/de\/wp-json\/wp\/v2\/media?parent=10185"}],"wp:term":[{"taxonomy":"pwb-brand","embeddable":true,"href":"https:\/\/webstore4.com\/de\/wp-json\/wp\/v2\/pwb-brand?post=10185"},{"taxonomy":"product_cat","embeddable":true,"href":"https:\/\/webstore4.com\/de\/wp-json\/wp\/v2\/product_cat?post=10185"},{"taxonomy":"product_tag","embeddable":true,"href":"https:\/\/webstore4.com\/de\/wp-json\/wp\/v2\/product_tag?post=10185"}],"curies":[{"name":"wp","href":"https:\/\/api.w.org\/{rel}","templated":true}]}}