{"id":10174,"date":"2021-11-04T12:45:46","date_gmt":"2021-11-04T10:45:46","guid":{"rendered":"https:\/\/webstore4.com\/\/?product=wl4-velcro-5-19-zwarte-dubbelzijdige-klittenband-kabelbinder-op-rol-van-5-meter-bij-19mm"},"modified":"2024-06-21T10:07:48","modified_gmt":"2024-06-21T09:07:48","slug":"wl4-velcro-5-19-dubbelzijdige-klittenband","status":"publish","type":"product","link":"https:\/\/webstore4.com\/de\/product\/wl4-velcro-5-19-dubbelzijdige-klittenband\/","title":{"rendered":"WL4 VELCRO-5-19 schwarzer doppelseitiger Klett-Kabelbinder auf einer Rolle von 5 Metern x 19 mm"},"content":{"rendered":"<p>Der WL4 VELCRO-5-19 ist eine Rolle schwarzer doppelseitiger Klett-Kabelbinder mit den Ma\u00dfen 5 Meter x 19 mm. Mit dem Klettverschluss k\u00f6nnen Kabelbinder nach Ma\u00df gefertigt werden, um Kabel sauber zu b\u00fcndeln.<\/p>\n<p><strong>Wichtigste Funktionen<\/strong><\/p>\n<ul>\n<li>5 Meter Klettverschluss<\/li>\n<li>19 mm breit<\/li>\n<li>Schwarz<\/li>\n<\/ul>\n<p><a href=\"https:\/\/webstore4.com\/Copyright\/\" target=\"_blank\" rel=\"noopener\"><span style=\"color: #ff6e03; font-size: 11px;\">\u00a9 Der Text ist urheberrechtlich gesch\u00fctzt<\/span><\/a><\/p>","protected":false},"excerpt":{"rendered":"<p>De WL4 VELCRO-5-19 is een rol zwarte dubbelzijdige klittenband kabelbinder van 5 meter bij 19mm. Met de klittenband kunnen kabelbinders op maat worden gemaakt voor het netjes bundelen van kabels. Belangrijkste kenmerken 5 meter klittenband 19 mm breed Zwart \u00a9 Tekst is auteursrechtelijk beschermd<\/p>","protected":false},"featured_media":10175,"comment_status":"open","ping_status":"closed","template":"","meta":[],"pwb-brand":[3380],"product_cat":[3441,3445],"product_tag":[],"class_list":{"0":"post-10174","1":"product","2":"type-product","3":"status-publish","4":"has-post-thumbnail","6":"pwb-brand-wl4","7":"product_cat-benodigdheden","8":"product_cat-netwerkkabels","9":"product_shipping_class-pakket","10":"pa_merk-wl4","11":"pa_product-kabelbinder","13":"first","14":"onbackorder","15":"taxable","16":"shipping-taxable","17":"purchasable","18":"product-type-simple"},"brands":[{"id":3380,"name":"WL4","slug":"wl4"}],"_links":{"self":[{"href":"https:\/\/webstore4.com\/de\/wp-json\/wp\/v2\/product\/10174","targetHints":{"allow":["GET"]}}],"collection":[{"href":"https:\/\/webstore4.com\/de\/wp-json\/wp\/v2\/product"}],"about":[{"href":"https:\/\/webstore4.com\/de\/wp-json\/wp\/v2\/types\/product"}],"replies":[{"embeddable":true,"href":"https:\/\/webstore4.com\/de\/wp-json\/wp\/v2\/comments?post=10174"}],"wp:featuredmedia":[{"embeddable":true,"href":"https:\/\/webstore4.com\/de\/wp-json\/wp\/v2\/media\/10175"}],"wp:attachment":[{"href":"https:\/\/webstore4.com\/de\/wp-json\/wp\/v2\/media?parent=10174"}],"wp:term":[{"taxonomy":"pwb-brand","embeddable":true,"href":"https:\/\/webstore4.com\/de\/wp-json\/wp\/v2\/pwb-brand?post=10174"},{"taxonomy":"product_cat","embeddable":true,"href":"https:\/\/webstore4.com\/de\/wp-json\/wp\/v2\/product_cat?post=10174"},{"taxonomy":"product_tag","embeddable":true,"href":"https:\/\/webstore4.com\/de\/wp-json\/wp\/v2\/product_tag?post=10174"}],"curies":[{"name":"wp","href":"https:\/\/api.w.org\/{rel}","templated":true}]}}