{"id":10144,"date":"2021-10-18T17:42:03","date_gmt":"2021-10-18T15:42:03","guid":{"rendered":"https:\/\/webstore4.com\/\/?product=wl4-mifi-4g-2600-mifi-mobiele-4g-router-met-accu-rj45-poort-en-wifi"},"modified":"2026-04-22T15:08:35","modified_gmt":"2026-04-22T14:08:35","slug":"wl4-mifi-4g-2600-mifi-mobiele-4g-router-met-accu","status":"publish","type":"product","link":"https:\/\/webstore4.com\/de\/product\/wl4-mifi-4g-2600-mifi-mobiele-4g-router-met-accu\/","title":{"rendered":"WL4 MIFI-4G-2600 MiFi mobiler 4G-Router mit Akku, RJ45-Anschluss und WLAN"},"content":{"rendered":"<p>Der WL4 MIFI-4G-2600 ist ein mobiler 4G-LTE-Router von MiFi mit einem RJ45-Anschluss und 2,4G-WLAN sowie USV-\/Batteriefunktion. Der RJ45-Anschluss erm\u00f6glicht es, ein kabelgebundenes IP-Ger\u00e4t, wie zum Beispiel eine IP-Kamera oder einen NVR, \u00fcber das 4G-Mobilfunknetz drahtlos zu machen. An das MIFI-4G-2600 kann auch ein Switch angeschlossen werden, sodass mehrere kabelgebundene Ger\u00e4te angeschlossen werden k\u00f6nnen.<\/p>\n<p>Der Router verf\u00fcgt \u00fcber ein eigenes WLAN-Netzwerk f\u00fcr Verbindungen von WLAN-Ger\u00e4ten wie WLAN-IP-Kameras, Smartphones, Tablets, Laptops usw. Der wiederaufladbare Akku erm\u00f6glicht den mobilen Einsatz des Routers.<\/p>\n<p>Der WL4 MIFI-4G-2600 muss mit einem Standard-5-VDC-USB-Ladeger\u00e4t (nicht im Lieferumfang enthalten) aufgeladen werden. Das USB-Kabel ist im Lieferumfang enthalten.<\/p>\n<p><strong>Hauptmerkmale<\/strong><\/p>\n<ul>\n<li>Unterst\u00fctzung f\u00fcr 4G<\/li>\n<li>2600 mAh 3,7 V Li-Ionen-Akku mit bis zu 8 Stunden Backup-Zeit<\/li>\n<li>10\/100M RJ45-Anschluss f\u00fcr drahtlose Br\u00fcckenfunktion<\/li>\n<li>Eigenes WLAN-Netzwerk 802.11bgn<\/li>\n<li>Ohne SIM-Lock (SIM-Karte nicht im Lieferumfang enthalten)<\/li>\n<li>MicroSD-Steckplatz (microSD nicht im Lieferumfang enthalten)<\/li>\n<li>60\u00d718,5x105mm<\/li>\n<li>2,4 GHz<\/li>\n<\/ul>\n<p><a href=\"https:\/\/webstore4.com\/Copyright\/\" target=\"_blank\" rel=\"noopener\"><span style=\"color: #ff6e03; font-size: 11px;\">\u00a9 Der Text ist urheberrechtlich gesch\u00fctzt<\/span><\/a><\/p>","protected":false},"excerpt":{"rendered":"<p>De WL4 MIFI-4G-2600 is een MiFi mobiele 4G LTE router met een RJ45 poort en 2.4G Wi-Fi en UPS\/accu functie. Door de RJ45 poort is het mogelijk om een bedraad IP apparaat, zoals een IP camera of NVR, draadloos te maken via het 4G mobiele netwerk. Er kan ook een switch worden verbonden met de<\/p>\n<div class=\"klb-readmore button\"><a class=\"btn link\" href=\"https:\/\/webstore4.com\/de\/product\/wl4-mifi-4g-2600-mifi-mobiele-4g-router-met-accu\/\">Mehr lesen <i class=\"klbth-icon-right-arrow\"><\/i><\/a><\/div>","protected":false},"featured_media":10145,"comment_status":"open","ping_status":"closed","template":"","meta":[],"pwb-brand":[3380],"product_cat":[3440,3443,3511],"product_tag":[],"class_list":{"0":"post-10144","1":"product","2":"type-product","3":"status-publish","4":"has-post-thumbnail","6":"pwb-brand-wl4","7":"product_cat-netwerk","8":"product_cat-draadloos-wi-fi","9":"product_cat-router-4g5g","10":"product_shipping_class-pakket","11":"pa_draadloos-ja","12":"pa_functies-access-point-client-bridge","13":"pa_materiaal-kunststof","14":"pa_merk-wl4","15":"pa_voeding-5v-usb","17":"first","18":"onbackorder","19":"taxable","20":"shipping-taxable","21":"purchasable","22":"product-type-simple"},"brands":[{"id":3380,"name":"WL4","slug":"wl4"}],"_links":{"self":[{"href":"https:\/\/webstore4.com\/de\/wp-json\/wp\/v2\/product\/10144","targetHints":{"allow":["GET"]}}],"collection":[{"href":"https:\/\/webstore4.com\/de\/wp-json\/wp\/v2\/product"}],"about":[{"href":"https:\/\/webstore4.com\/de\/wp-json\/wp\/v2\/types\/product"}],"replies":[{"embeddable":true,"href":"https:\/\/webstore4.com\/de\/wp-json\/wp\/v2\/comments?post=10144"}],"wp:featuredmedia":[{"embeddable":true,"href":"https:\/\/webstore4.com\/de\/wp-json\/wp\/v2\/media\/10145"}],"wp:attachment":[{"href":"https:\/\/webstore4.com\/de\/wp-json\/wp\/v2\/media?parent=10144"}],"wp:term":[{"taxonomy":"pwb-brand","embeddable":true,"href":"https:\/\/webstore4.com\/de\/wp-json\/wp\/v2\/pwb-brand?post=10144"},{"taxonomy":"product_cat","embeddable":true,"href":"https:\/\/webstore4.com\/de\/wp-json\/wp\/v2\/product_cat?post=10144"},{"taxonomy":"product_tag","embeddable":true,"href":"https:\/\/webstore4.com\/de\/wp-json\/wp\/v2\/product_tag?post=10144"}],"curies":[{"name":"wp","href":"https:\/\/api.w.org\/{rel}","templated":true}]}}