{"id":10133,"date":"2021-10-15T16:42:16","date_gmt":"2021-10-15T14:42:16","guid":{"rendered":"https:\/\/webstore4.com\/\/?product=cofem-eyehome-rookmelder-voldoet-aan-en146042005-norm-kan-zelfstandig-werken-en-onderling-verbinden-en-heeft-app-via-aparte-wifi-module"},"modified":"2024-12-31T13:06:37","modified_gmt":"2024-12-31T12:06:37","slug":"cofem-eyehome-rookmelder-2","status":"publish","type":"product","link":"https:\/\/webstore4.com\/de\/product\/cofem-eyehome-rookmelder-2\/","title":{"rendered":"Der Rauchmelder EYEHOME+ von Cofem entspricht der Norm EN14604:2005, kann unabh\u00e4ngig arbeiten und miteinander verbunden werden und verf\u00fcgt \u00fcber eine App \u00fcber ein separates WLAN-Modul"},"content":{"rendered":"<p>Der Cofem EYEHOME+ ist ein Rauchmelder, der der Norm EN14604:2005 entspricht. Der Rauchmelder kann unabh\u00e4ngig arbeiten und auch bis zu insgesamt 30 Melder miteinander verbinden. Mit dem separat erh\u00e4ltlichen WLAN-Modul (Cofem MDAHWF) kann der Melder mit dem Internet verbunden und mit der kostenlosen mobilen FamilyWell-App verwaltet werden, die auch Benachrichtigungen empf\u00e4ngt.<\/p>\n<p>Een link naar de website van de fabrikant is opgenomen onder het tabblad &#8220;Documentatie&#8221;.<\/p>\n<p>Naast de Cofem EYEHOME+ met WiFi mogelijkheid verkopen wij ook de\u00a0Cofem MDAHWF WiFi module, de\u00a0Cofem EYEHOME rookmelder zonder WiFi en de Cofem\u00a0EYEHOME+NO koolmonoxide melder met WiFi mogelijkheid.<\/p>\n<p><img decoding=\"async\" class=\"\" style=\"float: right; height: 397px; margin: 10px; width: 397px;\" src=\"https:\/\/webstore4.com\/wp-content\/uploads\/content\/Cofem-EYEHOME-overview-WebStore4.jpg\" alt=\"Cofem smoke detectors\" \/><\/p>\n<p><strong>Wichtigste Funktionen<\/strong><\/p>\n<ul>\n<li>EN14604:2005-Zertifizierung<\/li>\n<li>Eingebaute 85-dB-Sirene<\/li>\n<li>Verbinden Sie bis zu 30 Melder drahtlos \u00fcber den integrierten 868-MHz-Sender<\/li>\n<li>Te verbinden met WiFi en gratis app met afzonderlijk verkrijgbare WiFi module (Cofem\u00a0MDAHWF)<\/li>\n<li>2 x AA-Batterien im Lieferumfang enthalten<\/li>\n<li>Testtaste<\/li>\n<li>Inklusive Montagematerial<\/li>\n<\/ul>\n<p><a href=\"https:\/\/www.webstore4ipcameras.nl\/Copyright\" target=\"_blank\" rel=\"noopener\"><span style=\"color: #ff6e03; font-size: 11px;\">\u00a9 Der Text ist urheberrechtlich gesch\u00fctzt<\/span><\/a><\/p>\n<p>&nbsp;<\/p>","protected":false},"excerpt":{"rendered":"<p>Der Cofem EYEHOME+ ist ein Rauchmelder, der der Norm EN14604:2005 entspricht. Der Rauchmelder kann unabh\u00e4ngig arbeiten und auch bis zu insgesamt 30 Melder miteinander verbinden. Mit dem separat erh\u00e4ltlichen WLAN-Modul (Cofem MDAHWF) kann der Melder mit dem Internet verbunden und mit der kostenlosen mobilen FamilyWell-App verwaltet werden, die auch Benachrichtigungen empf\u00e4ngt.<\/p>\n<div class=\"klb-readmore button\"><a class=\"btn link\" href=\"https:\/\/webstore4.com\/de\/product\/cofem-eyehome-rookmelder-2\/\">Mehr lesen <i class=\"klbth-icon-right-arrow\"><\/i><\/a><\/div>","protected":false},"featured_media":10134,"comment_status":"open","ping_status":"closed","template":"","meta":[],"pwb-brand":[3426],"product_cat":[3466,3498],"product_tag":[],"class_list":{"0":"post-10133","1":"product","2":"type-product","3":"status-publish","4":"has-post-thumbnail","6":"pwb-brand-cofem","7":"product_cat-alarm","8":"product_cat-rookmelders","9":"product_shipping_class-pakket","10":"pa_aanbieding-opop","11":"pa_garantie-2-jaar","12":"pa_merk-cofem","13":"pa_omgeving-binnen","14":"pa_voeding-batterij","16":"first","17":"instock","18":"sale","19":"taxable","20":"shipping-taxable","21":"purchasable","22":"product-type-simple"},"brands":[{"id":3426,"name":"Cofem","slug":"cofem"}],"_links":{"self":[{"href":"https:\/\/webstore4.com\/de\/wp-json\/wp\/v2\/product\/10133","targetHints":{"allow":["GET"]}}],"collection":[{"href":"https:\/\/webstore4.com\/de\/wp-json\/wp\/v2\/product"}],"about":[{"href":"https:\/\/webstore4.com\/de\/wp-json\/wp\/v2\/types\/product"}],"replies":[{"embeddable":true,"href":"https:\/\/webstore4.com\/de\/wp-json\/wp\/v2\/comments?post=10133"}],"wp:featuredmedia":[{"embeddable":true,"href":"https:\/\/webstore4.com\/de\/wp-json\/wp\/v2\/media\/10134"}],"wp:attachment":[{"href":"https:\/\/webstore4.com\/de\/wp-json\/wp\/v2\/media?parent=10133"}],"wp:term":[{"taxonomy":"pwb-brand","embeddable":true,"href":"https:\/\/webstore4.com\/de\/wp-json\/wp\/v2\/pwb-brand?post=10133"},{"taxonomy":"product_cat","embeddable":true,"href":"https:\/\/webstore4.com\/de\/wp-json\/wp\/v2\/product_cat?post=10133"},{"taxonomy":"product_tag","embeddable":true,"href":"https:\/\/webstore4.com\/de\/wp-json\/wp\/v2\/product_tag?post=10133"}],"curies":[{"name":"wp","href":"https:\/\/api.w.org\/{rel}","templated":true}]}}