{"id":10127,"date":"2021-10-07T18:47:23","date_gmt":"2021-10-07T16:47:23","guid":{"rendered":"https:\/\/webstore4.com\/\/?product=wl4-tr-w-450-tie-rip-professionele-kabelbinders-wit-450mm-4-8mm-breed-van-nylon-66-100-stuks"},"modified":"2024-06-28T15:12:06","modified_gmt":"2024-06-28T14:12:06","slug":"wl4-tr-w-450-tie-rip-professionele-kabelbinders","status":"publish","type":"product","link":"https:\/\/webstore4.com\/de\/product\/wl4-tr-w-450-tie-rip-professionele-kabelbinders\/","title":{"rendered":"WL4 TR-W-450 Tie-Rip Profi-Kabelbinder wei\u00df 450mm 4,8mm breit aus Nylon 66 (100 St\u00fcck)"},"content":{"rendered":"<p>Die WL4 TR-W-450 sind professionelle und hochwertige Kabelbinder in Wei\u00df mit einer L\u00e4nge von 450 mm und einer Breite von 4,8 mm. Sie bestehen aus strapazierf\u00e4higem Nylon 66 und werden pro 100 St\u00fcck geliefert.<\/p>\n<p><strong>Wichtigste Funktionen<\/strong><\/p>\n<ul>\n<li>450x4,8mm<\/li>\n<li>B\u00fcndeldurchmesser: 3 \u2013 105 mm<\/li>\n<li>Hochwertiges Nylon 66<\/li>\n<li>22 kg Widerstandskraft<\/li>\n<li>Best\u00e4ndig gegen: UV-Strahlung, \u00d6l, Benzin, Meerwasser, L\u00f6sungsmittel, Pilze, verd\u00fcnnte schwache organische S\u00e4uren und alkalische Verbindungen<\/li>\n<li>Bedrijfstemperatuur: tussen -35 \u00b0C en 85 \u00b0C<\/li>\n<li>Smeltpunt: 250 \u00b0C<\/li>\n<\/ul>\n<p><a href=\"https:\/\/www.webstore4ipcameras.nl\/Copyright\" target=\"_blank\" rel=\"noopener\"><span style=\"color: #ff6e03; font-size: 11px;\">\u00a9 Der Text ist urheberrechtlich gesch\u00fctzt<\/span><\/a><\/p>","protected":false},"excerpt":{"rendered":"<p>De WL4 TR-W-450 zijn professionele en hoogwaardige tie-rip kabelbinders in de kleur wit met een lengte van 450mm en een breedte van 4,8mm en zijn gemaakt van duurzaam Nylon 66 en worden geleverd per 100 stuks. Belangrijkste kenmerken 450 x 4,8 mm Bundeldiameter: 3 &#8211; 105 mm Hoge kwaliteit nylon 66 22KG weerstand kracht Bestand<\/p>\n<div class=\"klb-readmore button\"><a class=\"btn link\" href=\"https:\/\/webstore4.com\/de\/product\/wl4-tr-w-450-tie-rip-professionele-kabelbinders\/\">Mehr lesen <i class=\"klbth-icon-right-arrow\"><\/i><\/a><\/div>","protected":false},"featured_media":13495,"comment_status":"open","ping_status":"closed","template":"","meta":[],"pwb-brand":[3380],"product_cat":[3441,3450],"product_tag":[],"class_list":{"0":"post-10127","1":"product","2":"type-product","3":"status-publish","4":"has-post-thumbnail","6":"pwb-brand-wl4","7":"product_cat-benodigdheden","8":"product_cat-montage","9":"product_shipping_class-pakket","10":"pa_garantie-2-jaar","11":"pa_merk-wl4","12":"pa_omgeving-binnen-en-buiten","14":"first","15":"instock","16":"taxable","17":"shipping-taxable","18":"purchasable","19":"product-type-simple"},"brands":[{"id":3380,"name":"WL4","slug":"wl4"}],"_links":{"self":[{"href":"https:\/\/webstore4.com\/de\/wp-json\/wp\/v2\/product\/10127","targetHints":{"allow":["GET"]}}],"collection":[{"href":"https:\/\/webstore4.com\/de\/wp-json\/wp\/v2\/product"}],"about":[{"href":"https:\/\/webstore4.com\/de\/wp-json\/wp\/v2\/types\/product"}],"replies":[{"embeddable":true,"href":"https:\/\/webstore4.com\/de\/wp-json\/wp\/v2\/comments?post=10127"}],"wp:featuredmedia":[{"embeddable":true,"href":"https:\/\/webstore4.com\/de\/wp-json\/wp\/v2\/media\/13495"}],"wp:attachment":[{"href":"https:\/\/webstore4.com\/de\/wp-json\/wp\/v2\/media?parent=10127"}],"wp:term":[{"taxonomy":"pwb-brand","embeddable":true,"href":"https:\/\/webstore4.com\/de\/wp-json\/wp\/v2\/pwb-brand?post=10127"},{"taxonomy":"product_cat","embeddable":true,"href":"https:\/\/webstore4.com\/de\/wp-json\/wp\/v2\/product_cat?post=10127"},{"taxonomy":"product_tag","embeddable":true,"href":"https:\/\/webstore4.com\/de\/wp-json\/wp\/v2\/product_tag?post=10127"}],"curies":[{"name":"wp","href":"https:\/\/api.w.org\/{rel}","templated":true}]}}