{"id":10120,"date":"2021-10-01T00:12:27","date_gmt":"2021-09-30T22:12:27","guid":{"rendered":"https:\/\/webstore4.com\/\/?product=wl4-ipc-pt-w-5-full-hd-5-megapixel-wifi-buiten-pan-tilt-dome-met-wit-en-ir-nachtzicht-2-weg-audio-gratis-app-en-microsd-opname"},"modified":"2024-12-31T09:09:26","modified_gmt":"2024-12-31T08:09:26","slug":"wl4-ipc-pt-w-5-5-megapixel-wifi-pan-tilt-dome","status":"publish","type":"product","link":"https:\/\/webstore4.com\/de\/product\/wl4-ipc-pt-w-5-5-megapixel-wifi-pan-tilt-dome\/","title":{"rendered":"WL4 IPC-PT-W-5 Full HD 5 Megapixel WiFi Outdoor-Schwenk-Neige-Dome mit Wei\u00df- und IR-Nachtsicht, 2-Wege-Audio, kostenloser App und microSD-Aufnahme"},"content":{"rendered":"<p>Die WL4 IPC-PT-W-5 ist eine Full-HD-5-Megapixel-WLAN-Au\u00dfenkamera mit Schwenk-\/Neigefunktion, IR-Nachtsicht, Zwei-Wege-Audio (Mikrofon und Lautsprecher), Bewegungserkennung und der M\u00f6glichkeit zur Aufzeichnung auf einer microSD-Karte (nicht im Lieferumfang enthalten). ). Die Kamera ist f\u00fcr den Au\u00dfenbereich geeignet. Die Kamera l\u00e4sst sich neigen und drehen, aber NICHT zoomen. Der WL4 IPC-PT-W-5 verf\u00fcgt \u00fcber kein Webinterface und funktioniert NUR mit der kostenlosen App f\u00fcr iOS und Android. Der Link zur App und zum Handbuch ist unter der Registerkarte \u201eDokumentation\u201c enthalten.<\/p>\n<p><strong>M\u00f6glichkeiten<\/strong><\/p>\n<p>Der WL4 IPC-PT-W-5 zeigt Bilder in einer Full-HD-Aufl\u00f6sung von 2560 x 1920, 5 Megapixeln bei 15 Bildern pro Sekunde. Die Kamera verf\u00fcgt \u00fcber einen eingebauten automatischen IR-Sperrfilter, was sie zu einer echten Tag-\/Nachtkamera macht. Bei Dunkelheit kann die Kamera die integrierte IR-Beleuchtung einschalten und liefert so auch bei v\u00f6lliger Dunkelheit ein gestochen scharfes Bild. Die IR-Beleuchtung hat eine Reichweite von 30 Metern. Die Kamera verf\u00fcgt au\u00dferdem \u00fcber wei\u00dfes LED-Licht f\u00fcr ein Vollfarbbild im Dunkeln. Das wei\u00dfe LED-Licht kann auch manuell eingeschaltet werden. Die Kamera verf\u00fcgt \u00fcber ein festes 3,6-mm-Objektiv mit einem Sichtfeld von 77 Grad und kann daher nicht zoomen.<\/p>\n<p>Die Kamera verf\u00fcgt \u00fcber eine einstellbare Bewegungserkennung (Zeitplan und Empfindlichkeit) mit vorprogrammierten Alarmt\u00f6nen (Alarmton, Polizeisirene, bellender Hund) und Blitzlicht.<\/p>\n<p>F\u00fcr Apple iOS, iPhone und Android steht eine kostenlose mobile App zur Verf\u00fcgung, mit der sich Livebilder ansehen und alle Kamerafunktionen einstellen und bedienen lassen. Bewegungserkennungsbenachrichtigungen werden als Push-Nachricht an das Smartphone und beispielsweise eine Apple Watch gesendet. Die Kamera bietet die M\u00f6glichkeit, eine microSD-Karte mit bis zu 128 GB (nicht im Lieferumfang enthalten) zur Bildaufzeichnung einzustecken.<\/p>\n<p>Die Kamera kann sowohl mit WLAN als auch mit einem Netzwerkkabel verbunden werden. Die WL4 IPC-PT-W-5 verf\u00fcgt \u00fcber die Schutzart IP65, wodurch sich die Kamera ideal f\u00fcr den Au\u00dfenbereich eignet. Das Geh\u00e4use der Kamera besteht aus Kunststoff. Die Kamera muss mit dem mitgelieferten Netzteil mit Strom versorgt werden. Die Kamera wird mit einer Montagehalterung geliefert.<\/p>\n<p><strong>Wichtigste Funktionen<\/strong><\/p>\n<ul>\n<li>5-Megapixel-Full-HD-PT-Domekamera<\/li>\n<li>WLAN IEEE 802.11 b\/g\/n<\/li>\n<li>Tag-\/Nachtkamera mit automatischem mechanischem IR-Sperrfilter<\/li>\n<li>IR-Nachtsichtbeleuchtung bis zu 30 Meter<\/li>\n<li>Eingebauter Lautsprecher und Mikrofon<\/li>\n<li>Aufnahme auf microSD-Karte mit bis zu 128 GB (nicht im Lieferumfang enthalten)<\/li>\n<li>Kostenlose App f\u00fcr iOS und Android<\/li>\n<li>H.265-Codec<\/li>\n<li>DHCP<\/li>\n<li>Stromversorgung \u00fcber mitgelieferten 12VDC-Adapter<\/li>\n<li>Wetterfest IP65<\/li>\n<\/ul>\n<p><a href=\"https:\/\/webstore4.com\/Copyright\/\" target=\"_blank\" rel=\"noopener\"><span style=\"color: #ff6e03; font-size: 11px;\">\u00a9 Der Text ist urheberrechtlich gesch\u00fctzt<\/span><\/a><\/p>","protected":false},"excerpt":{"rendered":"<p>De WL4 IPC-PT-W-5 is een Full HD 5 megapixel WiFi buiten Pan Tilt dome camera met IR nachtzicht, tweeweg audio (microfoon en luidspreker), bewegingsdetectie en de mogelijkheid om op te nemen op een microSD kaart (niet meegeleverd). De camera\u00a0is geschikt voor buiten. De camera\u00a0kan kantelen en draaien maar NIET zoomen. De\u00a0WL4 IPC-PT-W-5 heeft geen webinterface<\/p>\n<div class=\"klb-readmore button\"><a class=\"btn link\" href=\"https:\/\/webstore4.com\/de\/product\/wl4-ipc-pt-w-5-5-megapixel-wifi-pan-tilt-dome\/\">Mehr lesen <i class=\"klbth-icon-right-arrow\"><\/i><\/a><\/div>","protected":false},"featured_media":10121,"comment_status":"open","ping_status":"closed","template":"","meta":[],"pwb-brand":[3380],"product_cat":[3435,4184,4185],"product_tag":[],"class_list":{"0":"post-10120","1":"product","2":"type-product","3":"status-publish","4":"has-post-thumbnail","6":"pwb-brand-wl4","7":"product_cat-ip-cameras","8":"product_cat-cameras","9":"product_cat-180-360-ptz-cameras","10":"product_shipping_class-pakket","11":"pa_aanbieding-opop","12":"pa_alarm-ingang-uitgang-nee","13":"pa_audio-ingang-uitgang","14":"pa_beeldsensor-1-3-cmos","15":"pa_dag-nacht-ir-cut-filter-ja","16":"pa_garantie-2-jaar","17":"pa_geheugenkaart-type-micro-sdsdhcsdxc-128gb","18":"pa_ingebouwd-type-nachtzicht-infrared-ir-led","19":"pa_lens-mm-3-6","20":"pa_materiaal-kunststof","21":"pa_megapixel-5mp","22":"pa_merk-wl4","23":"pa_mobiele-app-fabrikant-ja","24":"pa_nachtzicht-ja","25":"pa_omgeving-binnen-en-buiten","26":"pa_opnemen-op-sd-kaart-ja","27":"pa_poe-nee","28":"pa_resolutie-max-pixels-full-hd-2560x1920","29":"pa_vandaalbestendig-nee","30":"pa_voeding-inclusief-adapter","31":"pa_wdr-ja","33":"first","34":"instock","35":"sale","36":"sold-individually","37":"taxable","38":"shipping-taxable","39":"purchasable","40":"product-type-simple"},"brands":[{"id":3380,"name":"WL4","slug":"wl4"}],"_links":{"self":[{"href":"https:\/\/webstore4.com\/de\/wp-json\/wp\/v2\/product\/10120","targetHints":{"allow":["GET"]}}],"collection":[{"href":"https:\/\/webstore4.com\/de\/wp-json\/wp\/v2\/product"}],"about":[{"href":"https:\/\/webstore4.com\/de\/wp-json\/wp\/v2\/types\/product"}],"replies":[{"embeddable":true,"href":"https:\/\/webstore4.com\/de\/wp-json\/wp\/v2\/comments?post=10120"}],"wp:featuredmedia":[{"embeddable":true,"href":"https:\/\/webstore4.com\/de\/wp-json\/wp\/v2\/media\/10121"}],"wp:attachment":[{"href":"https:\/\/webstore4.com\/de\/wp-json\/wp\/v2\/media?parent=10120"}],"wp:term":[{"taxonomy":"pwb-brand","embeddable":true,"href":"https:\/\/webstore4.com\/de\/wp-json\/wp\/v2\/pwb-brand?post=10120"},{"taxonomy":"product_cat","embeddable":true,"href":"https:\/\/webstore4.com\/de\/wp-json\/wp\/v2\/product_cat?post=10120"},{"taxonomy":"product_tag","embeddable":true,"href":"https:\/\/webstore4.com\/de\/wp-json\/wp\/v2\/product_tag?post=10120"}],"curies":[{"name":"wp","href":"https:\/\/api.w.org\/{rel}","templated":true}]}}