{"id":10117,"date":"2021-09-30T22:29:12","date_gmt":"2021-09-30T20:29:12","guid":{"rendered":"https:\/\/webstore4.com\/\/?product=safire-sf-ipb025wha-4pw-full-hd-4mp-wifi-buiten-bullet-met-ir-nachtzicht-2-weg-audio-wdr-en-microsd"},"modified":"2026-01-05T19:03:21","modified_gmt":"2026-01-05T18:03:21","slug":"safire-sf-ipb025wha-4pw-4mp-wifi-bullet-camera","status":"publish","type":"product","link":"https:\/\/webstore4.com\/de\/product\/safire-sf-ipb025wha-4pw-4mp-wifi-bullet-camera\/","title":{"rendered":"Safire SF-IPB025WHA-4PW Full HD 4MP WLAN-Au\u00dfenkamera mit IR-Nachtsicht, 2-Wege-Audio, WDR und microSD"},"content":{"rendered":"<p>De Safire SF-IPB025WHA-4PW is een Full HD 4MP WiFi buiten bullet met ingebouwde microfoon en luidpreker, EXIR IR nachtzicht, 120dB WDR, H.265 en microSD kaart opname mogelijkheid (microSD niet meegeleverd).<\/p>\n<p><strong>M\u00f6glichkeiten<\/strong><\/p>\n<p>Der Safire SF-IPB025WHA-4PW-AI zeigt Bilder in einer Full-HD-Aufl\u00f6sung von 2560 x 1440 an. Die Kamera verf\u00fcgt \u00fcber einen eingebauten automatischen IR-Sperrfilter, was sie zu einer echten Tag-\/Nachtkamera macht. Bei Dunkelheit kann die Kamera die integrierte Matrix-IR-Beleuchtung zuschalten, die auch bei v\u00f6lliger Dunkelheit (0 Lux) f\u00fcr ein gestochen scharfes Bild sorgt. Die IR-Beleuchtung hat eine Reichweite von 30 Metern. Die Kamera verf\u00fcgt \u00fcber einen Wide Dynamic Range (WDR), der es der Kamera erm\u00f6glicht, komplexe Lichtverh\u00e4ltnisse zu bew\u00e4ltigen, beispielsweise durch Gegenlicht der Sonne oder Autoscheinwerfer.<\/p>\n<p>De camera beschikt ook over de mogelijkheid om in de camera op te nemen op een microSD geheugenkaart tot maximaal 256Gb.\u00a0Beelden kunnen onder meer ook worden opgeslagen op een Netwerk Video Recorder (NVR). De camera beschikt over een ingebouwde microfoon en luidspreker voor tweeweg audio.<\/p>\n<p>Hikvision heeft gratis mobile app beschikbaar voor Apple iOS en Android. De camera heeft een interne webserver die met een webbrowser kan worden bekeken en beheerd. Op de website van Safire is onder meer de gratis Video Management Software (VMS) voor een PC te downloaden. Onder de tab &#8220;Documentatie&#8221; is een link naar de productpagina van de fabrikant opgenomen.<\/p>\n<p>De Safire SF-IPB025WHA-4PW\u00a0heeft een IP67 rating waardoor de camera uitermate geschikt is voor gebruik buiten. De camera moet worden gevoed met een niet meegeleverde 12VDC voeding adapter. Onder het tabblad &#8220;Opties&#8221; kan worden aangegeven of een optionele montagebox moet worden meegeleverd.<\/p>\n<p><strong>Wichtigste Funktionen<\/strong><\/p>\n<ul>\n<li>4-Megapixel-Full-HD-Bullet-Kamera<\/li>\n<li>WLAN (802.11b\/g\/n)<\/li>\n<li>Tag-\/Nachtkamera mit automatischem mechanischem IR-Sperrfilter<\/li>\n<li>MicroSD-Kartensteckplatz f\u00fcr die Aufnahme in der Kamera auf einer microSD-Karte bis zu 256 GB<\/li>\n<li>Intelligente EXIR IR-Nachtsichtbeleuchtung bis zu 30 Meter<\/li>\n<li>120 dB breiter Dynamikbereich (WDR)<\/li>\n<li>Zonen-optionale Gegenlichtkompensation (BLC)<\/li>\n<li>3D-Digital-Rauschunterdr\u00fcckung (3D-DNR)<\/li>\n<li>Bewegungserkennung und Linien\u00fcberschreitung<\/li>\n<li>ONVIF-Protokoll<\/li>\n<li>H.265- und H.264+-Codec<\/li>\n<li>Stromversorgung durch 12VDC<\/li>\n<li>Wetterfest IP67<\/li>\n<li>Betriebstemperaturbereich -30\u00b0C ~ +60\u00b0C<\/li>\n<\/ul>\n<p><a href=\"https:\/\/webstore4.com\/Copyright\/\" target=\"_blank\" rel=\"noopener\"><span style=\"color: #ff6e03; font-size: 11px;\">\u00a9 Der Text ist urheberrechtlich gesch\u00fctzt<\/span><\/a><\/p>","protected":false},"excerpt":{"rendered":"<p>De Safire SF-IPB025WHA-4PW is een Full HD 4MP WiFi buiten bullet met ingebouwde microfoon en luidpreker, EXIR IR nachtzicht, 120dB WDR, H.265 en microSD kaart opname mogelijkheid (microSD niet meegeleverd). Mogelijkheden De Safire SF-IPB025WHA-4PW\u00a0geeft beelden weer in een Full HD 2560&#215;1440 resolutie. De camera heeft een ingebouwd automatisch IR-cut filter en is daarmee een echte<\/p>\n<div class=\"klb-readmore button\"><a class=\"btn link\" href=\"https:\/\/webstore4.com\/de\/product\/safire-sf-ipb025wha-4pw-4mp-wifi-bullet-camera\/\">Mehr lesen <i class=\"klbth-icon-right-arrow\"><\/i><\/a><\/div>","protected":false},"featured_media":10118,"comment_status":"open","ping_status":"closed","template":"","meta":[],"pwb-brand":[3385],"product_cat":[3435,4184,4219],"product_tag":[840],"class_list":{"0":"post-10117","1":"product","2":"type-product","3":"status-publish","4":"has-post-thumbnail","6":"pwb-brand-safire","7":"product_cat-ip-cameras","8":"product_cat-cameras","9":"product_cat-bullet-box-cameras-cameras","10":"product_tag-ds-2cv2041g2-idw","11":"product_shipping_class-pakket","12":"pa_aanbieding-sale","13":"pa_alarm-ingang-uitgang-nee","14":"pa_audio-microfoon-speaker","15":"pa_beeldhoek-graden-horizontaal-3868","16":"pa_beeldsensor-1-2-7-cmos","17":"pa_dag-nacht-ir-cut-filter-ja","18":"pa_draadloos-ja-wi-fi-802-11","19":"pa_geheugenkaart-type-micro-sdsdhcsdxc-256gb","20":"pa_ingebouwd-type-nachtzicht-infrared-ir-led","21":"pa_lens-mm-2-8","22":"pa_materiaal-kunststof","23":"pa_materiaal-metaal","24":"pa_megapixel-4mp","25":"pa_merk-safire","26":"pa_minimale-verlichting-0-009-lux-0-lux-met-ir","27":"pa_mobiele-app-fabrikant-ja","28":"pa_nachtzicht-ja","29":"pa_omgeving-binnen-en-buiten","30":"pa_opnemen-op-sd-kaart-ja","31":"pa_poe-nee","32":"pa_resolutie-max-pixels-full-hd-2560x1440","33":"pa_vandaalbestendig-nee","34":"pa_voeding-12vdc","35":"pa_wdr-ja","37":"first","38":"instock","39":"sale","40":"taxable","41":"shipping-taxable","42":"purchasable","43":"product-type-simple"},"brands":[{"id":3385,"name":"Safire","slug":"safire"}],"_links":{"self":[{"href":"https:\/\/webstore4.com\/de\/wp-json\/wp\/v2\/product\/10117","targetHints":{"allow":["GET"]}}],"collection":[{"href":"https:\/\/webstore4.com\/de\/wp-json\/wp\/v2\/product"}],"about":[{"href":"https:\/\/webstore4.com\/de\/wp-json\/wp\/v2\/types\/product"}],"replies":[{"embeddable":true,"href":"https:\/\/webstore4.com\/de\/wp-json\/wp\/v2\/comments?post=10117"}],"wp:featuredmedia":[{"embeddable":true,"href":"https:\/\/webstore4.com\/de\/wp-json\/wp\/v2\/media\/10118"}],"wp:attachment":[{"href":"https:\/\/webstore4.com\/de\/wp-json\/wp\/v2\/media?parent=10117"}],"wp:term":[{"taxonomy":"pwb-brand","embeddable":true,"href":"https:\/\/webstore4.com\/de\/wp-json\/wp\/v2\/pwb-brand?post=10117"},{"taxonomy":"product_cat","embeddable":true,"href":"https:\/\/webstore4.com\/de\/wp-json\/wp\/v2\/product_cat?post=10117"},{"taxonomy":"product_tag","embeddable":true,"href":"https:\/\/webstore4.com\/de\/wp-json\/wp\/v2\/product_tag?post=10117"}],"curies":[{"name":"wp","href":"https:\/\/api.w.org\/{rel}","templated":true}]}}