{"id":10104,"date":"2021-09-28T15:16:01","date_gmt":"2021-09-28T13:16:01","guid":{"rendered":"https:\/\/webstore4.com\/\/?product=wl4-pc-1236-12-weerstand-module-voor-12-36vdc-naar-12vdc-1-5a"},"modified":"2024-04-19T15:13:49","modified_gmt":"2024-04-19T14:13:49","slug":"wl4-pc-1236-12-weerstand-module-voor-12-36vdc-naar-12vdc-1-5a","status":"publish","type":"product","link":"https:\/\/webstore4.com\/de\/product\/wl4-pc-1236-12-weerstand-module-voor-12-36vdc-naar-12vdc-1-5a\/","title":{"rendered":"WL4 PC-1236-12 Widerstandsmodul f\u00fcr 12-36 VDC bis 12 VDC 1,5 A"},"content":{"rendered":"<p>Das WL4 PC-1236-12 ist ein Widerstandsmodul f\u00fcr 12-36 VDC bis 12 VDC 1,5 A. Mit diesem Modul ist es m\u00f6glich, ein 12-VDC-Magnetschloss oder Schlie\u00dfblech beispielsweise in einer 12- oder 36-VDC-Niederspannungsinstallation zu verwenden.<\/p>\n<p><strong>Wichtigste Funktionen<\/strong><\/p>\n<ul>\n<li>Eingang 12 bis 36 VDC<\/li>\n<li>Ausgang 12 VDC bei 1,5 Ampere<\/li>\n<\/ul>\n<p><a href=\"https:\/\/www.webstore4ipcameras.nl\/Copyright\" onclick=\"window.open(this.href, &#039;CopyrightWebStore4&#039;, &#039;resizable=yes,status=no,location=no,toolbar=no,menubar=no,fullscreen=no,scrollbars=no,dependent=no,width=1400,left=10,height=900,top=10&#039;); return false;\" target=\"_blank\" rel=\"noopener\"><span style=\"color:#FF6E03; font-size:11px\">\u00a9 Der Text ist urheberrechtlich gesch\u00fctzt<\/span><\/a><\/p>","protected":false},"excerpt":{"rendered":"<p>De WL4 PC-1236-12 is een weerstand module voor 12-36VDC naar 12VDC 1.5A. Met deze module is het mogelijk om bijvoorbeeld een 12VDC mageneetslot of sluitplaat te gebruiken in bijvoorbeeld 12 of 36VDC zwakstroom installatie. Belangrijkste kenmerken Ingang 12 tot 36VDC Uitgang 12VDC @ 1.5 Ampere &copy; Tekst is auteursrechtelijk beschermd<\/p>","protected":false},"featured_media":10105,"comment_status":"open","ping_status":"closed","template":"","meta":[],"pwb-brand":[3380],"product_cat":[3441,3458,4520],"product_tag":[],"class_list":{"0":"post-10104","1":"product","2":"type-product","3":"status-publish","4":"has-post-thumbnail","6":"pwb-brand-wl4","7":"product_cat-benodigdheden","8":"product_cat-voedingen","9":"product_cat-omvormers-en-usb","10":"pa_garantie-2-jaar","11":"pa_merk-wl4","12":"pa_omgeving-binnen","13":"pa_voeding-12-36vdc","15":"first","16":"instock","17":"taxable","18":"shipping-taxable","19":"purchasable","20":"product-type-simple"},"brands":[{"id":3380,"name":"WL4","slug":"wl4"}],"_links":{"self":[{"href":"https:\/\/webstore4.com\/de\/wp-json\/wp\/v2\/product\/10104","targetHints":{"allow":["GET"]}}],"collection":[{"href":"https:\/\/webstore4.com\/de\/wp-json\/wp\/v2\/product"}],"about":[{"href":"https:\/\/webstore4.com\/de\/wp-json\/wp\/v2\/types\/product"}],"replies":[{"embeddable":true,"href":"https:\/\/webstore4.com\/de\/wp-json\/wp\/v2\/comments?post=10104"}],"wp:featuredmedia":[{"embeddable":true,"href":"https:\/\/webstore4.com\/de\/wp-json\/wp\/v2\/media\/10105"}],"wp:attachment":[{"href":"https:\/\/webstore4.com\/de\/wp-json\/wp\/v2\/media?parent=10104"}],"wp:term":[{"taxonomy":"pwb-brand","embeddable":true,"href":"https:\/\/webstore4.com\/de\/wp-json\/wp\/v2\/pwb-brand?post=10104"},{"taxonomy":"product_cat","embeddable":true,"href":"https:\/\/webstore4.com\/de\/wp-json\/wp\/v2\/product_cat?post=10104"},{"taxonomy":"product_tag","embeddable":true,"href":"https:\/\/webstore4.com\/de\/wp-json\/wp\/v2\/product_tag?post=10104"}],"curies":[{"name":"wp","href":"https:\/\/api.w.org\/{rel}","templated":true}]}}