{"id":10085,"date":"2021-09-21T17:54:50","date_gmt":"2021-09-21T15:54:50","guid":{"rendered":"https:\/\/webstore4.com\/\/?product=wl4-4g-lte-ap-r-wifi-access-point-4g-lte-router-met-2x-rj45-poort-en-300mbps"},"modified":"2024-04-19T15:13:47","modified_gmt":"2024-04-19T14:13:47","slug":"wl4-4g-lte-ap-r-wifi-access-point-4g-lte-router","status":"publish","type":"product","link":"https:\/\/webstore4.com\/de\/product\/wl4-4g-lte-ap-r-wifi-access-point-4g-lte-router\/","title":{"rendered":"WL4 4G-LTE-AP-R WLAN-Zugangspunkt 4G LTE-Router mit 2x RJ45-Port und 300 Mbit\/s"},"content":{"rendered":"<p>Der WL4 4G-LTE-AP-R ist ein WLAN-Access-Point-4G-LTE-Router mit 2x RJ45-Port und 300 Mbit\/s. Die RJ45-Anschl\u00fcsse erm\u00f6glichen es, ein kabelgebundenes IP-Ger\u00e4t, wie eine IP-Kamera oder einen NVR, \u00fcber das 4G-Mobilfunknetz drahtlos zu machen. An den 4G-LTE-AP-R kann auch ein Switch angeschlossen werden, sodass mehrere kabelgebundene Ger\u00e4te angeschlossen werden k\u00f6nnen. Der 4G-LTE-AP-R verf\u00fcgt au\u00dferdem \u00fcber einen RJ45-WAN-Port f\u00fcr die kabelgebundene Verbindung zum Internet.<\/p>\n<p>Beispielsweise eignet sich der 4G-LTE-AP-R auch sehr gut f\u00fcr eine 4G-Internetverbindung in einem WL4-Solarpanel-Energiesystem (netzunabh\u00e4ngig). An einem Standort ohne Strom und festes Internet kann beispielsweise eine IP-Kamera mit Strom versorgt und mit dem Internet verbunden werden. Der WL4 4G-LTE-AP-R eignet sich auch sehr gut als 4G-Backup-Verbindung f\u00fcr ein Alarmsystem, Zutrittskontrollsystem oder IP-Kamerasystem.<\/p>\n<p>Der WL4 4G-LTE-AP-R muss mit einem standardm\u00e4\u00dfigen 5-VDC-USB-Ladeger\u00e4t (nicht im Lieferumfang enthalten) oder dem mitgelieferten 12-VDC-Adapter mit Strom versorgt werden.<\/p>\n<p><strong>Hauptmerkmale<\/strong><\/p>\n<ul>\n<li>Unterst\u00fctzung f\u00fcr 3G und 4G (SIM-Karte nicht im Lieferumfang enthalten)<\/li>\n<li>2 x RJ45 10\/100 Mbit\/s \u2013 LAN<\/li>\n<li>1 x RJ45 10\/100 Mbit\/s \u2013 LAN\/WAN<\/li>\n<li>Geschwindigkeiten 11n: 300 Mbit\/s \/ 11g: 54 Mbit\/s \/ 11b: 11 Mbit\/s \/ LTE: 150\/50 Mbit\/s<\/li>\n<li>Sim-Sperre kostenlos<\/li>\n<li>WLAN IEEE 802.11 b\/g\/n 2,4 GHz<\/li>\n<li>2 x Rundstrahlantenne Wi-Fi 8 dBi<\/li>\n<li>DHCP<\/li>\n<li>2,4 GHz<\/li>\n<\/ul>\n<p><a href=\"https:\/\/webstore4.com\/Copyright\/\" target=\"_blank\" rel=\"noopener\"><span style=\"color: #ff6e03; font-size: 11px;\">\u00a9 Der Text ist urheberrechtlich gesch\u00fctzt<\/span><\/a><\/p>","protected":false},"excerpt":{"rendered":"<p>De WL4 4G-LTE-AP-R is een Wi-Fi access point 4G LTE router met 2x RJ45 poort en 300Mbps. Door de RJ45 poorten is het mogelijk om een bedraad IP apparaat, zoals een IP camera of NVR, draadloos te maken via het 4G mobiele netwerk. Er kan ook een switch worden verbonden met de 4G-LTE-AP-R waardoor er<\/p>\n<div class=\"klb-readmore button\"><a class=\"btn link\" href=\"https:\/\/webstore4.com\/de\/product\/wl4-4g-lte-ap-r-wifi-access-point-4g-lte-router\/\">Mehr lesen <i class=\"klbth-icon-right-arrow\"><\/i><\/a><\/div>","protected":false},"featured_media":15464,"comment_status":"open","ping_status":"closed","template":"","meta":[],"pwb-brand":[3380],"product_cat":[3440,3511],"product_tag":[],"class_list":{"0":"post-10085","1":"product","2":"type-product","3":"status-publish","4":"has-post-thumbnail","6":"pwb-brand-wl4","7":"product_cat-netwerk","8":"product_cat-router-4g5g","9":"product_shipping_class-pakket","10":"pa_draadloos-ja","11":"pa_functies-access-point-client-bridge","12":"pa_materiaal-kunststof","13":"pa_merk-wl4","14":"pa_voeding-12vdc","15":"pa_voeding-5v-usb","17":"first","18":"onbackorder","19":"taxable","20":"shipping-taxable","21":"purchasable","22":"product-type-simple"},"brands":[{"id":3380,"name":"WL4","slug":"wl4"}],"_links":{"self":[{"href":"https:\/\/webstore4.com\/de\/wp-json\/wp\/v2\/product\/10085","targetHints":{"allow":["GET"]}}],"collection":[{"href":"https:\/\/webstore4.com\/de\/wp-json\/wp\/v2\/product"}],"about":[{"href":"https:\/\/webstore4.com\/de\/wp-json\/wp\/v2\/types\/product"}],"replies":[{"embeddable":true,"href":"https:\/\/webstore4.com\/de\/wp-json\/wp\/v2\/comments?post=10085"}],"wp:featuredmedia":[{"embeddable":true,"href":"https:\/\/webstore4.com\/de\/wp-json\/wp\/v2\/media\/15464"}],"wp:attachment":[{"href":"https:\/\/webstore4.com\/de\/wp-json\/wp\/v2\/media?parent=10085"}],"wp:term":[{"taxonomy":"pwb-brand","embeddable":true,"href":"https:\/\/webstore4.com\/de\/wp-json\/wp\/v2\/pwb-brand?post=10085"},{"taxonomy":"product_cat","embeddable":true,"href":"https:\/\/webstore4.com\/de\/wp-json\/wp\/v2\/product_cat?post=10085"},{"taxonomy":"product_tag","embeddable":true,"href":"https:\/\/webstore4.com\/de\/wp-json\/wp\/v2\/product_tag?post=10085"}],"curies":[{"name":"wp","href":"https:\/\/api.w.org\/{rel}","templated":true}]}}