{"id":10083,"date":"2021-09-21T14:54:28","date_gmt":"2021-09-21T12:54:28","guid":{"rendered":"https:\/\/webstore4.com\/\/?product=wl4-eoc-epoe-eoc-passieve-converter-voor-dahua-epoe-ip-over-analoge-coax-kabel-in-set-van-2-stuks"},"modified":"2025-02-14T06:55:20","modified_gmt":"2025-02-14T05:55:20","slug":"wl4-eoc-epoe-eoc-passieve-converter","status":"publish","type":"product","link":"https:\/\/webstore4.com\/de\/product\/wl4-eoc-epoe-eoc-passieve-converter\/","title":{"rendered":"WL4 EOC-EPOE EoC passiver Konverter f\u00fcr Dahua ePOE IP \u00fcber analoges Koaxialkabel im 2er-Set"},"content":{"rendered":"<p>Der WL4 EOC-EPOE ist ein Konverter f\u00fcr <u><strong>Dahua ePOE<\/strong><\/u> IP-Daten- und Strom\u00fcbertragung \u00fcber weite Distanzen per Koaxialkabel.<br \/>\nDer Konverter verf\u00fcgt \u00fcber einen BNC-Koaxialstecker und einen RJ45-Stecker. Der Konverter wird im 2er-Set geliefert und funktioniert nur mit Rekordern und Kameras, die den ePOE-Standard unterst\u00fctzen.<\/p>\n<p><strong>Wichtigste Funktionen<\/strong><\/p>\n<ul>\n<li>Konverter f\u00fcr ePoE<\/li>\n<li>Set bestehend aus 2 St\u00fcck<\/li>\n<\/ul>\n<p><a href=\"https:\/\/webstore4.com\/Copyright\/\" target=\"_blank\" rel=\"noopener\"><span style=\"color: #ff6e03; font-size: 11px;\">\u00a9 Der Text ist urheberrechtlich gesch\u00fctzt<\/span><\/a><\/p>","protected":false},"excerpt":{"rendered":"<p>De WL4 EOC-EPOE is een converter voor Dahua\u00a0ePOE IP data en voeding overdracht over een lange afstand via coax\u00a0kabel. De converter heeft een BNC coaxiale connector en een RJ45 connector. De converter wordt geleverd als set van 2 stuks en werkt enkel met recorders en camera&#8217;s die de ePOE-standaard ondersteunen. Belangrijkste kenmerken Converter voor ePoE<\/p>\n<div class=\"klb-readmore button\"><a class=\"btn link\" href=\"https:\/\/webstore4.com\/de\/product\/wl4-eoc-epoe-eoc-passieve-converter\/\">Mehr lesen <i class=\"klbth-icon-right-arrow\"><\/i><\/a><\/div>","protected":false},"featured_media":15497,"comment_status":"open","ping_status":"closed","template":"","meta":[],"pwb-brand":[3380],"product_cat":[3440,4188],"product_tag":[],"class_list":{"0":"post-10083","1":"product","2":"type-product","3":"status-publish","4":"has-post-thumbnail","6":"pwb-brand-wl4","7":"product_cat-netwerk","8":"product_cat-poe","9":"product_shipping_class-pakket","10":"pa_merk-wl4","12":"first","13":"instock","14":"taxable","15":"shipping-taxable","16":"purchasable","17":"product-type-simple"},"brands":[{"id":3380,"name":"WL4","slug":"wl4"}],"_links":{"self":[{"href":"https:\/\/webstore4.com\/de\/wp-json\/wp\/v2\/product\/10083","targetHints":{"allow":["GET"]}}],"collection":[{"href":"https:\/\/webstore4.com\/de\/wp-json\/wp\/v2\/product"}],"about":[{"href":"https:\/\/webstore4.com\/de\/wp-json\/wp\/v2\/types\/product"}],"replies":[{"embeddable":true,"href":"https:\/\/webstore4.com\/de\/wp-json\/wp\/v2\/comments?post=10083"}],"wp:featuredmedia":[{"embeddable":true,"href":"https:\/\/webstore4.com\/de\/wp-json\/wp\/v2\/media\/15497"}],"wp:attachment":[{"href":"https:\/\/webstore4.com\/de\/wp-json\/wp\/v2\/media?parent=10083"}],"wp:term":[{"taxonomy":"pwb-brand","embeddable":true,"href":"https:\/\/webstore4.com\/de\/wp-json\/wp\/v2\/pwb-brand?post=10083"},{"taxonomy":"product_cat","embeddable":true,"href":"https:\/\/webstore4.com\/de\/wp-json\/wp\/v2\/product_cat?post=10083"},{"taxonomy":"product_tag","embeddable":true,"href":"https:\/\/webstore4.com\/de\/wp-json\/wp\/v2\/product_tag?post=10083"}],"curies":[{"name":"wp","href":"https:\/\/api.w.org\/{rel}","templated":true}]}}