{"id":10075,"date":"2021-09-06T19:04:15","date_gmt":"2021-09-06T17:04:15","guid":{"rendered":"https:\/\/webstore4.com\/\/?product=wl4-eoc-ext-200-passieve-eoc-converter-voor-ip-over-analoge-coax-kabel-in-set-van-2-stuks-maximaal-200-meter"},"modified":"2025-01-11T08:21:21","modified_gmt":"2025-01-11T07:21:21","slug":"wl4-eoc-ext-200-passieve-eoc-converter","status":"publish","type":"product","link":"https:\/\/webstore4.com\/de\/product\/wl4-eoc-ext-200-passieve-eoc-converter\/","title":{"rendered":"WL4 EOC-EXT-200 passiver EoC-Konverter f\u00fcr IP \u00fcber analoges Koaxialkabel im 2er-Set, maximal 200 Meter"},"content":{"rendered":"<p>Der WL4 EOC-EXT-200 ist ein passiver Ethernet-over-Coax (EoC)-Externalisierer\/Konverter f\u00fcr IP-Signale \u00fcber analoges (RG59)-Koaxialkabel. Der Extender\/Transceiver verf\u00fcgt \u00fcber einen BNC-Koaxialstecker und einen RJ45-Stecker. Das EOC-EXT-200 wird als Set mit 2 St\u00fcck geliefert.<\/p>\n<p>Jeder Extender\/Transceiver verf\u00fcgt \u00fcber einen RJ45-Ethernet-Anschluss und einen BNC-Anschluss f\u00fcr das Koaxialkabel, \u00fcber das das Signal l\u00e4uft. Der maximale Abstand zwischen Transceivern betr\u00e4gt 200 Meter mit RG59-Kabel und 250 Meter mit RG6-Kabel. Die \u00dcbertragungsgeschwindigkeit betr\u00e4gt maximal 10 Mbit\/s. Beide Extender\/Transceiver sind passiv und ben\u00f6tigen keine externe Stromversorgung. Die maximale Entfernung des Netzwerkkabels zu den Endger\u00e4ten (z. B. einer IP-Kamera) muss k\u00fcrzer als 1 Meter sein.<\/p>\n<p><strong>Wichtigste Funktionen<\/strong><\/p>\n<ul>\n<li>Beide extenders\/transceivers zijn passief<\/li>\n<li>Transmissiesnelheid is 10 Mbps maximaal<\/li>\n<li>Set bestehend aus 2 St\u00fcck<\/li>\n<\/ul>\n<p><a href=\"https:\/\/webstore4.com\/Copyright\/\" target=\"_blank\" rel=\"noopener\"><span style=\"color: #ff6e03; font-size: 11px;\">\u00a9 Der Text ist urheberrechtlich gesch\u00fctzt<\/span><\/a><\/p>","protected":false},"excerpt":{"rendered":"<p>De WL4 EOC-EXT-200 is een passieve Ethernet over Coax (EoC) extender\/converter voor IP signaal over analoge (RG59) coax kabel . De extender\/transceiver heeft een BNC coaxiale connector en een RJ45 connector. De EOC-EXT-200 wordt geleverd als set van 2 stuks. Elke extender\/transceiver heeft een RJ45 Ethernet connector en een BNC connector voor de coaxkabel waarover<\/p>\n<div class=\"klb-readmore button\"><a class=\"btn link\" href=\"https:\/\/webstore4.com\/de\/product\/wl4-eoc-ext-200-passieve-eoc-converter\/\">Mehr lesen <i class=\"klbth-icon-right-arrow\"><\/i><\/a><\/div>","protected":false},"featured_media":10076,"comment_status":"open","ping_status":"closed","template":"","meta":[],"pwb-brand":[3380],"product_cat":[3441,3440,4188],"product_tag":[],"class_list":{"0":"post-10075","1":"product","2":"type-product","3":"status-publish","4":"has-post-thumbnail","6":"pwb-brand-wl4","7":"product_cat-benodigdheden","8":"product_cat-netwerk","9":"product_cat-poe","10":"pa_merk-wl4","12":"first","13":"onbackorder","14":"taxable","15":"shipping-taxable","16":"purchasable","17":"product-type-simple"},"brands":[{"id":3380,"name":"WL4","slug":"wl4"}],"_links":{"self":[{"href":"https:\/\/webstore4.com\/de\/wp-json\/wp\/v2\/product\/10075","targetHints":{"allow":["GET"]}}],"collection":[{"href":"https:\/\/webstore4.com\/de\/wp-json\/wp\/v2\/product"}],"about":[{"href":"https:\/\/webstore4.com\/de\/wp-json\/wp\/v2\/types\/product"}],"replies":[{"embeddable":true,"href":"https:\/\/webstore4.com\/de\/wp-json\/wp\/v2\/comments?post=10075"}],"wp:featuredmedia":[{"embeddable":true,"href":"https:\/\/webstore4.com\/de\/wp-json\/wp\/v2\/media\/10076"}],"wp:attachment":[{"href":"https:\/\/webstore4.com\/de\/wp-json\/wp\/v2\/media?parent=10075"}],"wp:term":[{"taxonomy":"pwb-brand","embeddable":true,"href":"https:\/\/webstore4.com\/de\/wp-json\/wp\/v2\/pwb-brand?post=10075"},{"taxonomy":"product_cat","embeddable":true,"href":"https:\/\/webstore4.com\/de\/wp-json\/wp\/v2\/product_cat?post=10075"},{"taxonomy":"product_tag","embeddable":true,"href":"https:\/\/webstore4.com\/de\/wp-json\/wp\/v2\/product_tag?post=10075"}],"curies":[{"name":"wp","href":"https:\/\/api.w.org\/{rel}","templated":true}]}}