{"id":10051,"date":"2021-08-27T11:43:54","date_gmt":"2021-08-27T09:43:54","guid":{"rendered":"https:\/\/webstore4.com\/\/?product=yli-pcb-504-weerstand-module-voor-24vdc-naar-12vdc"},"modified":"2024-04-19T15:13:38","modified_gmt":"2024-04-19T14:13:38","slug":"yli-pcb-504-weerstand-module-voor-24vdc-naar-12vdc","status":"publish","type":"product","link":"https:\/\/webstore4.com\/de\/product\/yli-pcb-504-weerstand-module-voor-24vdc-naar-12vdc\/","title":{"rendered":"YLI PCB-504 weerstand module voor 24VDC naar 12VDC"},"content":{"rendered":"<p>Das YLI PCB-504B ist ein Modul zur Umwandlung von 36-72 VDC in 12 VDC. Mit diesem Modul ist es beispielsweise m\u00f6glich, ein 12-VDC-Magnetschloss oder Schlie\u00dfblech in einer 36-72-VDC-Niederspannungsinstallation zu verwenden. F\u00fcr die richtige Anwendung empfehlen wir Ihnen, das Datenblatt im Reiter \u201eDokumentation\u201c zu konsultieren.<\/p>\n<p><strong>Wichtigste Funktionen<\/strong><\/p>\n<ul>\n<li>Ingang 12 tot 28VDC<\/li>\n<li>Ausgang 12 VDC bei 1 Ampere<\/li>\n<\/ul>\n<p><a href=\"https:\/\/www.webstore4ipcameras.nl\/Copyright\" onclick=\"window.open(this.href, &#039;CopyrightWebStore4&#039;, &#039;resizable=yes,status=no,location=no,toolbar=no,menubar=no,fullscreen=no,scrollbars=no,dependent=no,width=1400,left=10,height=900,top=10&#039;); return false;\" target=\"_blank\" rel=\"noopener\"><span style=\"color:#FF6E03; font-size:11px\">\u00a9 Der Text ist urheberrechtlich gesch\u00fctzt<\/span><\/a><\/p>\n<p><strong>Dokumentation<\/strong><\/p>\n<p><span style=\"font-size:14px\"><a href=\"https:\/\/www.webstore4ipcameras.nl\/documentation\/YLI-PCB-504-WebStore4.pdf\" target=\"_blank\" rel=\"noopener\"><span style=\"color:#FF6E03\"><img decoding=\"async\" alt=\"\" src=\"https:\/\/www.webstore4ipcameras.nl\/image\/data\/multistore\/pdf-icon.png\" style=\"float:left;height:20px;margin-left:5px;margin-right:5px;width:20px\">Datenblatt<\/span><\/a><\/span><\/p>","protected":false},"excerpt":{"rendered":"<p>De YLI PCB-504 is een module voor het omvormen van 24VDC naar 12VDC. Met deze module is het mogelijk om bijvoorbeeld een 12VDC mageneetslot of sluitplaat te gebruiken in een 24VDC zwakstroom installatie. Wij adviseren de datasheet die is opgenomen onder het tabblad &quot;Documentatie&quot; te raadplegen voor de juiste toepassing. Belangrijkste kenmerken Ingang 12 tot<\/p>\n<div class=\"klb-readmore button\"><a class=\"btn link\" href=\"https:\/\/webstore4.com\/de\/product\/yli-pcb-504-weerstand-module-voor-24vdc-naar-12vdc\/\">Mehr lesen <i class=\"klbth-icon-right-arrow\"><\/i><\/a><\/div>","protected":false},"featured_media":10052,"comment_status":"open","ping_status":"closed","template":"","meta":[],"pwb-brand":[3382],"product_cat":[3441,3458,4520],"product_tag":[],"class_list":{"0":"post-10051","1":"product","2":"type-product","3":"status-publish","4":"has-post-thumbnail","6":"pwb-brand-yli","7":"product_cat-benodigdheden","8":"product_cat-voedingen","9":"product_cat-omvormers-en-usb","10":"pa_garantie-3-jaar","11":"pa_merk-yli","12":"pa_omgeving-binnen","13":"pa_voeding-12-28vdc","15":"first","16":"instock","17":"taxable","18":"shipping-taxable","19":"purchasable","20":"product-type-simple"},"brands":[{"id":3382,"name":"YLI","slug":"yli"}],"_links":{"self":[{"href":"https:\/\/webstore4.com\/de\/wp-json\/wp\/v2\/product\/10051","targetHints":{"allow":["GET"]}}],"collection":[{"href":"https:\/\/webstore4.com\/de\/wp-json\/wp\/v2\/product"}],"about":[{"href":"https:\/\/webstore4.com\/de\/wp-json\/wp\/v2\/types\/product"}],"replies":[{"embeddable":true,"href":"https:\/\/webstore4.com\/de\/wp-json\/wp\/v2\/comments?post=10051"}],"wp:featuredmedia":[{"embeddable":true,"href":"https:\/\/webstore4.com\/de\/wp-json\/wp\/v2\/media\/10052"}],"wp:attachment":[{"href":"https:\/\/webstore4.com\/de\/wp-json\/wp\/v2\/media?parent=10051"}],"wp:term":[{"taxonomy":"pwb-brand","embeddable":true,"href":"https:\/\/webstore4.com\/de\/wp-json\/wp\/v2\/pwb-brand?post=10051"},{"taxonomy":"product_cat","embeddable":true,"href":"https:\/\/webstore4.com\/de\/wp-json\/wp\/v2\/product_cat?post=10051"},{"taxonomy":"product_tag","embeddable":true,"href":"https:\/\/webstore4.com\/de\/wp-json\/wp\/v2\/product_tag?post=10051"}],"curies":[{"name":"wp","href":"https:\/\/api.w.org\/{rel}","templated":true}]}}