{"id":10050,"date":"2021-08-26T16:48:02","date_gmt":"2021-08-26T14:48:02","guid":{"rendered":"https:\/\/webstore4.com\/\/?product=yli-ys-131no-s-elektrische-sluitplaat-met-sensor-arbeidsstroom-24vdc"},"modified":"2024-05-31T13:20:51","modified_gmt":"2024-05-31T12:20:51","slug":"yli-ys-131no-s-elektrische-sluitplaat-met-sensor-arbeidsstroom-24vdc","status":"publish","type":"product","link":"https:\/\/webstore4.com\/de\/product\/yli-ys-131no-s-elektrische-sluitplaat-met-sensor-arbeidsstroom-24vdc\/","title":{"rendered":"YLI YS-131NO-S elektrisches Schlie\u00dfblech mit Sensorbetriebsstrom 24VDC"},"content":{"rendered":"<p>Der YLI YS-131NO-S ist ein hochwertiger Elektro-T\u00fcr\u00f6ffner mit Betriebsstrom 24VDC mit Statussensor. \u201eArbeitsstrom\u201c bedeutet spannungslos verriegelt. Bei Stromausfall bleibt die T\u00fcr geschlossen (ausfallsicher).<\/p>\n<p><strong>M\u00f6glichkeiten<\/strong><\/p>\n<p>Der YLI YS-139NO ist f\u00fcr den Einsatz mit Zugangskontrollsystemen wie Gegensprechanlagen und Kartenlesern geeignet und hat eine St\u00e4rke von 500 kg. Das Schloss muss mit 12 VDC betrieben werden. Netzteil ist nicht im Lieferumfang enthalten. Unter der Registerkarte \u201eVerwandt\u201c sind verschiedene Netzteile aufgef\u00fchrt. F\u00fcr die Abmessungen und die korrekte Anwendung empfehlen wir Ihnen, das Datenblatt zu konsultieren, das unter der Registerkarte \u201eDokumentation\u201c enthalten ist.<\/p>\n<p><strong>Wichtigste Funktionen<\/strong><\/p>\n<ul>\n<li>Fail-Secure-Sperre<\/li>\n<li>T\u00fcrstatusausgang (NO\/NC\/COM)<\/li>\n<li>24 VDC\/100 mA<\/li>\n<li>500 kg Haltekraft<\/li>\n<li>Innenraum aus Edelstahl<\/li>\n<li>Eingebaut<\/li>\n<\/ul>\n<p><a href=\"https:\/\/webstore4.com\/Copyright\/\" target=\"_blank\" rel=\"noopener\"><span style=\"color: #ff6e03; font-size: 11px;\">\u00a9 Der Text ist urheberrechtlich gesch\u00fctzt<\/span><\/a><\/p>","protected":false},"excerpt":{"rendered":"<p>De YLI YS-131NO-S is een hoogwaardige\u00a0elektrische sluitplaat arbeidsstroom 24VDC\u00a0met een status sensor. \u00a0\u2018Arbeidsstroom\u2019 betekent spanningsloos vergrendeld. De deur blijft gesloten als de spanning wegvalt\u00a0(fail-secure). Mogelijkheden De YLI YS-131NO-S is geschikt om te worden gebruikt met toegangscontrole systemen zoals intercom en paslezers en heeft een kracht van 500KG. Het slot moet worden gevoed met 12VDC. Voeding<\/p>\n<div class=\"klb-readmore button\"><a class=\"btn link\" href=\"https:\/\/webstore4.com\/de\/product\/yli-ys-131no-s-elektrische-sluitplaat-met-sensor-arbeidsstroom-24vdc\/\">Mehr lesen <i class=\"klbth-icon-right-arrow\"><\/i><\/a><\/div>","protected":false},"featured_media":7941,"comment_status":"open","ping_status":"closed","template":"","meta":[],"pwb-brand":[3382],"product_cat":[4191,4197],"product_tag":[],"class_list":{"0":"post-10050","1":"product","2":"type-product","3":"status-publish","4":"has-post-thumbnail","6":"pwb-brand-yli","7":"product_cat-access","8":"product_cat-elektrische-sloten","9":"product_shipping_class-pakket","10":"pa_fail-fail-secure","11":"pa_garantie-3-jaar","12":"pa_materiaal-roestvast-staal","13":"pa_merk-yli","14":"pa_montage-inbouw","15":"pa_omgeving-binnen","16":"pa_product-sluitplaat","17":"pa_voeding-24vdc","18":"pa_weerstand-kracht-500-kg","20":"first","21":"instock","22":"taxable","23":"shipping-taxable","24":"purchasable","25":"product-type-simple"},"brands":[{"id":3382,"name":"YLI","slug":"yli"}],"_links":{"self":[{"href":"https:\/\/webstore4.com\/de\/wp-json\/wp\/v2\/product\/10050","targetHints":{"allow":["GET"]}}],"collection":[{"href":"https:\/\/webstore4.com\/de\/wp-json\/wp\/v2\/product"}],"about":[{"href":"https:\/\/webstore4.com\/de\/wp-json\/wp\/v2\/types\/product"}],"replies":[{"embeddable":true,"href":"https:\/\/webstore4.com\/de\/wp-json\/wp\/v2\/comments?post=10050"}],"wp:featuredmedia":[{"embeddable":true,"href":"https:\/\/webstore4.com\/de\/wp-json\/wp\/v2\/media\/7941"}],"wp:attachment":[{"href":"https:\/\/webstore4.com\/de\/wp-json\/wp\/v2\/media?parent=10050"}],"wp:term":[{"taxonomy":"pwb-brand","embeddable":true,"href":"https:\/\/webstore4.com\/de\/wp-json\/wp\/v2\/pwb-brand?post=10050"},{"taxonomy":"product_cat","embeddable":true,"href":"https:\/\/webstore4.com\/de\/wp-json\/wp\/v2\/product_cat?post=10050"},{"taxonomy":"product_tag","embeddable":true,"href":"https:\/\/webstore4.com\/de\/wp-json\/wp\/v2\/product_tag?post=10050"}],"curies":[{"name":"wp","href":"https:\/\/api.w.org\/{rel}","templated":true}]}}