{"id":10027,"date":"2021-08-13T23:28:46","date_gmt":"2021-08-13T21:28:46","guid":{"rendered":"https:\/\/webstore4.com\/\/?product=wl4-cvt-3624dc3a-inline-lcd-stroom-en-spanning-meter-van-3-6-tot-24vdc-en-0-tot-3-ampere"},"modified":"2024-06-21T13:19:18","modified_gmt":"2024-06-21T12:19:18","slug":"wl4-cvt-3624dc3a-inline-lcd-stroom-en-spanning-meter","status":"publish","type":"product","link":"https:\/\/webstore4.com\/de\/product\/wl4-cvt-3624dc3a-inline-lcd-stroom-en-spanning-meter\/","title":{"rendered":"WL4 CVT-3624DC3A Inline-LCD-Strom- und Spannungsmessger\u00e4t von 3,6 bis 24 VDC und 0 bis 3 Ampere"},"content":{"rendered":"<p>Der WL4 CVT-3624DC3A ist ein Inline-LCD-Strom- und Spannungsmessger\u00e4t mit einem Bereich von 3,6 bis 24 VDC und 0 bis 3 Ampere. Der Tester selbst ben\u00f6tigt keine Stromversorgung. Der CVT-3624DC3A verf\u00fcgt \u00fcber einen 3,5-mm-Stecker und eine Buchse und kann daher problemlos zwischen Adapter und Ger\u00e4t platziert werden.<\/p>\n<p><strong>Wichtigste Funktionen<\/strong><\/p>\n<ul>\n<li>Stroom en spanningsmeter<\/li>\n<li>Ingangsspanning 3,6-24 VDC<\/li>\n<li>LCD scherm met rood licht<\/li>\n<li>Maximale stroom 3A<\/li>\n<\/ul>\n<p><a href=\"https:\/\/www.webstore4ipcameras.nl\/Copyright\" target=\"_blank\" rel=\"noopener\"><span style=\"color: #ff6e03; font-size: 11px;\">\u00a9 Der Text ist urheberrechtlich gesch\u00fctzt<\/span><\/a><\/p>","protected":false},"excerpt":{"rendered":"<p>Der WL4 CVT-3624DC3A ist ein Inline-LCD-Strom- und Spannungsmessger\u00e4t mit einem Bereich von 3,6 bis 24 VDC und 0 bis 3 Ampere. Der Tester selbst ben\u00f6tigt keine Stromversorgung. Der CVT-3624DC3A verf\u00fcgt \u00fcber einen 3,5-mm-Stecker und eine Buchse und kann daher problemlos zwischen Adapter und Ger\u00e4t platziert werden.<\/p>\n<div class=\"klb-readmore button\"><a class=\"btn link\" href=\"https:\/\/webstore4.com\/de\/product\/wl4-cvt-3624dc3a-inline-lcd-stroom-en-spanning-meter\/\">Mehr lesen <i class=\"klbth-icon-right-arrow\"><\/i><\/a><\/div>","protected":false},"featured_media":14399,"comment_status":"closed","ping_status":"closed","template":"","meta":[],"pwb-brand":[3380],"product_cat":[3441,3461],"product_tag":[],"class_list":{"0":"post-10027","1":"product","2":"type-product","3":"status-publish","4":"has-post-thumbnail","6":"pwb-brand-wl4","7":"product_cat-benodigdheden","8":"product_cat-testers","9":"pa_merk-wl4","10":"pa_test-voor-stroom","12":"first","13":"instock","14":"taxable","15":"shipping-taxable","16":"purchasable","17":"product-type-simple"},"brands":[{"id":3380,"name":"WL4","slug":"wl4"}],"_links":{"self":[{"href":"https:\/\/webstore4.com\/de\/wp-json\/wp\/v2\/product\/10027","targetHints":{"allow":["GET"]}}],"collection":[{"href":"https:\/\/webstore4.com\/de\/wp-json\/wp\/v2\/product"}],"about":[{"href":"https:\/\/webstore4.com\/de\/wp-json\/wp\/v2\/types\/product"}],"replies":[{"embeddable":true,"href":"https:\/\/webstore4.com\/de\/wp-json\/wp\/v2\/comments?post=10027"}],"wp:featuredmedia":[{"embeddable":true,"href":"https:\/\/webstore4.com\/de\/wp-json\/wp\/v2\/media\/14399"}],"wp:attachment":[{"href":"https:\/\/webstore4.com\/de\/wp-json\/wp\/v2\/media?parent=10027"}],"wp:term":[{"taxonomy":"pwb-brand","embeddable":true,"href":"https:\/\/webstore4.com\/de\/wp-json\/wp\/v2\/pwb-brand?post=10027"},{"taxonomy":"product_cat","embeddable":true,"href":"https:\/\/webstore4.com\/de\/wp-json\/wp\/v2\/product_cat?post=10027"},{"taxonomy":"product_tag","embeddable":true,"href":"https:\/\/webstore4.com\/de\/wp-json\/wp\/v2\/product_tag?post=10027"}],"curies":[{"name":"wp","href":"https:\/\/api.w.org\/{rel}","templated":true}]}}