{"id":10005,"date":"2021-08-05T12:38:15","date_gmt":"2021-08-05T10:38:15","guid":{"rendered":"https:\/\/webstore4.com\/\/?product=wl4-sb-12-180-accu-12vdc-18ah-voor-bijvoorbeeld-een-zonnepaneel-alarm-ups-of-toegangscontrole-installatie"},"modified":"2024-06-21T14:01:34","modified_gmt":"2024-06-21T13:01:34","slug":"wl4-sb-12-180-accu-12vdc-18ah","status":"publish","type":"product","link":"https:\/\/webstore4.com\/de\/product\/wl4-sb-12-180-accu-12vdc-18ah\/","title":{"rendered":"WL4 SB-12-180 Batterie 12 VDC 18 Ah f\u00fcr beispielsweise eine Solarpanel-, Alarm-, USV- oder Zugangskontrollinstallation"},"content":{"rendered":"<p>Die WL4 SB-12-650 ist eine wartungsfreie Backup-Batterie, die 12 VDC und 65 Ampere liefert. Die Batterie eignet sich f\u00fcr eine Solarpanel-Installation oder als Stromquelle f\u00fcr eine andere Installation, beispielsweise eine Alarm- oder Zugangskontrollinstallation. F\u00fcr den Akku gilt eine 6-monatige Garantie gegen Produktm\u00e4ngel.<\/p>\n<p><strong>Wichtigste Funktionen<\/strong><\/p>\n<ul>\n<li>AGM (Absorbierende Glasmatte)<\/li>\n<li>12VDC<\/li>\n<li>18 Amp\u00e8re<\/li>\n<li>18000 mAh Kapazit\u00e4t<\/li>\n<li>Abmessungen 181x167x76mm<\/li>\n<\/ul>\n<p><a href=\"https:\/\/www.webstore4ipcameras.nl\/Copyright\" target=\"_blank\" rel=\"noopener\"><span style=\"color: #ff6e03; font-size: 11px;\">\u00a9 Der Text ist urheberrechtlich gesch\u00fctzt<\/span><\/a><\/p>","protected":false},"excerpt":{"rendered":"<p>De WL4 SB-12-180 is een onderhoudsvrije back-up accu die 12VDC en 18 amp\u00e8re levert. De accu is geschikt voor een zonnepaneel installatie of als stroombron voor een andere installatie, zoals een alarm of toegangscontrole installatie. Op de accu wordt een garantie op product gebreken gegeven van 6 maanden. Belangrijkste kenmerken AGM (Absorbent Glass Mat) 12VDC<\/p>\n<div class=\"klb-readmore button\"><a class=\"btn link\" href=\"https:\/\/webstore4.com\/de\/product\/wl4-sb-12-180-accu-12vdc-18ah\/\">Mehr lesen <i class=\"klbth-icon-right-arrow\"><\/i><\/a><\/div>","protected":false},"featured_media":14421,"comment_status":"closed","ping_status":"closed","template":"","meta":[],"pwb-brand":[3380],"product_cat":[4247,4255],"product_tag":[],"class_list":{"0":"post-10005","1":"product","2":"type-product","3":"status-publish","4":"has-post-thumbnail","6":"pwb-brand-wl4","7":"product_cat-duurzaamheid","8":"product_cat-accus","9":"pa_capaciteit-accu-18000mah","10":"pa_merk-wl4","12":"first","13":"onbackorder","14":"taxable","15":"shipping-taxable","16":"purchasable","17":"product-type-simple"},"brands":[{"id":3380,"name":"WL4","slug":"wl4"}],"_links":{"self":[{"href":"https:\/\/webstore4.com\/de\/wp-json\/wp\/v2\/product\/10005","targetHints":{"allow":["GET"]}}],"collection":[{"href":"https:\/\/webstore4.com\/de\/wp-json\/wp\/v2\/product"}],"about":[{"href":"https:\/\/webstore4.com\/de\/wp-json\/wp\/v2\/types\/product"}],"replies":[{"embeddable":true,"href":"https:\/\/webstore4.com\/de\/wp-json\/wp\/v2\/comments?post=10005"}],"wp:featuredmedia":[{"embeddable":true,"href":"https:\/\/webstore4.com\/de\/wp-json\/wp\/v2\/media\/14421"}],"wp:attachment":[{"href":"https:\/\/webstore4.com\/de\/wp-json\/wp\/v2\/media?parent=10005"}],"wp:term":[{"taxonomy":"pwb-brand","embeddable":true,"href":"https:\/\/webstore4.com\/de\/wp-json\/wp\/v2\/pwb-brand?post=10005"},{"taxonomy":"product_cat","embeddable":true,"href":"https:\/\/webstore4.com\/de\/wp-json\/wp\/v2\/product_cat?post=10005"},{"taxonomy":"product_tag","embeddable":true,"href":"https:\/\/webstore4.com\/de\/wp-json\/wp\/v2\/product_tag?post=10005"}],"curies":[{"name":"wp","href":"https:\/\/api.w.org\/{rel}","templated":true}]}}