{"id":7472,"date":"2023-08-17T16:19:28","date_gmt":"2023-08-17T14:19:28","guid":{"rendered":"https:\/\/webstore4.com\/?page_id=7472"},"modified":"2024-03-28T17:11:55","modified_gmt":"2024-03-28T16:11:55","slug":"zakelijk-bestellen","status":"publish","type":"page","link":"https:\/\/webstore4.com\/de\/zakelijk-bestellen\/","title":{"rendered":"Gesch\u00e4ftskunde?"},"content":{"rendered":"<div data-elementor-type=\"wp-page\" data-elementor-id=\"7472\" class=\"elementor elementor-7472\">\n\t\t\t\t<div class=\"elementor-element elementor-element-5647bb94 e-flex e-con-boxed e-con e-parent\" data-id=\"5647bb94\" data-element_type=\"container\">\n\t\t\t\t\t<div class=\"e-con-inner\">\n\t\t\t\t<div class=\"elementor-element elementor-element-2fb77951 elementor-widget elementor-widget-text-editor\" data-id=\"2fb77951\" data-element_type=\"widget\" data-widget_type=\"text-editor.default\">\n\t\t\t\t<div class=\"elementor-widget-container\">\n\t\t\t<style>\/*! elementor - v3.23.0 - 05-08-2024 *\/\n.elementor-widget-text-editor.elementor-drop-cap-view-stacked .elementor-drop-cap{background-color:#69727d;color:#fff}.elementor-widget-text-editor.elementor-drop-cap-view-framed .elementor-drop-cap{color:#69727d;border:3px solid;background-color:transparent}.elementor-widget-text-editor:not(.elementor-drop-cap-view-default) .elementor-drop-cap{margin-top:8px}.elementor-widget-text-editor:not(.elementor-drop-cap-view-default) .elementor-drop-cap-letter{width:1em;height:1em}.elementor-widget-text-editor .elementor-drop-cap{float:left;text-align:center;line-height:1;font-size:50px}.elementor-widget-text-editor .elementor-drop-cap-letter{display:inline-block}<\/style>\t\t\t\t<p><!-- wp:paragraph --><\/p>\n<h3 id=\"TISSB64\" class=\"wp-block-heading\">Zakelijk bestellen bij WebStore4<\/h3>\n<p>WebStore4 beliefert sowohl Installateure als auch Unternehmen (B2B) und Privatpersonen (B2C) mit der Do-it-yourself-Installation und -Konfiguration zu sehr wettbewerbsf\u00e4higen Preisen.<\/p>\n<p>Zakelijk bestellen bij WebStore4 kan heel eenvoudig! Ook wanneer je eenmalig een artikel van ons nodig hebt.<\/p>\n<h3 id=\"TISSB64\" class=\"wp-block-heading\">Mehrwertsteuer verschieben<\/h3>\n<p>\u2013 Nach \u00dcberpr\u00fcfung der Kontodaten und der automatisierten \u00dcberpr\u00fcfung der Umsatzsteuer-Identifikationsnummer ist eine R\u00fcckerstattung der Umsatzsteuer m\u00f6glich.<\/p>\n<h3 id=\"TISSB64\" class=\"wp-block-heading\">Gebruik je vaker producten die wij aanbieden?<\/h3>\n<p>Als zakelijke klant profiteer je bij WebStore4 van speciale aanbiedingen en exclusieve klant specifieke kortingen. Tevens is ons <a href=\"https:\/\/webstore4.com\/shop\/?pwb-brand-filter=wl4\" data-type=\"link\" data-id=\"https:\/\/webstore4.com\/shop\/?pwb-brand-filter=wl4\">WL4<\/a> Und <a href=\"https:\/\/webstore4.com\/shop\/?pwb-brand-filter=yli\" data-type=\"link\" data-id=\"https:\/\/webstore4.com\/shop\/?pwb-brand-filter=yli\">YlI<\/a> speziell auf den Gesch\u00e4ftskunden zugeschnittenes Sortiment.<\/p>\n<p><!-- \/wp:paragraph --><!-- wp:paragraph --><!-- \/wp:paragraph --><!-- wp:paragraph --><!-- \/wp:paragraph --><!-- wp:heading {\"level\":3} --><\/p>\n<h3 id=\"TISSB64\" class=\"wp-block-heading\">Waarom zakelijke klant worden bij WebStore4?<\/h3>\n<p>Wanneer je producten die we aanbieden regelmatig gebruikt, is het interessant om een zakelijk account aan te vragen met onderstaande contactformulier.&nbsp;<\/p>\n<p><!-- \/wp:heading --><!-- wp:list --><\/p>\n<ul>\n<li style=\"list-style-type: none;\">\n<ul><!-- wp:list-item --><\/ul>\n<\/li>\n<\/ul>\n<ul>\n<li style=\"list-style-type: none;\">\n<ul>\n<li><strong>Immer der niedrigste Preis!<\/strong>* \u2013 Als Gesch\u00e4ftskunde zahlen Sie bei WebStore4 immer den g\u00fcnstigsten Preis, mit exklusiven Rabatten. Nachdem Sie Kunde bei uns geworden sind, w\u00fcrden wir uns gerne mit Ihnen in Verbindung setzen, um zu besprechen, welche Produktgruppen f\u00fcr Sie interessant sind. Wir beginnen mit der Gesch\u00e4ftsabwicklung auf Anfragebasis. Anschlie\u00dfend werden etwaige Rabatte festgelegt.<\/li>\n<\/ul>\n<\/li>\n<\/ul>\n<p><!-- \/wp:list-item --><!-- wp:list-item --><\/p>\n<ul>\n<li style=\"list-style-type: none;\">\n<ul>\n<li><strong>Pers\u00f6nlicher Ansprechpartner<\/strong> \u2013 Wenn Sie als Gesch\u00e4ftskunde regelm\u00e4\u00dfig Produkte kaufen, haben Sie einen pers\u00f6nlichen Ansprechpartner. Dieser Ansprechpartner k\u00fcmmert sich um Ihre Fragen und geht auf gr\u00f6\u00dfere W\u00fcnsche ein.<\/li>\n<\/ul>\n<\/li>\n<\/ul>\n<p><!-- \/wp:list-item --><!-- wp:list-item --><\/p>\n<ul>\n<li style=\"list-style-type: none;\">\n<ul>\n<li><strong>Exklusiver Rabatt auf die WL4- und YlI-Produkte<\/strong>&nbsp;\u2013 Diese Produktlinie ist vollst\u00e4ndig auf die Bed\u00fcrfnisse unserer Gesch\u00e4ftspartner zugeschnitten.<\/li>\n<\/ul>\n<\/li>\n<\/ul>\n<p><!-- \/wp:list-item --><!-- wp:list-item --><\/p>\n<ul>\n<li style=\"list-style-type: none;\">\n<ul>\n<li><b>Maak een account aan<\/b> &#8211; Maak voor het invullen van onderstaande formulier alvast een account aan. Dat kan <a href=\"https:\/\/webstore4.com\/my-account-2\/#\" data-type=\"link\" data-id=\"https:\/\/webstore4.com\/my-account-2\/#\"><strong>Hier<\/strong><\/a>.<\/li>\n<\/ul>\n<\/li>\n<\/ul>\n<p><!-- \/wp:list-item --><\/p>\n<p><!-- \/wp:list --><!-- wp:paragraph --><!-- \/wp:paragraph --><!-- wp:paragraph --><\/p>\n<p>*Doordat er condities worden afgesproken tussen de zakelijke klant en WebStore4 vervalt het recht op 5% korting bij een bedrag boven de 1000,- euro inclusief BTW, die boven verschillende product pagina&#8217;s staat weergegeven.<\/p>\n<p><!-- \/wp:paragraph --><\/p>\t\t\t\t\t\t<\/div>\n\t\t\t\t<\/div>\n\t\t\t\t\t<\/div>\n\t\t\t\t<\/div>\n\t\t<div class=\"elementor-element elementor-element-f1c6415 e-flex e-con-boxed e-con e-parent\" data-id=\"f1c6415\" data-element_type=\"container\">\n\t\t\t\t\t<div class=\"e-con-inner\">\n\t\t\t\t<div class=\"elementor-element elementor-element-f72ed59 elementor-widget elementor-widget-partdo-contact-form-7\" data-id=\"f72ed59\" data-element_type=\"widget\" data-widget_type=\"partdo-contact-form-7.default\">\n\t\t\t\t<div class=\"elementor-widget-container\">\n\t\t\t<div class=\"contact-form\">\n<div class=\"wpcf7 no-js\" id=\"wpcf7-f16683-o1\" lang=\"en-US\" dir=\"ltr\" data-wpcf7-id=\"16683\">\n<div class=\"screen-reader-response\"><p role=\"status\" aria-live=\"polite\" aria-atomic=\"true\"><\/p> <ul><\/ul><\/div>\n<form action=\"\/de\/wp-json\/wp\/v2\/pages\/7472#wpcf7-f16683-o1\" method=\"post\" class=\"wpcf7-form init\" aria-label=\"Contact form\" novalidate=\"novalidate\" data-status=\"init\" data-trp-original-action=\"\/de\/wp-json\/wp\/v2\/pages\/7472#wpcf7-f16683-o1\">\n<fieldset class=\"hidden-fields-container\"><input type=\"hidden\" name=\"_wpcf7\" value=\"16683\" \/><input type=\"hidden\" name=\"_wpcf7_version\" value=\"6.1.3\" \/><input type=\"hidden\" name=\"_wpcf7_locale\" value=\"en_US\" \/><input type=\"hidden\" name=\"_wpcf7_unit_tag\" value=\"wpcf7-f16683-o1\" \/><input type=\"hidden\" name=\"_wpcf7_container_post\" value=\"0\" \/><input type=\"hidden\" name=\"_wpcf7_posted_data_hash\" value=\"\" \/>\n<\/fieldset>\n<p><label> Name<br \/>\n<span class=\"wpcf7-form-control-wrap\" data-name=\"your-name\"><input size=\"40\" maxlength=\"400\" class=\"wpcf7-form-control wpcf7-text wpcf7-validates-as-required\" aria-required=\"true\" aria-invalid=\"false\" value=\"\" type=\"text\" name=\"your-name\" \/><\/span> <\/label>\n<\/p>\n<p><label> Bedrijfsnaam<br \/>\n<span class=\"wpcf7-form-control-wrap\" data-name=\"your-name\"><input size=\"40\" maxlength=\"400\" class=\"wpcf7-form-control wpcf7-text wpcf7-validates-as-required\" aria-required=\"true\" aria-invalid=\"false\" value=\"\" type=\"text\" name=\"your-name\" \/><\/span> <\/label>\n<\/p>\n<p><label> E-Mail-Adresse<br \/>\n<span class=\"wpcf7-form-control-wrap\" data-name=\"your-email\"><input size=\"40\" maxlength=\"400\" class=\"wpcf7-form-control wpcf7-email wpcf7-validates-as-required wpcf7-text wpcf7-validates-as-email\" aria-required=\"true\" aria-invalid=\"false\" value=\"\" type=\"email\" name=\"your-email\" \/><\/span> <\/label>\n<\/p>\n<p><label> Telefoonnummer<br \/>\n<span class=\"wpcf7-form-control-wrap\" data-name=\"tel\"><input size=\"40\" maxlength=\"400\" class=\"wpcf7-form-control wpcf7-text wpcf7-validates-as-required\" aria-required=\"true\" aria-invalid=\"false\" value=\"\" type=\"text\" name=\"tel\" \/><\/span> <\/label>\n<\/p>\n<p><label> Interesse in productgroep(en)<br \/>\n<span class=\"wpcf7-form-control-wrap\" data-name=\"Productgroepen\"><span class=\"wpcf7-form-control wpcf7-checkbox wpcf7-validates-as-required\"><span class=\"wpcf7-list-item first\"><label><input type=\"checkbox\" name=\"Productgroepen[]\" value=\"Access\" \/><span class=\"wpcf7-list-item-label\">Zugang<\/span><\/label><\/span><span class=\"wpcf7-list-item\"><label><input type=\"checkbox\" name=\"Productgroepen[]\" value=\"Alarm\" \/><span class=\"wpcf7-list-item-label\">Alarm<\/span><\/label><\/span><span class=\"wpcf7-list-item\"><label><input type=\"checkbox\" name=\"Productgroepen[]\" value=\"Camera&#039;s\" \/><span class=\"wpcf7-list-item-label\">Kameras<\/span><\/label><\/span><span class=\"wpcf7-list-item\"><label><input type=\"checkbox\" name=\"Productgroepen[]\" value=\"Duurzaamheid\" \/><span class=\"wpcf7-list-item-label\">Nachhaltigkeit<\/span><\/label><\/span><span class=\"wpcf7-list-item\"><label><input type=\"checkbox\" name=\"Productgroepen[]\" value=\"Intercom\" \/><span class=\"wpcf7-list-item-label\">Gegensprechanlage<\/span><\/label><\/span><span class=\"wpcf7-list-item\"><label><input type=\"checkbox\" name=\"Productgroepen[]\" value=\"Netwerk\" \/><span class=\"wpcf7-list-item-label\">Netzwerk<\/span><\/label><\/span><span class=\"wpcf7-list-item\"><label><input type=\"checkbox\" name=\"Productgroepen[]\" value=\"Kasten &amp; kluizen\" \/><span class=\"wpcf7-list-item-label\">Kasten &amp; kluizen<\/span><\/label><\/span><span class=\"wpcf7-list-item\"><label><input type=\"checkbox\" name=\"Productgroepen[]\" value=\"Palen &amp; masten\" \/><span class=\"wpcf7-list-item-label\">Palen &amp; masten<\/span><\/label><\/span><span class=\"wpcf7-list-item last\"><label><input type=\"checkbox\" name=\"Productgroepen[]\" value=\"Poort &amp; hekwerk\" \/><span class=\"wpcf7-list-item-label\">Poort &amp; hekwerk<\/span><\/label><\/span><\/span><\/span><br \/>\n<\/label><label> Meest gebruikte modellen<br \/>\n<span class=\"wpcf7-form-control-wrap\" data-name=\"Opmerking\"><textarea cols=\"40\" rows=\"10\" maxlength=\"2000\" class=\"wpcf7-form-control wpcf7-textarea\" aria-invalid=\"false\" name=\"Opmerking\"><\/textarea><\/span> <\/label>\n<\/p>\n<p><label> Aanvullende vragen of opmerkingen<br \/>\n<span class=\"wpcf7-form-control-wrap\" data-name=\"Opmerking\"><textarea cols=\"40\" rows=\"10\" maxlength=\"2000\" class=\"wpcf7-form-control wpcf7-textarea\" aria-invalid=\"false\" name=\"Opmerking\"><\/textarea><\/span> <\/label>\n<\/p>\n<p><input class=\"wpcf7-form-control wpcf7-submit has-spinner\" type=\"submit\" value=\"Schicken\" \/>\n<\/p><div class=\"wpcf7-response-output\" aria-hidden=\"true\"><\/div>\n<input type=\"hidden\" name=\"trp-form-language\" value=\"de\"\/><\/form>\n<\/div>\n<\/div><!-- contact-form -->\t\t<\/div>\n\t\t\t\t<\/div>\n\t\t\t\t\t<\/div>\n\t\t\t\t<\/div>\n\t\t<div class=\"elementor-element elementor-element-ce40d29 e-flex e-con-boxed e-con e-parent\" data-id=\"ce40d29\" data-element_type=\"container\">\n\t\t\t\t\t<div class=\"e-con-inner\">\n\t\t\t\t<div class=\"elementor-element elementor-element-d1011cf elementor-widget elementor-widget-partdo-product-list\" data-id=\"d1011cf\" data-element_type=\"widget\" data-widget_type=\"partdo-product-list.default\">\n\t\t\t\t<div class=\"elementor-widget-container\">\n\t\t\t<div class=\"products list-style small-list bordered medium-image large-space\"><div class=\"product type-product post-18831 status-publish first onbackorder product_cat-cameras product_cat-dome-eyeball-cameras-cameras product_cat-ip-cameras product_cat-series product_cat-uniarch-by-uniview-series has-post-thumbnail taxable shipping-taxable purchasable product-type-simple\"><div class=\"product-wrapper\"><div class=\"product-content\"><div class=\"thumbnail-wrapper entry-media\"> <a href=\"https:\/\/webstore4.com\/de\/product\/uniview-ptz-camera-uv-ipc6324lwh-ax5c-vg2\/\"><img decoding=\"async\" src=\"https:\/\/webstore4.com\/wp-content\/uploads\/2025\/05\/UV-IPC6324LWH-AX5C-VG2-500x500.png\" alt=\"Uniview PTZ camera (UV-IPC6324LWH-AX5C-VG2)\"\/><\/a><\/div><div class=\"content-wrapper\"><h3 class=\"product-title\"> <a href=\"https:\/\/webstore4.com\/de\/product\/uniview-ptz-camera-uv-ipc6324lwh-ax5c-vg2\/\">Uniview PTZ camera (UV-IPC6324LWH-AX5C-VG2)<\/a><\/h3><span class=\"price\"><span class=\"woocommerce-Price-amount amount\"><bdi><span class=\"woocommerce-Price-currencySymbol\">\u20ac<\/span>458,00<\/bdi><\/span> <small class=\"woocommerce-price-suffix\">incl. MwSt<\/small><\/span><div class=\"product-details\">Uniview PTZ IP Camera \u2013 4MP Motorized Dome met UMD &amp; ColorHunter Beveilig je terrein met deze geavanceerde Uniview PTZ<\/div><\/div><\/div><!-- product-content --><\/div><!-- product-wrapper --><\/div><div class=\"product type-product post-18367 status-publish onbackorder product_cat-cameras product_cat-dahua-starlight-series product_cat-dome-eyeball-cameras-cameras product_cat-ip-cameras has-post-thumbnail taxable shipping-taxable purchasable product-type-simple\"><div class=\"product-wrapper\"><div class=\"product-content\"><div class=\"thumbnail-wrapper entry-media\"> <a href=\"https:\/\/webstore4.com\/de\/product\/dahua-ipc-hdw2441tp-zs-dg-4mp-eyeball-camera\/\"><img decoding=\"async\" src=\"https:\/\/webstore4.com\/wp-content\/uploads\/2023\/08\/DahuaIPCHDW2431TPZSS2DG.jpg\" alt=\"Dahua IPC-HDW2441TP-ZS-DG Donker Grijs Full HD 4MP Starlight buiten eyeball camera met IR nachtzicht, gemotoriseerde varifocale lens, 120dB WDR en SD slot\"\/><\/a><\/div><div class=\"content-wrapper\"><h3 class=\"product-title\"> <a href=\"https:\/\/webstore4.com\/de\/product\/dahua-ipc-hdw2441tp-zs-dg-4mp-eyeball-camera\/\">Dahua IPC-HDW2441TP-ZS-DG Donker Grijs Full HD 4MP Starlight buiten eyeball camera met IR nachtzicht, gemotoriseerde varifocale lens, 120dB WDR en SD slot<\/a><\/h3><span class=\"price\"><span class=\"woocommerce-Price-amount amount\"><bdi><span class=\"woocommerce-Price-currencySymbol\">\u20ac<\/span>197,00<\/bdi><\/span> <small class=\"woocommerce-price-suffix\">incl. MwSt<\/small><\/span><div class=\"product-details\">De Dahua IPC-HDW2441TP-ZS-DG is een Dark Grey Full HD 4MP Starlight buiten eyeball met infrarood nachtzicht en een gemotoriseerde varifocale<\/div><\/div><\/div><!-- product-content --><\/div><!-- product-wrapper --><\/div><div class=\"product type-product post-18169 status-publish onbackorder product_cat-cameras product_cat-dome-eyeball-cameras-cameras product_cat-ip-cameras product_cat-series product_cat-uniarch-by-uniview-series has-post-thumbnail taxable shipping-taxable purchasable product-type-simple\"><div class=\"product-wrapper\"><div class=\"product-content\"><div class=\"thumbnail-wrapper entry-media\"> <a href=\"https:\/\/webstore4.com\/de\/product\/uniarch-ipc-t122-apf28-eco-2mp-turret-camera\/\"><img decoding=\"async\" src=\"https:\/\/webstore4.com\/wp-content\/uploads\/2024\/11\/UV-IPC-T122-APF28-ECO-WebStore4-500x500.png\" alt=\"Uniarch IPC-T122-APF28-ECO Full HD 2MP buiten turret camera met 30m Smart IR, WDR, PoE, SD slot, ingebouwde microfoon en gratis applicatie\"\/><\/a><\/div><div class=\"content-wrapper\"><h3 class=\"product-title\"> <a href=\"https:\/\/webstore4.com\/de\/product\/uniarch-ipc-t122-apf28-eco-2mp-turret-camera\/\">Uniarch IPC-T122-APF28-ECO Full HD 2MP Outdoor-Turmkamera mit 30m Smart IR, WDR, PoE, SD-Slot, eingebautem Mikrofon und kostenloser Anwendung<\/a><\/h3><span class=\"price\"><span class=\"woocommerce-Price-amount amount\"><bdi><span class=\"woocommerce-Price-currencySymbol\">\u20ac<\/span>90,00<\/bdi><\/span> <small class=\"woocommerce-price-suffix\">incl. MwSt<\/small><\/span><div class=\"product-details\">De Uniarch IPC-T122-APF28-ECO is een Full HD 2 megapixel eyeball camera met 30m Smart infrarood nachtzicht, bewegingsdetectie en kan van<\/div><\/div><\/div><!-- product-content --><\/div><!-- product-wrapper --><\/div><\/div>\t\t<\/div>\n\t\t\t\t<\/div>\n\t\t\t\t\t<\/div>\n\t\t\t\t<\/div>\n\t\t\t\t<\/div>","protected":false},"excerpt":{"rendered":"<p>Zakelijk bestellen bij WebStore4 WebStore4 levert aan&nbsp;zowel installateurs en bedrijven (B2B) als particulieren (B2C) voor doe-het-zelf installatie en configuratie, met zeer scherpe prijzen. Zakelijk bestellen bij WebStore4 kan heel eenvoudig! Ook wanneer je eenmalig een artikel van ons nodig hebt. BTW verleggen Na verificatie van de accountgegevens en de daarbij geautomatiseerde verificatie van het BTW<\/p>\n<div class=\"klb-readmore button\"><a class=\"btn link\" href=\"https:\/\/webstore4.com\/de\/product\/uniarch-ipc-t122-apf28-eco-2mp-turret-camera\/\">Mehr lesen <i class=\"klbth-icon-right-arrow\"><\/i><\/a><\/div>","protected":false},"author":3,"featured_media":0,"parent":0,"menu_order":0,"comment_status":"closed","ping_status":"closed","template":"","meta":{"footnotes":""},"class_list":["post-7472","page","type-page","status-publish","hentry"],"_links":{"self":[{"href":"https:\/\/webstore4.com\/de\/wp-json\/wp\/v2\/pages\/7472","targetHints":{"allow":["GET"]}}],"collection":[{"href":"https:\/\/webstore4.com\/de\/wp-json\/wp\/v2\/pages"}],"about":[{"href":"https:\/\/webstore4.com\/de\/wp-json\/wp\/v2\/types\/page"}],"author":[{"embeddable":true,"href":"https:\/\/webstore4.com\/de\/wp-json\/wp\/v2\/users\/3"}],"replies":[{"embeddable":true,"href":"https:\/\/webstore4.com\/de\/wp-json\/wp\/v2\/comments?post=7472"}],"version-history":[{"count":10,"href":"https:\/\/webstore4.com\/de\/wp-json\/wp\/v2\/pages\/7472\/revisions"}],"predecessor-version":[{"id":16695,"href":"https:\/\/webstore4.com\/de\/wp-json\/wp\/v2\/pages\/7472\/revisions\/16695"}],"wp:attachment":[{"href":"https:\/\/webstore4.com\/de\/wp-json\/wp\/v2\/media?parent=7472"}],"curies":[{"name":"wp","href":"https:\/\/api.w.org\/{rel}","templated":true}]}}