{"id":3553,"date":"2022-11-01T08:43:10","date_gmt":"2022-11-01T08:43:10","guid":{"rendered":"https:\/\/klbtheme.com\/partdo\/?page_id=3553"},"modified":"2024-03-27T17:48:43","modified_gmt":"2024-03-27T16:48:43","slug":"shipping_information","status":"publish","type":"page","link":"https:\/\/webstore4.com\/de\/shipping_information\/","title":{"rendered":"Versand und Lieferung"},"content":{"rendered":"<p><strong>Portokosten<\/strong><br \/>\nWir verschicken Weltweit. Bei einem Bestellwert \u00fcber 35 \u20ac \u00fcbernehmen wir die gesamten Versandkosten innerhalb der Niederlande sowie nach Belgien und Deutschland. Der genannte Versand gilt f\u00fcr Bestellungen bis 30kg. Wir versenden mit Unterschrift bei Erhalt und Lieferung nur an die angegebene Adresse. Bestellungen an die gleiche Lieferadresse werden von uns gemeinsam versendet.<\/p>\n<p>F\u00fcr den Versand in andere L\u00e4nder bitten wir Sie um eine Beteiligung an den Versandkosten. Wenn Sie eine Sch\u00e4tzung der Versandkosten w\u00fcnschen, k\u00f6nnen Sie die gew\u00fcnschten Produkte in Ihren Warenkorb legen. Durch Klicken auf \u201eAnsehen\u201c in Ihrem Warenkorb gelangen Sie zur Warenkorbseite. Auf dieser Seite k\u00f6nnen Sie die Versandoptionen und den Preis anhand Ihrer Adresse berechnen und ggf. ausw\u00e4hlen. Sie k\u00f6nnen beim Bezahlvorgang auch eine Versandart ausw\u00e4hlen.<\/p>\n<p><strong>Lieferzeiten<\/strong><br \/>\nWir versehen das Produkt mit einer Angabe der Werktage, in denen wir nach dem Tag der Bestellung versenden. Innerhalb der Niederlande und Belgiens wird die Bestellung in den meisten F\u00e4llen am n\u00e4chsten Tag an die Lieferadresse geliefert. Die Lieferzeiten au\u00dferhalb der Niederlande und Belgiens sind in der Regel l\u00e4nger und je nach Land unterschiedlich. Wir werden jede angenommene Bestellung sp\u00e4testens innerhalb von 30 Tagen ausf\u00fchren, sofern keine l\u00e4ngere Lieferfrist vereinbart ist.<\/p>\n<p>Wenn mehrere Produkte bestellt werden, versenden wir, sobald die Bestellung abgeschlossen ist.<\/p>\n<p>Sofern verf\u00fcgbar, senden wir Ihnen den Track &amp; Trace-Code des Spediteurs per E-Mail zu, damit Sie die Sendung online verfolgen k\u00f6nnen.<\/p>\n<p><strong>Abheben<\/strong><br \/>\nSie k\u00f6nnen beim Bezahlvorgang auch angeben, dass Sie Ihre Bestellung bei uns abholen m\u00f6chten. Anschlie\u00dfend k\u00f6nnen Sie Ihre Bestellung per Vorkasse mit einer beliebigen Zahlungsart bezahlen. Sie k\u00f6nnen Ihre Bestellung auch bei der Abholung bar bezahlen. Die Barzahlung muss korrekt sein. Die Bestellung kann nur nach Vereinbarung abgeholt werden. F\u00fcr die M\u00f6glichkeit der Abholung vor Ort fallen keine Kosten an.<\/p>\n<p><strong>Kehrt zur\u00fcck<\/strong><br \/>\nDer R\u00fcckversand ist auch im Falle eines Widerrufs immer selbst zu tragen. Sie tragen auch das Risiko der R\u00fccksendung.<\/p>\n<p><strong>Endlich<\/strong><br \/>\nF\u00fcr abweichende W\u00fcnsche bez\u00fcglich des Versands kontaktieren Sie uns bitte. W\u00e4hrend des Bezahlvorgangs k\u00f6nnen Sie Anmerkungen zu Ihrer Bestellung machen. Anweisungen f\u00fcr den Zusteller k\u00f6nnen wir leider nicht geben.<\/p>","protected":false},"excerpt":{"rendered":"<p>Verzendkosten Wij verzenden wereldwijd. Wij nemen de kosten van verzending binnen Nederland en naar Belgi\u00eb en Duitsland volledig voor onze rekening wanneer het orderbedrag boven de \u20ac75 euro is. De genoemde verzending geldt voor bestellingen tot 30kg. Wij verzenden met handtekening voor ontvangst en alleen aflevering op het opgegeven adres. Bestellingen die worden gedaan naar<\/p>\n<div class=\"klb-readmore button\"><a class=\"btn link\" href=\"https:\/\/webstore4.com\/de\/shipping_information\/\">Mehr lesen <i class=\"klbth-icon-right-arrow\"><\/i><\/a><\/div>","protected":false},"author":3,"featured_media":0,"parent":0,"menu_order":0,"comment_status":"closed","ping_status":"closed","template":"","meta":{"footnotes":""},"class_list":["post-3553","page","type-page","status-publish","hentry"],"_links":{"self":[{"href":"https:\/\/webstore4.com\/de\/wp-json\/wp\/v2\/pages\/3553","targetHints":{"allow":["GET"]}}],"collection":[{"href":"https:\/\/webstore4.com\/de\/wp-json\/wp\/v2\/pages"}],"about":[{"href":"https:\/\/webstore4.com\/de\/wp-json\/wp\/v2\/types\/page"}],"author":[{"embeddable":true,"href":"https:\/\/webstore4.com\/de\/wp-json\/wp\/v2\/users\/3"}],"replies":[{"embeddable":true,"href":"https:\/\/webstore4.com\/de\/wp-json\/wp\/v2\/comments?post=3553"}],"version-history":[{"count":1,"href":"https:\/\/webstore4.com\/de\/wp-json\/wp\/v2\/pages\/3553\/revisions"}],"predecessor-version":[{"id":16670,"href":"https:\/\/webstore4.com\/de\/wp-json\/wp\/v2\/pages\/3553\/revisions\/16670"}],"wp:attachment":[{"href":"https:\/\/webstore4.com\/de\/wp-json\/wp\/v2\/media?parent=3553"}],"curies":[{"name":"wp","href":"https:\/\/api.w.org\/{rel}","templated":true}]}}