{"id":3,"date":"2023-07-11T10:31:42","date_gmt":"2023-07-11T10:31:42","guid":{"rendered":"https:\/\/webstore4.com\/?page_id=3"},"modified":"2025-03-05T16:04:36","modified_gmt":"2025-03-05T15:04:36","slug":"privacy-policy","status":"publish","type":"page","link":"https:\/\/webstore4.com\/de\/privacy-policy\/","title":{"rendered":"Datenschutzbestimmungen"},"content":{"rendered":"<p><strong>Datenschutzrichtlinie WebStore4<\/strong><br>Wir legen gro\u00dfen Wert auf die Privatsph\u00e4re aller Nutzer unseres Online-Shops und stellen sicher, dass die von Ihnen angegebenen pers\u00f6nlichen Daten sicher und vertraulich verarbeitet werden. Wir verwenden die folgende Datenschutzerkl\u00e4rung.<\/p>\n\n\n\n<p><strong>Sicherheit<\/strong><br>Unser gesamter Online-Shop ist mit einem SSL-Zertifikat (Secure Sockets Layer) gesichert. Dadurch werden alle personenbezogenen Daten, die zwischen unserem Online-Shop und Ihrem Computer, Tablet oder Smartphone ausgetauscht werden, verschl\u00fcsselt und sind daher f\u00fcr andere nicht lesbar. Unser Online-Shop verf\u00fcgt \u00fcber ein Extended Validation (EV) SSL-Zertifikat und verf\u00fcgt daher \u00fcber die h\u00f6chste SSL-Sicherheitsstufe.<\/p>\n\n\n\n<p>Da die von Ihnen in unserem Online-Shop eingegebenen pers\u00f6nlichen Daten \u00fcber eine sichere Verbindung \u00fcbertragen werden, k\u00f6nnen Sie sicher sein, dass diese pers\u00f6nlichen Daten nur bei uns landen. So k\u00f6nnen Sie sicher bezahlen, Kundendaten eingeben, Passw\u00f6rter eingeben oder ein Kontaktformular ausf\u00fcllen.<\/p>\n\n\n\n<p>U kunt het SSL EV certificaat herkennen aan de groene kleur van de adresbalk in de meeste internetbrowsers. In de adresbalk staat meestal een hangslot afgebeeld. De domeinnaam begint altijd met https in plaats van http. Door het aanklikken van de groene balk kunt u de identiteit van onze website controleren en zien door welke certificaat autoriteit het SSL EV certificaat is verstrekt. Ons SSL EV certificaat is verstrekt door COMODO. VRYPSTG B.V. is de eigenaar van de e-commerce winkelformule WebStore4 en het domein www.webstore4ipcameras.nl<\/p>\n\n\n\n<p>Wir haben angemessene technische und organisatorische Ma\u00dfnahmen ergriffen, um Ihre personenbezogenen Daten auf unseren Servern und in unserer Verwaltung vor Verlust oder vor jeder Form unrechtm\u00e4\u00dfiger Verarbeitung zu sch\u00fctzen.<\/p>\n\n\n\n<p><strong>Ihre pers\u00f6nlichen Daten<\/strong><br>Wir nutzen Ihre personenbezogenen Daten, um Bestellungen schnellstm\u00f6glich und unkompliziert abzuwickeln und verwenden Ihre personenbezogenen Daten nur mit Ihrer Einwilligung. WebStore4 verkauft Ihre personenbezogenen Daten nicht an Dritte und stellt sie nur solchen Dritten zur Verf\u00fcgung, die an der Ausf\u00fchrung Ihrer Bestellung und unserer Leistungen beteiligt sind oder soweit wir gesetzlich zur Bereitstellung personenbezogener Daten verpflichtet sind. Unsere Mitarbeiter und von uns beauftragte Dritte sind auf die Vertraulichkeit Ihrer personenbezogenen Daten verpflichtet.<\/p>\n\n\n\n<p>Ihre personenbezogenen Daten werden f\u00fcr die folgenden Dienste erhoben:<\/p>\n\n\n\n<p><strong>Registrieren Sie ein Konto und melden Sie sich an<\/strong><br>Sie k\u00f6nnen in unserem Online-Shop ein Konto registrieren. Dies k\u00f6nnen Sie, auch wenn Sie noch keine Bestellung haben, \u00fcber \u201eMein Konto\u201c machen und dann \u201eNeukunde\u201c ausw\u00e4hlen. Sie k\u00f6nnen auch w\u00e4hrend des Bezahlvorgangs Ihrer Bestellung ein Konto registrieren. Anschlie\u00dfend bitten wir Sie um die Eingabe folgender personenbezogener Daten: Vorname, Nachname, E-Mail-Adresse, Telefonnummer, Passwort, Kundentyp, Postleitzahl, Stra\u00dfenname, Hausnummer, Wohnort und Land. Wenn Sie ein Gesch\u00e4ftskonto registrieren, k\u00f6nnen Sie auch Ihren Firmennamen, Ihre Handelskammernummer und Ihre Umsatzsteuer-Identifikationsnummer angeben (Gesch\u00e4ftskunden mit Sitz au\u00dferhalb der Niederlande, aber in der Europ\u00e4ischen Union m\u00fcssen die Handelskammer-Nummer und die Umsatzsteuer-Identifikationsnummer angeben). Wir bitten Sie au\u00dferdem um die Angabe der Rechnungs- und Lieferadresse sowie Zahlungsdetails.<\/p>\n\n\n\n<p>Sie k\u00f6nnen ein Konto auch registrieren, indem Sie sich mit Ihrem bestehenden Facebook-, Google- oder Twitter-Konto anmelden. Wenn Sie dies zum ersten Mal tun, fragen wir Sie mit Ausnahme eines Passworts nach denselben pers\u00f6nlichen Daten wie oben erw\u00e4hnt. Anschlie\u00dfend k\u00f6nnen Sie sich ganz einfach mit Ihrem Facebook-, Google- oder Twitter-Konto anmelden, indem Sie in unserem Online-Shop auf den Login-Button klicken. Sie m\u00fcssen also kein neues Passwort erstellen und sich merken. Selbstverst\u00e4ndlich haben wir keinen Zugriff auf Ihre Zugangsdaten bei Facebook, Google oder Twitter und auch keinen Zugriff auf Ihr Konto bei Facebook, Google oder Twitter. Wenn Sie bereits ein Konto bei uns registriert haben, k\u00f6nnen Sie dieses auch mit Ihrem Facebook-, Google- oder Twitter-Konto verkn\u00fcpfen. Sie k\u00f6nnen auf den Facebook-, Google- oder Twitter-Login-Button klicken. Anschlie\u00dfend werden Sie aufgefordert, Ihre E-Mail-Adresse anzugeben. Wenn diese Adresse in unserer Kundendatenbank erscheint, wird eine E-Mail mit einem Best\u00e4tigungslink gesendet. Anschlie\u00dfend k\u00f6nnen Sie sich auch mit Ihrem Facebook-, Google- oder Twitter-Konto bei Ihrem bestehenden Konto anmelden.<\/p>\n\n\n\n<p>Mit einem Konto k\u00f6nnen Sie pers\u00f6nliche Daten wie Name, Telefonnummer, E-Mail-Adresse und Passwort verwalten. Sie k\u00f6nnen Ihre Rechnungs- und Lieferadressen auch selbst verwalten. Dar\u00fcber hinaus k\u00f6nnen Sie \u00fcber Ihr Konto Ihre komplette Bestellhistorie einsehen, eine Nachbestellung aufgeben sowie Bestellungen und Rechnungen herunterladen und ausdrucken. Sie k\u00f6nnen auch Ihre kostenpflichtigen Abonnements einsehen. Sie k\u00f6nnen auch den Status Ihrer Retouren einsehen, haben Zugriff auf Downloads und k\u00f6nnen den Guthaben- und Treuepunktestand aller Gesch\u00e4fte einsehen. Dar\u00fcber hinaus haben Sie in Ihrem Account die M\u00f6glichkeit, eine Wunschliste und die Newsletter-Einstellung zu verwalten sowie Ihr Passwort zu \u00e4ndern. &nbsp; &nbsp; &nbsp;&nbsp;<\/p>\n\n\n\n<p><strong>Befehl<\/strong><br>Wenn Sie ein Konto registriert haben, k\u00f6nnen Sie eine Bestellung aufgeben, indem Sie sich in Ihr Konto einloggen, und Sie profitieren von allen oben beschriebenen Vorteilen eines Kontos. Wenn Sie kein Konto anlegen m\u00f6chten, k\u00f6nnen Sie die Bestellung auch \u201esofort\u201c bezahlen. Nat\u00fcrlich wird kein Konto registriert, Sie k\u00f6nnen also nicht alle Vorteile eines Kontos nutzen. Zur Abwicklung der Bestellung erfragen wir von Ihnen die gleichen personenbezogenen Daten wie oben unter \u201eKonto registrieren und anmelden\u201c beim \u201eSofort-Checkout\u201c, mit Ausnahme eines Passworts. &nbsp;<\/p>\n\n\n\n<p><strong>Widerrufen<\/strong><br>Wir haben in unseren Allgemeinen Gesch\u00e4ftsbedingungen eine Regelung zum R\u00fccktritt vom Vertrag aufgenommen und das rechtsg\u00fcltige Muster-Widerrufsformular in unserem Online-Shop zur Verf\u00fcgung gestellt. Durch die Nutzung dieses Musterformulars werden neben den Angaben zur Bestellung folgende personenbezogene Daten erfasst: Name, Anschrift und ggf. Ihre Unterschrift. F\u00fcr den Widerruf k\u00f6nnen Sie auch das Webformular f\u00fcr einen R\u00fccksendeantrag (RMA) nutzen oder eine eigene eindeutige Erkl\u00e4rung abgeben, dass Sie den Vertrag widerrufen m\u00f6chten.<\/p>\n\n\n\n<p><strong>R\u00fccksendeantrag<\/strong><br>F\u00fcr die Beantragung einer R\u00fccksendung haben wir eine Regelung in unsere Allgemeinen Gesch\u00e4ftsbedingungen aufgenommen und m\u00fcssen ein Webformular f\u00fcr eine R\u00fccksendeanfrage (RMA) verwenden. Zur Bearbeitung einer Retourenanfrage erheben wir neben den Angaben zur Bestellung folgende personenbezogene Daten: Vorname, Nachname, E-Mail-Adresse und Telefonnummer.<\/p>\n\n\n\n<p><strong>Zahlungsdetails<\/strong><br>Sie k\u00f6nnen eine Bestellung auf verschiedene Arten bezahlen. F\u00fcr jede Zahlungsart erfassen wir spezifische Zahlungsdaten.<\/p>\n\n\n\n<p>Bei Zahlung per Barzahlung bei Abholung oder per Nachnahme nehmen wir vor der weiteren Bearbeitung der Bestellung telefonisch Kontakt mit Ihnen auf.<\/p>\n\n\n\n<p>Wenn Sie sich f\u00fcr die nachtr\u00e4gliche Zahlung mit Billink entschieden haben, bitten wir Sie um die Angabe weiterer personenbezogener Daten. Au\u00dferdem werden Sie nach Ihrem Geschlecht und Ihrem Geburtsdatum gefragt.<\/p>\n\n\n\n<p>Wir behalten uns das Recht vor, eine ausgew\u00e4hlte Zahlungsmethode nicht zu akzeptieren.<\/p>\n\n\n\n<p><strong>Newsletter<\/strong><br>Wir m\u00f6chten Sie mit unserem Newsletter \u00fcber neue Produkte und Optionen, Software-Updates und Angebote informieren. Wenn Sie den Newsletter erhalten m\u00f6chten, k\u00f6nnen Sie dies bei der Registrierung eines Kontos angeben. Sie k\u00f6nnen sich auch auf Ihrer Kontoseite an- oder abmelden. Sie k\u00f6nnen sich in unserem Online-Shop auch ohne Erstellung eines Kontos f\u00fcr den Newsletter anmelden. Sie m\u00fcssen Ihren vollst\u00e4ndigen Namen und Ihre E-Mail-Adresse angeben. Sie werden per E-Mail dar\u00fcber informiert, wie Sie sich wieder abmelden k\u00f6nnen.<\/p>\n\n\n\n<p><strong>Rezensionen<\/strong><br>Wir w\u00fcrden uns sehr freuen, wenn Sie in unserem Online-Shop eine Bewertung zum Produkt hinterlassen w\u00fcrden. Dadurch k\u00f6nnen wir unsere Produktauswahl beurteilen und anderen Besuchern bei ihrer Auswahl helfen. Wir erfassen lediglich Ihren Namen mit Ihrer Begutachtung. Ihr Name und Ihre Bewertung sind f\u00fcr jeden Besucher unseres Online-Shops sichtbar. Wir behalten uns das Recht vor, Bewertungen nicht zu ver\u00f6ffentlichen.&nbsp;<\/p>\n\n\n\n<p><strong>Beratungsstelle<\/strong><br>Wenn Sie eine Frage haben, beantworten wir diese gerne. Sie k\u00f6nnen unseren Helpdesk auf verschiedenen Wegen erreichen, so dass Sie w\u00e4hlen k\u00f6nnen, welchen Weg Sie bevorzugen. Bei jedem Kontakt mit unserem Helpdesk erfassen wir Ihre pers\u00f6nlichen Daten, Ihre Frage und unsere Antwort. In diesem Abschnitt geben wir an, welche personenbezogenen Daten f\u00fcr jeden Helpdesk registriert werden.<\/p>\n\n\n\n<p><strong>Live-Chat<\/strong><br>Wir versuchen, Ihnen im Live-Chat umgehend eine Antwort auf Ihre Frage zu geben. Wir betreuen unseren Chat selbst. F\u00fcr die Chat-Funktionalit\u00e4t nutzen wir die Dienste von ZOPIM. Die Datenschutzbestimmungen von ZOPIM k\u00f6nnen Sie unter www.zopim.com\/privacy einsehen. Sie k\u00f6nnen den Chat ohne Angabe personenbezogener Daten nutzen. Wir erfassen dann lediglich Ihre IP-Adresse. Sie k\u00f6nnen sich auch im Chat-Fenster anmelden, indem Sie Ihren Namen und Ihre E-Mail-Adresse angeben oder sich mit Ihrem Facebook- oder Google-Konto anmelden. Wir registrieren dann Ihren Namen und Ihre E-Mail-Adresse.<\/p>\n\n\n\n<p>Sollten wir nicht online sein, k\u00f6nnen Sie uns im Chatfenster eine Nachricht hinterlassen. Anschlie\u00dfend m\u00fcssen Sie Ihren Namen und Ihre E-Mail-Adresse angeben oder sich mit Ihrem Facebook- oder Google-Konto anmelden. Wir registrieren Ihren Namen und Ihre E-Mail-Adresse.<\/p>\n\n\n\n<p><strong>Fragen und Antworten und Produkt-FAQ<\/strong><br>Auf der Seite \u201eFragen &amp; Antworten\u201c haben Sie die M\u00f6glichkeit, eine allgemeine Frage zu stellen oder zu beantworten. Sie k\u00f6nnen eine Frage oder Antwort zu einem bestimmten Produkt auf der Produktseite dieses Produkts unter der Registerkarte \u201eProdukt-FAQ\u201c stellen oder beantworten. Um eine Frage zu stellen oder eine Antwort zu geben, m\u00fcssen Sie Ihren Namen angeben. Alle Fragen und Antworten sowie Ihr Name sind f\u00fcr jeden sichtbar. Auf diese Weise helfen sich die Kunden gegenseitig. Wir beantworten Ihre Frage auch auf der entsprechenden Seite. Sie k\u00f6nnen angeben, ob Sie eine Nachricht erhalten m\u00f6chten, sobald eine Antwort auf Ihre Frage erfolgt ist. Hierzu ist die Angabe Ihrer E-Mail-Adresse erforderlich. Ihre E-Mail-Adresse wird nur uns zur Verf\u00fcgung gestellt und ist f\u00fcr Besucher unseres Online-Shops nicht sichtbar. Wir behalten uns das Recht vor, Fragen oder Antworten nicht zu ver\u00f6ffentlichen.&nbsp;<\/p>\n\n\n\n<p>Wenn Sie ein Konto registriert haben, k\u00f6nnen Sie nach dem Einloggen abstimmen, ob eine Antwort f\u00fcr Sie hilfreich war. Sie helfen uns, unseren Service weiter zu verbessern. Wir registrieren nicht, wer abstimmt. &nbsp; &nbsp; &nbsp; &nbsp;&nbsp;<\/p>\n\n\n\n<p><strong>Kontaktformular und E-Mail<\/strong><br>Um eine Frage zu stellen, k\u00f6nnen Sie auch unser Kontaktformular oder per E-Mail mit Ihrem eigenen E-Mail-Programm nutzen. Wir registrieren Ihren Namen und Ihre E-Mail-Adresse.<\/p>\n\n\n\n<p><strong>Telefon<\/strong><br>Selbstverst\u00e4ndlich k\u00f6nnen Sie uns auch telefonisch erreichen. Wir zeichnen unsere Telefongespr\u00e4che nicht auf. Bei Ihrer telefonischen Kontaktaufnahme erfassen wir Ihren Namen und, sofern vorhanden, Ihre Telefonnummer.<\/p>\n\n\n\n<p><strong>Sozialen Medien<\/strong><br>In unserem Online-Shop haben wir die M\u00f6glichkeit, Inhalte \u00fcber soziale Medien mit anderen zu teilen. Hierzu nutzen wir die Dienste von AddThis. Die Datenschutzrichtlinie von AddThis k\u00f6nnen Sie unter www.addthis.com\/privacy lesen. Unser Online-Shop erfasst keine personenbezogenen Daten, die \u00fcber AddThis weitergegeben werden.<\/p>\n\n\n\n<p>Auf unseren Produktseiten und auf unserer Blog-Seite k\u00f6nnen Sie Facebook-Kommentare nutzen, um einen Kommentar abzugeben. Ihr Kommentar ist f\u00fcr jeden Besucher unseres Online-Shops sichtbar und je nach Ihren Facebook-Einstellungen wird Ihr Kommentar auch \u00fcber Facebook geteilt.<\/p>\n\n\n\n<p><strong>Kekse<\/strong><br>Um Sie besser bedienen zu k\u00f6nnen, verwendet unser Online-Shop Cookies. Ein Cookie ist eine kleine Datei, die von unserem Online-Shop gesendet wird. Wenn Sie Ihren Browser so eingestellt haben, dass er Cookies akzeptiert, werden die Cookies gespeichert. Sie k\u00f6nnen die Cookies auch \u00fcber Ihren Browser l\u00f6schen. Wir verwenden nur Cookies, f\u00fcr die Ihre Einwilligung erforderlich ist, nachdem Sie diese durch die Nutzung unseres Online-Shops erteilt haben. Um den Betrieb unseres Online-Shops zu analysieren und zu verbessern, verwenden wir von Google Analytics platzierte Cookies. Wir erfassen jedoch lediglich anonymisierte statistische Informationen.<\/p>\n\n\n\n<p><strong>Endlich<\/strong><br>Sofern Sie uns von sich aus weitere personenbezogene Daten mitteilen, erfassen wir diese ebenfalls. Wir speichern in unserer Verwaltung alle personenbezogenen Daten, die wir entsprechend der gesetzlichen Aufbewahrungsfristen archivieren.<\/p>\n\n\n\n<p>Die von uns im Rahmen der Gesch\u00e4ftst\u00e4tigkeit verarbeiteten personenbezogenen Daten und\/oder Unternehmensdaten werden von uns und\/oder Dritten, an die die Anspr\u00fcche abgetreten wurden, f\u00fcr oder im Rahmen von Risikoanalysen und der Verhinderung, Aufdeckung und Bek\u00e4mpfung von Betrug oder Unregelm\u00e4\u00dfigkeiten verwendet. Im Rahmen dessen \u00fcberwachen wir die IP-Adresse der Nutzer unseres Online-Shops. Wir behalten uns das Recht vor, den Zugriff auf unseren Online-Shop und\/oder unsere Dienste ohne Angabe von Gr\u00fcnden nicht mehr bereitzustellen.<\/p>\n\n\n\n<p>Bei der \u00dcbertragung eines oder mehrerer Unternehmensteile werden auch die Daten der Besucher und Kunden unseres Online-Shops \u00fcbertragen.<\/p>\n\n\n\n<p>Um personenbezogene Daten zu l\u00f6schen oder einen \u00dcberblick \u00fcber Ihre personenbezogenen Daten zu erhalten, wenden Sie sich bitte an unseren Helpdesk.<\/p>\n\n\n\n<p>Wir behalten uns das Recht vor, unsere Datenschutzbestimmungen zu \u00e4ndern. Es ist daher ratsam, unsere Richtlinien regelm\u00e4\u00dfig zu konsultieren.<\/p>","protected":false},"excerpt":{"rendered":"<p>Privacy policy WebStore4Wij hechten grote waarde aan de privacy van alle gebruikers van onze webwinkel en dragen er zorg voor dat de persoonlijke informatie die u ons verstrekt veilig en vertrouwelijk wordt verwerkt. Wij hanteren daarbij het volgende privacybeleid. VeiligheidOnze gehele webwinkel is beveiligd met een SSL certificaat (Secure Sockets Layer). Hierdoor zijn alle persoonsgegevens<\/p>\n<div class=\"klb-readmore button\"><a class=\"btn link\" href=\"https:\/\/webstore4.com\/de\/privacy-policy\/\">Mehr lesen <i class=\"klbth-icon-right-arrow\"><\/i><\/a><\/div>","protected":false},"author":3,"featured_media":0,"parent":0,"menu_order":0,"comment_status":"closed","ping_status":"open","template":"","meta":{"footnotes":""},"class_list":["post-3","page","type-page","status-publish","hentry"],"_links":{"self":[{"href":"https:\/\/webstore4.com\/de\/wp-json\/wp\/v2\/pages\/3","targetHints":{"allow":["GET"]}}],"collection":[{"href":"https:\/\/webstore4.com\/de\/wp-json\/wp\/v2\/pages"}],"about":[{"href":"https:\/\/webstore4.com\/de\/wp-json\/wp\/v2\/types\/page"}],"author":[{"embeddable":true,"href":"https:\/\/webstore4.com\/de\/wp-json\/wp\/v2\/users\/3"}],"replies":[{"embeddable":true,"href":"https:\/\/webstore4.com\/de\/wp-json\/wp\/v2\/comments?post=3"}],"version-history":[{"count":1,"href":"https:\/\/webstore4.com\/de\/wp-json\/wp\/v2\/pages\/3\/revisions"}],"predecessor-version":[{"id":18607,"href":"https:\/\/webstore4.com\/de\/wp-json\/wp\/v2\/pages\/3\/revisions\/18607"}],"wp:attachment":[{"href":"https:\/\/webstore4.com\/de\/wp-json\/wp\/v2\/media?parent=3"}],"curies":[{"name":"wp","href":"https:\/\/api.w.org\/{rel}","templated":true}]}}