{"id":2349,"date":"2022-10-18T08:51:34","date_gmt":"2022-10-18T08:51:34","guid":{"rendered":"https:\/\/klbtheme.com\/partdo\/?page_id=2349"},"modified":"2025-03-24T16:49:31","modified_gmt":"2025-03-24T15:49:31","slug":"about-us","status":"publish","type":"page","link":"https:\/\/webstore4.com\/de\/about-us\/","title":{"rendered":"\u00dcber uns"},"content":{"rendered":"<div data-elementor-type=\"wp-page\" data-elementor-id=\"2349\" class=\"elementor elementor-2349\">\n\t\t\t\t\t\t<section class=\"elementor-section elementor-top-section elementor-element elementor-element-be2ed4a elementor-section-full_width elementor-section-height-default elementor-section-height-default\" data-id=\"be2ed4a\" data-element_type=\"section\">\n\t\t\t\t\t\t<div class=\"elementor-container elementor-column-gap-no\">\n\t\t\t\t\t<div class=\"elementor-column elementor-col-100 elementor-top-column elementor-element elementor-element-fdb95ef\" data-id=\"fdb95ef\" data-element_type=\"column\">\n\t\t\t<div class=\"elementor-widget-wrap elementor-element-populated\">\n\t\t\t\t\t\t<div class=\"elementor-element elementor-element-af29231 elementor-widget elementor-widget-partdo-page-banner\" data-id=\"af29231\" data-element_type=\"widget\" data-widget_type=\"partdo-page-banner.default\">\n\t\t\t\t<div class=\"elementor-widget-container\">\n\t\t\t<div class=\"entry-page-header\"><div class=\"container\"><div class=\"page-header-content\"><h1 class=\"entry-title\">Webstore4<\/h1><div class=\"entry-description\"> <p>Gegr\u00fcndet im Jahr 2012<\/p><\/div><\/div><\/div><div class=\"entry-image\"> <img decoding=\"async\" src=\"https:\/\/webstore4.com\/wp-content\/uploads\/2023\/07\/Banner-webstore4.jpg\" alt=\"\"><\/div><\/div>\t\t<\/div>\n\t\t\t\t<\/div>\n\t\t\t\t\t<\/div>\n\t\t<\/div>\n\t\t\t\t\t<\/div>\n\t\t<\/section>\n\t\t\t\t<section class=\"elementor-section elementor-top-section elementor-element elementor-element-7b0e655 elementor-section-boxed elementor-section-height-default elementor-section-height-default\" data-id=\"7b0e655\" data-element_type=\"section\">\n\t\t\t\t\t\t<div class=\"elementor-container elementor-column-gap-extended\">\n\t\t\t\t\t<div class=\"elementor-column elementor-col-100 elementor-top-column elementor-element elementor-element-6aaf18b white-box\" data-id=\"6aaf18b\" data-element_type=\"column\">\n\t\t\t<div class=\"elementor-widget-wrap elementor-element-populated\">\n\t\t\t\t\t\t<div class=\"elementor-element elementor-element-a0d41d6 elementor-widget__width-initial elementor-widget elementor-widget-text-editor\" data-id=\"a0d41d6\" data-element_type=\"widget\" data-widget_type=\"text-editor.default\">\n\t\t\t\t<div class=\"elementor-widget-container\">\n\t\t\t<style>\/*! elementor - v3.23.0 - 05-08-2024 *\/\n.elementor-widget-text-editor.elementor-drop-cap-view-stacked .elementor-drop-cap{background-color:#69727d;color:#fff}.elementor-widget-text-editor.elementor-drop-cap-view-framed .elementor-drop-cap{color:#69727d;border:3px solid;background-color:transparent}.elementor-widget-text-editor:not(.elementor-drop-cap-view-default) .elementor-drop-cap{margin-top:8px}.elementor-widget-text-editor:not(.elementor-drop-cap-view-default) .elementor-drop-cap-letter{width:1em;height:1em}.elementor-widget-text-editor .elementor-drop-cap{float:left;text-align:center;line-height:1;font-size:50px}.elementor-widget-text-editor .elementor-drop-cap-letter{display:inline-block}<\/style>\t\t\t\t<p><strong>WebStore4<\/strong><br \/>WebStore4 wurde 2012 gegr\u00fcndet und ist auf den Verkauf von IP-Kameras, IP-Video-Gegensprechanlagen, Zugangskontrollen, Alarmsystemen, (WiFi-)Netzwerkger\u00e4ten, Elektroschl\u00f6ssern und Smart-Home-Produkten aus dem mittleren und oberen Segment an Verbraucher und Unternehmen spezialisiert.\u00a0<\/p><p>Wir bieten kompetente Produkt- und Projektberatung und verkaufen alle unsere Produkte zu wettbewerbsf\u00e4higen Preisen und basierend auf der Installation und Konfiguration durch Sie selbst. Nat\u00fcrlich k\u00f6nnen Sie auch Ihren eigenen Installer verwenden.<\/p><p>Die von uns verkauften Produkte wurden aufgrund ihrer relativ einfachen Selbstinstallation, hohen Benutzerfreundlichkeit und einem guten Verh\u00e4ltnis zwischen Preis, Qualit\u00e4t und Leistung ausgew\u00e4hlt. Wir vertreiben ausschlie\u00dflich Produkte renommierter Hersteller wie Dahua, Uniview, ABUS, Anviz, Safire, Ajax Sytems, Pyronix, Boly, CDVI, YLI, ZKTeco, Arcas Oll\u00e9 und Hikvision. WebStore4 ist Eigent\u00fcmer der Marke WL4. Wir verkaufen auch s\u00e4mtliches Zubeh\u00f6r, sodass eine Gesamtl\u00f6sung erzielt werden kann, die auf die W\u00fcnsche und die Situation zugeschnitten ist.\u00a0<\/p><p><b>Nachhaltigkeit<\/b><br \/>Wir bei WebStore4 glauben, dass unsere Verantwortung \u00fcber das blo\u00dfe Anbieten von Qualit\u00e4tsprodukten f\u00fcr unsere Kunden hinausgeht. Wir wollen aktiv zum Schutz unseres Planeten beitragen. Deshalb streben wir danach, Nachhaltigkeit in alle unsere Gesch\u00e4ftsprozesse zu integrieren. WebStore4 hat bereits mehrere Initiativen umgesetzt, um Nachhaltigkeit in unser Gesch\u00e4ftsmodell zu integrieren.\u00a0<\/p><p>WebStore4 hat sich f\u00fcr den Einsatz von Fahrzeugen entschieden, die AdBlue nutzen<span style=\"font-family: Calibri, sans-serif; font-size: 11pt; background-color: var(--color-body); color: var(--color-text-primary); font-weight: var(--theme-font-weight); letter-spacing: var(--theme-letter-spacing); text-align: var(--bs-body-text-align);\">\u00ae<\/span><span style=\"background-color: var(--color-body); color: var(--color-text-primary); font-family: var(--theme-primary-font); font-size: var(--theme-font-size); font-weight: var(--theme-font-weight); letter-spacing: var(--theme-letter-spacing); text-align: var(--bs-body-text-align);\">\u00a0Motoren zur Reduzierung der Stickoxid-Emissionen (NOx). Dadurch wird sichergestellt, dass der Dieselkraftstoff der Motoren umweltfreundlicher ist.\u00a0<\/span><span style=\"background-color: var(--color-body); color: var(--color-text-primary); font-family: Calibri, sans-serif; font-size: 11pt; font-weight: var(--theme-font-weight); letter-spacing: var(--theme-letter-spacing); text-align: var(--bs-body-text-align);\">\u00a0<\/span><\/p><p>Unser nachhaltiges Unternehmertum geht \u00fcber unsere Transportmittel hinaus. Auf unserem Betriebsgel\u00e4nde verf\u00fcgen wir \u00fcber Solaranlagen, sodass wir einen Gro\u00dfteil unseres Strombedarfs erneuerbar und umweltfreundlich erzeugen. Auch in den B\u00fcror\u00e4umen kommen Elektroheizungen zum Einsatz.<\/p><p>Verpacken mit Sinn: Eine der gr\u00f6\u00dften Gesch\u00e4ftsaktivit\u00e4ten bei WebStore4 ist das Verpacken von Paketen f\u00fcr unsere Kunden. Wir verwenden Verpackungsmaterialien und Kartons unserer Lieferanten wieder. Dadurch sehen die Verpackungen manchmal gebraucht aus, wir k\u00f6nnen aber dadurch umweltfreundlicher arbeiten.\u00a0<\/p><p><span style=\"letter-spacing: -0.03px;\">F\u00fcr die Zustellung von Paketen nutzen wir die Dienste von PostNL und DHL. <a href=\"https:\/\/www.postnl.nl\/zakelijke-oplossingen\/duurzaamheid\/\" target=\"_blank\" rel=\"noopener\">PostNL <\/a>Und <a href=\"https:\/\/www.dhl.com\/nl-nl\/home\/over-ons\/duurzaamheid.html\" target=\"_blank\" rel=\"noopener\">DHL <\/a>sind Parteien mit einer klaren Vision zur Nachhaltigkeit, die letztendlich die gesamte Kette nachhaltiger machen wird.\u00a0<br \/><\/span><\/p><p><strong style=\"background-color: var(--color-body); color: var(--color-text-primary); font-family: var(--theme-primary-font); font-size: var(--theme-font-size); letter-spacing: var(--theme-letter-spacing); text-align: var(--bs-body-text-align);\">Firmendetails<br \/><\/strong><span style=\"background-color: var(--color-body); color: var(--color-text-primary); font-family: var(--theme-primary-font); font-size: var(--theme-font-size); font-weight: var(--theme-font-weight); letter-spacing: var(--theme-letter-spacing); text-align: var(--bs-body-text-align);\">WebStore4 is een handelsnaam van VRYPSTG B.V.<\/span><\/p><p>VRYPSTG B.V.<br \/>De Nieuwe Erven 3<br \/>5431 NV Cuijk<br \/>DIE NIEDERLANDE<\/p><p>\u00d6ffnungszeiten des Serviceschalters: Montag bis Freitag von 9:00 bis 18:00 Uhr. Am Samstag und Sonntag haben wir geschlossen.<\/p><p>Handelsregisternummer Kamer van Koophandel: 82205035<\/p><p>BTW nummer:\u00a0NL862375654B01<\/p><p>Bank: ING<\/p><p>IBAN: NL30 INGB 0008 0180 82<\/p><p>BIC: INGBNL2A<\/p><p><strong>Kontakt<\/strong><br \/>Sie k\u00f6nnen uns auf folgende Weise kontaktieren:<\/p><ul><li>Sie k\u00f6nnen hier eine allgemeine Frage stellen\u00a0<a href=\"https:\/\/www.webstore4ipcameras.nl\/faq\" target=\"_blank\" rel=\"noopener\">Seite \u201eH\u00e4ufig gestellte Fragen und Antworten\u201c<\/a>. Ihre Frage ist f\u00fcr jeden Besucher sichtbar. Auch Ihre Frage beantworten wir auf dieser Seite. Ihre Frage kann auch von einem Besucher beantwortet werden. Sie k\u00f6nnen angeben, ob Sie eine Nachricht erhalten m\u00f6chten, sobald eine Antwort auf Ihre Frage erfolgt ist.<\/li><li>Sie k\u00f6nnen eine Frage zu einem bestimmten Produkt auf der Registerkarte \u201eProdukt-FAQ\u201c stellen, die sich unter jedem Produkt befindet. Ihre Frage ist f\u00fcr jeden Besucher sichtbar. Wir beantworten Ihre Frage auch auf der Produktseite. Ihre Frage kann auch von einem Besucher beantwortet werden. Sie k\u00f6nnen angeben, ob Sie eine Nachricht erhalten m\u00f6chten, sobald eine Antwort auf Ihre Frage erfolgt ist.<\/li><li>Allgemeine und Produktfragen k\u00f6nnen Sie per E-Mail stellen\u00a0<a href=\"mailto:servicedesk@webstore4.com\">Email<\/a>\u00a0oder \u00fcber\u00a0<a href=\"https:\/\/wa.me\/31202101561\" target=\"_blank\" rel=\"noopener\">WhatsApp<\/a>. Wir antworten sofort auf WhatsApp und wenn wir nicht online sind, antworten wir sofort und innerhalb weniger Stunden.\u00a0<\/li><li>Telefonisch is WebStore4 bereikbaar op +31<span data-olk-copy-source=\"MessageBody\">202101561<\/span>. Wanneer de medewerkers van WebStore4 niet direct telefonisch te bereiken zijn zal de telefoniste u te woord staan.<\/li><\/ul>\t\t\t\t\t\t<\/div>\n\t\t\t\t<\/div>\n\t\t\t\t\t<\/div>\n\t\t<\/div>\n\t\t\t\t\t<\/div>\n\t\t<\/section>\n\t\t\t\t<\/div>","protected":false},"excerpt":{"rendered":"<p>Webstore4 Opgericht in 2012 WebStore4WebStore4 is opgericht in 2012 en gespecialiseerd in de verkoop van IP camera\u2019s, IP video intercom, toegangscontrole, alarmsystemen, (WiFi) netwerk apparatuur, elektrische sloten en smart home producten uit het midden- en topsegment aan zowel consumenten als bedrijven.\u00a0 Wij geven deskundig product- en projectadvies en verkopen al onze producten tegen scherpe prijzen<\/p>\n<div class=\"klb-readmore button\"><a class=\"btn link\" href=\"https:\/\/webstore4.com\/de\/about-us\/\">Mehr lesen <i class=\"klbth-icon-right-arrow\"><\/i><\/a><\/div>","protected":false},"author":3,"featured_media":0,"parent":0,"menu_order":0,"comment_status":"closed","ping_status":"closed","template":"","meta":{"footnotes":""},"class_list":["post-2349","page","type-page","status-publish","hentry"],"_links":{"self":[{"href":"https:\/\/webstore4.com\/de\/wp-json\/wp\/v2\/pages\/2349","targetHints":{"allow":["GET"]}}],"collection":[{"href":"https:\/\/webstore4.com\/de\/wp-json\/wp\/v2\/pages"}],"about":[{"href":"https:\/\/webstore4.com\/de\/wp-json\/wp\/v2\/types\/page"}],"author":[{"embeddable":true,"href":"https:\/\/webstore4.com\/de\/wp-json\/wp\/v2\/users\/3"}],"replies":[{"embeddable":true,"href":"https:\/\/webstore4.com\/de\/wp-json\/wp\/v2\/comments?post=2349"}],"version-history":[{"count":10,"href":"https:\/\/webstore4.com\/de\/wp-json\/wp\/v2\/pages\/2349\/revisions"}],"predecessor-version":[{"id":18671,"href":"https:\/\/webstore4.com\/de\/wp-json\/wp\/v2\/pages\/2349\/revisions\/18671"}],"wp:attachment":[{"href":"https:\/\/webstore4.com\/de\/wp-json\/wp\/v2\/media?parent=2349"}],"curies":[{"name":"wp","href":"https:\/\/api.w.org\/{rel}","templated":true}]}}