{"id":10752,"date":"2023-09-04T20:18:24","date_gmt":"2023-09-04T18:18:24","guid":{"rendered":"https:\/\/webstore4.com\/?page_id=10752"},"modified":"2023-09-08T09:07:08","modified_gmt":"2023-09-08T07:07:08","slug":"downloads","status":"publish","type":"page","link":"https:\/\/webstore4.com\/de\/downloads\/","title":{"rendered":"Downloads"},"content":{"rendered":"<p>Bei den Downloads auf dieser Seite handelt es sich um (Links zu) Katalogen, Software, Tools und\/oder Firmware von Herstellern von Produkten, die in WebStore4 IP-KAMERAS verkauft werden. Die Downloads werden nach Marke klassifiziert. Produktspezifische Handb\u00fccher und Datenbl\u00e4tter finden Sie auf der Produktseite im Reiter \u201eDokumentation\u201c. Firmware, die wir f\u00fcr einige Produkte zur Verf\u00fcgung stellen, k\u00f6nnen Sie nach dem Kauf des Produkts von Ihrem Konto herunterladen. Wir stellen die Downloads als kostenlosen Service zur Verf\u00fcgung. Durch das Herunterladen kommt kein Fernabsatzvertrag zustande und unsere Allgemeinen Gesch\u00e4ftsbedingungen finden keine Anwendung.&nbsp;<strong>Die Nutzung aller Downloads erfolgt ausschlie\u00dflich auf Ihr eigenes Risiko.<\/strong>&nbsp;Wir bieten keine Garantie oder Support f\u00fcr Downloads oder f\u00fcr Produkte, deren Firmware ge\u00e4ndert wurde oder versucht wurde, diese zu \u00e4ndern. Durch das Herunterladen und Verwenden der Dateien erkl\u00e4ren Sie sich damit einverstanden.<\/p>\n\n\n\n<p><strong>Dahua<\/strong><\/p>\n\n\n\n<p><a href=\"http:\/\/www.dahuasecurity.com\/support\/downloadCenter\" target=\"_blank\" rel=\"noopener\">Dahua-Downloadcenter&nbsp;<strong>(einschlie\u00dflich Firmware, Dahua Toolbox, Software, Brosch\u00fcren, Handb\u00fccher, Datenbl\u00e4tter, Zubeh\u00f6rauswahlhilfe usw.)<\/strong><\/a><\/p>\n\n\n\n<p><a href=\"https:\/\/dahuawiki.com\/\" target=\"_blank\" rel=\"noopener\">Dahua-Wiki<\/a><\/p>\n\n\n\n<p><strong>Hikvision-Downloadportal<\/strong><\/p>\n\n\n\n<p><a href=\"http:\/\/www.hikvisioneurope.com\/portal\/index.php?dir=\" target=\"_blank\" rel=\"noopener\">Hikvision-Downloadportal<\/a><\/p>\n\n\n\n<p><strong>WL4<\/strong><\/p>\n\n\n\n<p><a href=\"https:\/\/www.webstore4ipcameras.nl\/documentation\/CD_WL4_IPC-PTZD118-4.zip\" target=\"_blank\" rel=\"noopener\">CD WL4 IPC-PTZD118-4<\/a><\/p>","protected":false},"excerpt":{"rendered":"<p>De downloads op deze pagina betreffen (links naar) catalogi, software, tools en\/of firmware afkomstig van fabrikanten van producten die in WebStore4 IP CAMERAS worden verkocht. De downloads zijn ingedeeld op basis van merk. Productspecifieke handleidingen en datasheets zijn te vinden op de pagina van het product onder het tabblad &#8220;Documentatie&#8221;. Firmware die wij voor enkele<\/p>\n<div class=\"klb-readmore button\"><a class=\"btn link\" href=\"https:\/\/webstore4.com\/de\/downloads\/\">Mehr lesen <i class=\"klbth-icon-right-arrow\"><\/i><\/a><\/div>","protected":false},"author":3,"featured_media":0,"parent":0,"menu_order":0,"comment_status":"closed","ping_status":"closed","template":"","meta":{"footnotes":""},"class_list":["post-10752","page","type-page","status-publish","hentry"],"_links":{"self":[{"href":"https:\/\/webstore4.com\/de\/wp-json\/wp\/v2\/pages\/10752","targetHints":{"allow":["GET"]}}],"collection":[{"href":"https:\/\/webstore4.com\/de\/wp-json\/wp\/v2\/pages"}],"about":[{"href":"https:\/\/webstore4.com\/de\/wp-json\/wp\/v2\/types\/page"}],"author":[{"embeddable":true,"href":"https:\/\/webstore4.com\/de\/wp-json\/wp\/v2\/users\/3"}],"replies":[{"embeddable":true,"href":"https:\/\/webstore4.com\/de\/wp-json\/wp\/v2\/comments?post=10752"}],"version-history":[{"count":0,"href":"https:\/\/webstore4.com\/de\/wp-json\/wp\/v2\/pages\/10752\/revisions"}],"wp:attachment":[{"href":"https:\/\/webstore4.com\/de\/wp-json\/wp\/v2\/media?parent=10752"}],"curies":[{"name":"wp","href":"https:\/\/api.w.org\/{rel}","templated":true}]}}