{"id":10748,"date":"2023-09-04T20:16:10","date_gmt":"2023-09-04T18:16:10","guid":{"rendered":"https:\/\/webstore4.com\/?page_id=10748"},"modified":"2023-09-04T20:17:32","modified_gmt":"2023-09-04T18:17:32","slug":"faq","status":"publish","type":"page","link":"https:\/\/webstore4.com\/de\/faq\/","title":{"rendered":"Fragen &amp; Antworten"},"content":{"rendered":"<p>Auf dieser Seite k\u00f6nnen Sie nach einer Antwort auf eine allgemeine Frage zu unserem Online-Shop oder nach einer Antwort auf eine allgemeine technische Frage suchen. Wenn Sie keine Antwort auf Ihre Frage finden&nbsp;<strong>allgemeine Frage<\/strong>&nbsp;Dann k\u00f6nnen Sie Ihre Frage auch auf dieser Seite stellen.<\/p>\n\n\n\n<p>A&nbsp;<strong>konkrete Frage zu einem Produkt<\/strong>&nbsp;Fragen Sie am besten unter der Registerkarte \u201eProdukt-FAQ\u201c, die sich unter jedem Produkt im Online-Shop befindet.<\/p>\n\n\n\n<p>Alle Fragen und Antworten sowohl auf dieser Seite als auch auf der Produktseite sind f\u00fcr jeden sichtbar und die meisten Fragen k\u00f6nnen von jedem beantwortet werden. Auf diese Weise k\u00f6nnen sich die Besucher auch gegenseitig helfen. Sie k\u00f6nnen angeben, ob Sie eine Nachricht erhalten m\u00f6chten, sobald Ihre Frage beantwortet wurde.&nbsp;&nbsp;<\/p>\n\n\n\n<p>Um Ihre Suche zu vereinfachen, sind die Fragen auf dieser Seite nicht in Kategorien unterteilt, Sie k\u00f6nnen jedoch eine erweiterte Suchfunktion nutzen. Die Suchfunktion auf dieser Seite durchsucht nur die Fragen und Antworten auf der Seite \u201eFragen &amp; Antworten\u201c. \u00dcber die Suchfunktion auf der jeweiligen Produktseite k\u00f6nnen Sie nach Fragen und Antworten zu einem bestimmten Produkt suchen.\u00a0<\/p>","protected":false},"excerpt":{"rendered":"<p>Op deze pagina kunt u zoeken naar een antwoord op een algemene vraag over onze webwinkel of een antwoord op een algemene technische vraag. Indien u geen antwoord kunt vinden op uw&nbsp;algemene vraag&nbsp;dan kunt u op deze pagina ook uw vraag stellen. Een&nbsp;specifieke vraag over een product&nbsp;kunt u het beste stellen onder het tabblad &#8220;Product<\/p>\n<div class=\"klb-readmore button\"><a class=\"btn link\" href=\"https:\/\/webstore4.com\/de\/faq\/\">Mehr lesen <i class=\"klbth-icon-right-arrow\"><\/i><\/a><\/div>","protected":false},"author":3,"featured_media":0,"parent":0,"menu_order":0,"comment_status":"closed","ping_status":"closed","template":"","meta":{"footnotes":""},"class_list":["post-10748","page","type-page","status-publish","hentry"],"_links":{"self":[{"href":"https:\/\/webstore4.com\/de\/wp-json\/wp\/v2\/pages\/10748","targetHints":{"allow":["GET"]}}],"collection":[{"href":"https:\/\/webstore4.com\/de\/wp-json\/wp\/v2\/pages"}],"about":[{"href":"https:\/\/webstore4.com\/de\/wp-json\/wp\/v2\/types\/page"}],"author":[{"embeddable":true,"href":"https:\/\/webstore4.com\/de\/wp-json\/wp\/v2\/users\/3"}],"replies":[{"embeddable":true,"href":"https:\/\/webstore4.com\/de\/wp-json\/wp\/v2\/comments?post=10748"}],"version-history":[{"count":0,"href":"https:\/\/webstore4.com\/de\/wp-json\/wp\/v2\/pages\/10748\/revisions"}],"wp:attachment":[{"href":"https:\/\/webstore4.com\/de\/wp-json\/wp\/v2\/media?parent=10748"}],"curies":[{"name":"wp","href":"https:\/\/api.w.org\/{rel}","templated":true}]}}