{"id":10746,"date":"2023-09-04T20:14:26","date_gmt":"2023-09-04T18:14:26","guid":{"rendered":"https:\/\/webstore4.com\/?page_id=10746"},"modified":"2025-10-22T12:28:31","modified_gmt":"2025-10-22T11:28:31","slug":"herroeping","status":"publish","type":"page","link":"https:\/\/webstore4.com\/de\/herroeping\/","title":{"rendered":"Widerruf"},"content":{"rendered":"<p><strong>Widerruf<\/strong><br>Als Verbraucher haben Sie das Recht, innerhalb einer Widerrufsfrist von 14 Tagen ohne Angabe von Gr\u00fcnden vom Vertrag zur\u00fcckzutreten. Das Widerrufsrecht gilt nicht f\u00fcr Gesch\u00e4ftskunden. Die Bedenkzeit beginnt:<\/p>\n\n\n\n<p>a. beim Kauf von Produkten am Tag nach der Lieferung der Produkte an Sie oder einen von Ihnen benannten Dritten, der nicht der Bef\u00f6rderer ist;<br>B. bei der Erbringung von Dienstleistungen und der Lieferung digitaler Inhalte, die nicht auf einem materiellen Datentr\u00e4ger (z. B. USB-Stick, CD oder DVD) geliefert werden, am Tag nach Vertragsschluss;<br>C. im Falle einer Dauerleistungsvereinbarung am Tag, nachdem Sie oder ein von Ihnen benannter Dritter, der nicht der Bef\u00f6rderer ist, die erste Lieferung erhalten haben;<br>D. im Falle derselben Bestellung mit mehreren Produkten am Tag, nachdem Sie oder ein von Ihnen benannter Dritter, der nicht der Bef\u00f6rderer ist, das letzte Produkt erhalten haben;<br>e. f\u00fcr den Fall, dass die Lieferung einer Ware aus mehreren Sendungen oder Teilen besteht, gilt der Tag, nachdem Sie oder ein von Ihnen benannter Dritter, der nicht der Bef\u00f6rderer ist, die letzte Sendung oder den letzten Teil erhalten hat.<\/p>\n\n\n\n<p>Um Ihr Widerrufsrecht auszu\u00fcben, m\u00fcssen Sie uns Ihren Entschluss, vom Vertrag zur\u00fcckzutreten, durch eine eindeutige Erkl\u00e4rung, beispielsweise per E-Mail oder schriftlich per Post, mitteilen. Sie k\u00f6nnen daf\u00fcr das Muster-Widerrufsformular verwenden, das Sie \u00fcber den Button oben rechts herunterladen k\u00f6nnen, allerdings sind Sie dazu nicht verpflichtet. F\u00fcr den Widerruf k\u00f6nnen Sie auch unser Online-Formular nutzen&nbsp;<a href=\"https:\/\/webstore4.com\/retourneren\/\">R\u00fccksendeantrag (RMA).<\/a>&nbsp;Unter \u201eR\u00fcckgabegrund\u201c k\u00f6nnen Sie angeben, dass es sich um einen Widerruf handelt. Wenn Sie von dieser M\u00f6glichkeit Gebrauch machen, senden wir Ihnen umgehend eine Best\u00e4tigung \u00fcber den Eingang Ihres Widerrufs per E-Mail.<\/p>\n\n\n\n<p>Zur Wahrung der Widerrufsfrist reicht es aus, dass Sie Ihre Mitteilung \u00fcber die Aus\u00fcbung des Widerrufsrechts vor Ablauf der Widerrufsfrist absenden.<\/p>\n\n\n\n<p>Wenn Sie den Vertrag widerrufen, erhalten Sie alle Zahlungen zur\u00fcck, die Sie bis zu diesem Zeitpunkt f\u00fcr die zur\u00fcckgegebenen Produkte geleistet haben, einschlie\u00dflich der Liefer- und Zahlungskosten (mit Ausnahme etwaiger zus\u00e4tzlicher Kosten, die sich daraus ergeben, dass Sie eine andere als die angegebene Versandart gew\u00e4hlt haben). (von uns angebotene g\u00fcnstigste Standardlieferung) unverz\u00fcglich und in jedem Fall sp\u00e4testens 14 Tage nach der Mitteilung Ihrer Entscheidung zum R\u00fccktritt vom Vertrag bei uns zur\u00fcckzusenden. Wenn der Vertrag die Lieferung mehrerer Produkte betrifft und sich Ihr Widerruf nicht auf die gesamte Lieferung bezieht, werden die gezahlten Liefer- und Zahlungskosten nicht erstattet. Mit der R\u00fcckerstattung warten wir, bis wir die Ware zur\u00fcckerhalten haben. F\u00fcr die R\u00fcckzahlung verwenden wir dasselbe Zahlungsmittel, das Sie bei der urspr\u00fcnglichen Transaktion eingesetzt haben, es sei denn, mit Ihnen wurde ausdr\u00fccklich etwas anderes vereinbart; in keinem Fall werden Ihnen wegen dieser R\u00fcckzahlung Entgelte berechnet.<\/p>\n\n\n\n<p>Wenn Sie beantragt haben, dass mit der Erbringung der Dienstleistungen w\u00e4hrend der Widerrufsfrist begonnen wird, zahlen Sie einen Betrag, der im Verh\u00e4ltnis zu dem steht, was zum Zeitpunkt Ihrer Mitteilung \u00fcber Ihren R\u00fccktritt vom Vertrag bereits geliefert wurde, verglichen mit der vollst\u00e4ndigen Erbringung der Dienstleistungen Vereinbarung.<\/p>\n\n\n\n<p>Die Lieferung digitaler Inhalte, die nicht auf einem k\u00f6rperlichen Datentr\u00e4ger, wie z. B. einer CD oder DVD, geliefert werden, erfolgt nur, wenn Sie vor der Lieferung ausdr\u00fccklich zugestimmt haben, mit der Vertragserf\u00fcllung (Lieferung) vor Ablauf der K\u00fchlfrist zu beginnen. Widerrufsfrist und Sie haben zur Kenntnis genommen, dass Sie mit Erteilung dieser Einwilligung Ihr Widerrufsrecht verlieren. Der Vertrag \u00fcber die Bereitstellung digitaler Inhalte kann daher nicht widerrufen werden. Wenn wir Ihre Zustimmung und Anerkennung best\u00e4tigt haben, tragen Sie die Kosten f\u00fcr die vollst\u00e4ndige oder teilweise Lieferung digitaler Inhalte, die nicht auf einem materiellen Datentr\u00e4ger geliefert werden.<\/p>\n\n\n\n<p>Vom Widerruf weiterhin ausgeschlossen sind:<\/p>\n\n\n\n<ul class=\"wp-block-list\">\n<li>Produkte oder Dienstleistungen, deren Preis Schwankungen auf dem Finanzmarkt unterliegt, auf die wir keinen Einfluss haben und die innerhalb der Bedenkzeit auftreten k\u00f6nnen;<\/li>\n\n\n\n<li>Vereinbarungen, die im Rahmen einer \u00f6ffentlichen Versteigerung geschlossen werden. Unter einer \u00f6ffentlichen Auktion versteht man eine Verkaufsmethode, bei der Produkte, digitale Inhalte und\/oder Dienstleistungen von uns angeboten werden und Sie pers\u00f6nlich bei der Auktion anwesend sind oder die M\u00f6glichkeit haben, pers\u00f6nlich anwesend zu sein, unter der Aufsicht eines Auktionators und bei dem der erfolgreiche Bieter auftritt ist verpflichtet, die Produkte, digitalen Inhalte und\/oder Dienstleistungen zu erwerben;<\/li>\n\n\n\n<li>Produkte oder digitale Inhalte, die nach Ihren Vorgaben hergestellt werden, die nicht vorgefertigt sind und die auf der Grundlage einer individuellen Auswahl oder Ihrer Entscheidung hergestellt werden oder die eindeutig f\u00fcr eine bestimmte Person bestimmt sind, einschlie\u00dflich, aber nicht beschr\u00e4nkt auf: Konfigurierung oder Montage von das Produkt und die Bereitstellung des Produkts mit (neuer) Software und\/oder Firmware;<\/li>\n\n\n\n<li>Produkte oder digitale Inhalte, die schnell verderben oder eine begrenzte Haltbarkeit haben;<\/li>\n\n\n\n<li>versiegelte Produkte, die aus Gr\u00fcnden des Gesundheitsschutzes oder der Hygiene nicht zur R\u00fcckgabe geeignet sind und deren Versiegelung nach der Lieferung entfernt wurde;<\/li>\n\n\n\n<li>Produkte oder digitale Inhalte, die nach der Lieferung unwiderruflich mit anderen Produkten oder digitalen Inhalten vermischt werden;<\/li>\n\n\n\n<li>Produkte oder digitale Inhalte, die aktiviert oder registriert werden, sobald sie angeschlossen und\/oder eingeschaltet oder genutzt werden;<\/li>\n\n\n\n<li>versiegelte Audio-, Videoaufzeichnungen, Software und alle anderen digitalen Inhalte, deren Siegel nach der Lieferung gebrochen wurde;<\/li>\n\n\n\n<li>Zeitungen, Zeitschriften oder Magazine, ausgenommen Abonnements hierf\u00fcr; Und<\/li>\n\n\n\n<li>einen Geschenkgutschein.<\/li>\n<\/ul>\n\n\n\n<p>Sie haben die Ware unverz\u00fcglich, sp\u00e4testens jedoch 14 Tage nach dem Tag, an dem Sie uns \u00fcber den R\u00fccktritt vom Vertrag mitteilen, an uns zur\u00fcckzusenden oder zu \u00fcbergeben. Sie sind p\u00fcnktlich, wenn Sie die Ware vor Ablauf der Frist von 14 Tagen zur\u00fccksenden.<\/p>\n\n\n\n<p>Die unmittelbaren Kosten und das Risiko der R\u00fccksendung der Waren gehen zu Ihren Lasten. Sie m\u00fcssen f\u00fcr einen etwaigen Wertverlust der Waren nur aufkommen, wenn dieser Wertverlust auf einen zur Pr\u00fcfung der Beschaffenheit, Eigenschaften und Funktionsweise der Waren nicht notwendigen Umgang mit ihnen zur\u00fcckzuf\u00fchren ist. Dabei gilt der Grundsatz, dass Sie das Produkt nur wie in einem Gesch\u00e4ft behandeln und pr\u00fcfen d\u00fcrfen. Das Produkt und die Verpackung m\u00fcssen f\u00fcr den Weiterverkauf durch uns geeignet sein. Das bedeutet unter anderem, dass Sie das Produkt mit s\u00e4mtlichem mitgelieferten Zubeh\u00f6r, frei von Gebrauchsspuren und im Originalzustand und in der Originalverpackung zur\u00fccksenden m\u00fcssen. Auf dem Produkt und der Originalverpackung d\u00fcrfen sich keine Schriftz\u00fcge, Aufkleber, Klebeb\u00e4nder oder Etiketten befinden. Produkte, die mit Ihren eigenen Anmeldedaten und Einstellungen konfiguriert werden k\u00f6nnen, m\u00fcssen vor der R\u00fccksendung auf die Werkseinstellungen zur\u00fcckgesetzt werden. Wenn das Produkt mit Ihren eigenen Zugangsdaten oder mit einem Link zu Ihrem eigenen Konto oder Ihrer mobilen App zur\u00fcckgegeben wird, haben wir keinen Zugriff mehr auf das Produkt und es kommt im Falle eines Widerrufs zu einer Wertminderung.<\/p>\n\n\n\n<p>R\u00fccksendungen m\u00fcssen ordnungsgem\u00e4\u00df verpackt und in der Originalverpackung erfolgen, in der das Produkt erhalten wurde. Es sind ein Umkarton (Umkarton) und geeignete Polstermaterialien zu verwenden. Bei Wiederverwendbarkeit k\u00f6nnen die Umverpackung und das F\u00fcllmaterial verwendet werden, in denen das Produkt geliefert wurde. Die R\u00fccksendung muss ausreichend frankiert sein.<\/p>\n\n\n\n<p>Die Adresse f\u00fcr R\u00fccksendungen im Falle eines Widerrufs lautet:<\/p>\n\n\n\n<p>WebStore4<br>RMA | Serviceschalter<br>Zeebergweg 6<br>1051DE Amsterdam<br>DIE NIEDERLANDE<\/p>\n\n\n\n<p>Alle Regelungen zum (Ausschluss) Widerruf k\u00f6nnen Sie in unseren Allgemeinen Gesch\u00e4ftsbedingungen nachlesen.<\/p>","protected":false},"excerpt":{"rendered":"<p>HerroepingAls consument&nbsp;heeft u het recht om binnen een bedenktijd van 14 dagen zonder opgave van redenen de overeenkomst te herroepen. Voor zakelijke klanten geldt het herroepingsrecht niet.&nbsp;De bedenktijd gaat in: a. bij de aankoop van producten op de dag nadat levering van het product aan u of een door u aangewezen derde, die niet de<\/p>\n<div class=\"klb-readmore button\"><a class=\"btn link\" href=\"https:\/\/webstore4.com\/de\/herroeping\/\">Mehr lesen <i class=\"klbth-icon-right-arrow\"><\/i><\/a><\/div>","protected":false},"author":3,"featured_media":0,"parent":0,"menu_order":0,"comment_status":"closed","ping_status":"closed","template":"","meta":{"footnotes":""},"class_list":["post-10746","page","type-page","status-publish","hentry"],"_links":{"self":[{"href":"https:\/\/webstore4.com\/de\/wp-json\/wp\/v2\/pages\/10746","targetHints":{"allow":["GET"]}}],"collection":[{"href":"https:\/\/webstore4.com\/de\/wp-json\/wp\/v2\/pages"}],"about":[{"href":"https:\/\/webstore4.com\/de\/wp-json\/wp\/v2\/types\/page"}],"author":[{"embeddable":true,"href":"https:\/\/webstore4.com\/de\/wp-json\/wp\/v2\/users\/3"}],"replies":[{"embeddable":true,"href":"https:\/\/webstore4.com\/de\/wp-json\/wp\/v2\/comments?post=10746"}],"version-history":[{"count":2,"href":"https:\/\/webstore4.com\/de\/wp-json\/wp\/v2\/pages\/10746\/revisions"}],"predecessor-version":[{"id":19173,"href":"https:\/\/webstore4.com\/de\/wp-json\/wp\/v2\/pages\/10746\/revisions\/19173"}],"wp:attachment":[{"href":"https:\/\/webstore4.com\/de\/wp-json\/wp\/v2\/media?parent=10746"}],"curies":[{"name":"wp","href":"https:\/\/api.w.org\/{rel}","templated":true}]}}