{"id":10744,"date":"2023-09-04T20:13:51","date_gmt":"2023-09-04T18:13:51","guid":{"rendered":"https:\/\/webstore4.com\/?page_id=10744"},"modified":"2024-01-22T09:26:33","modified_gmt":"2024-01-22T08:26:33","slug":"retourneren","status":"publish","type":"page","link":"https:\/\/webstore4.com\/de\/retourneren\/","title":{"rendered":"R\u00fcckgabe"},"content":{"rendered":"<p>Um Produkte beispielsweise zur Untersuchung eines Mangels oder zur Reparatur zur\u00fcckzusenden, k\u00f6nnen Sie \u00fcber das unten stehende Online-Formular eine R\u00fccksendeanfrage (RMA) stellen. Es ist wichtig, den Mangel klar zu beschreiben. Wir werden Sie bez\u00fcglich Ihres Anliegens kontaktieren. Wenn eine R\u00fccksendung m\u00f6glich ist, erhalten Sie von uns eine Anleitung, wie Produkte zur\u00fcckgegeben werden k\u00f6nnen. Die Art der R\u00fcckgabe kann je nach Produkt unterschiedlich sein. Daher ist es wichtig, unsere Anweisungen abzuwarten, bevor Sie das Produkt zur\u00fccksenden.<\/p>\n\n\n\n<p>Produkte, die mit Ihren eigenen Zugangsdaten und Einstellungen konfiguriert werden k\u00f6nnen, m\u00fcssen vor der R\u00fccksendung zur\u00fcckgegeben werden&nbsp;<strong>auf Werkseinstellungen zur\u00fcckgesetzt<\/strong>. Wenn das Produkt mit Ihren eigenen Zugangsdaten (Benutzername und\/oder Passwort) oder mit einem Link zu Ihrem eigenen Konto oder Ihrer mobilen App zur\u00fcckgegeben wird, k\u00f6nnen wir nicht mehr auf das Produkt zugreifen und es kommt im Falle eines Widerrufs zu einer (vollst\u00e4ndigen) Wertminderung . Eine vom Kunden erforderliche zweite Nachforschung, weil die Zugangsdaten erst nach der ersten Nachforschung \u00fcbermittelt werden, ein Konto gesperrt wird oder wir aufgefordert werden, einen Reset-Vorgang \u00fcber den Hersteller durchzuf\u00fchren, wird von uns zu unserem Standardstundensatz zuz\u00fcglich etwaiger Kosten berechnet. vom Lieferanten in Rechnung gestellt. &nbsp;&nbsp;<\/p>\n\n\n\n<p>Wenn Sie den Verdacht haben, dass ein Produkt fehlerhaft ist, k\u00f6nnen wir das Produkt f\u00fcr Sie untersuchen. Wenn unsere Untersuchung ergibt, dass ein Mangel vorliegt, wird das Produkt zur weiteren Untersuchung und zur Feststellung, ob der Mangel unter die Garantie f\u00e4llt, an den Lieferanten gesendet. Im Garantiefall wird das Produkt selbstverst\u00e4ndlich kostenlos repariert oder ersetzt. Liegt keine Gew\u00e4hrleistung vor, werden Sie bez\u00fcglich der weiteren Abwicklung kontaktiert.&nbsp;<strong>Mocht uit ons onderzoek naar voren komen dat het product het door de klant vermoedde defect niet vertoont en volledig goed functioneert dan zijn wij genoodzaakt om ons&nbsp;standaard <strong><a href=\"https:\/\/webstore4.com\/it-service-half-uur\/\">tarief voor IT werkzaamheden<\/a><\/strong>&nbsp;in rekening te brengen voor het onnodig uitgevoerde onderzoek.<\/strong><\/p>\n\n\n\n<p>Alle R\u00fccksendungen m\u00fcssen ordnungsgem\u00e4\u00df verpackt sein. Es sind ein Umkarton (Paketkarton) und geeignete Polstermaterialien zu verwenden. Bei Wiederverwendbarkeit k\u00f6nnen die Umverpackung und das F\u00fcllmaterial verwendet werden, in denen das Produkt geliefert wurde. Die R\u00fccksendung muss ausreichend frankiert sein. Kosten und Gefahr der R\u00fccksendung gehen zu Ihren Lasten (Carry-in-Garantie).<\/p>\n\n\n\n<p>Sie k\u00f6nnen einen Widerruf auch \u00fcber das unten stehende Online-Formular melden. Zum Widerruf lesen Sie bitte die Informationen und geltenden Anweisungen auf der&nbsp;<a href=\"https:\/\/webstore4.com\/withdrawal\/\" data-type=\"page\" data-id=\"10746\">Seite Widerruf.<\/a><\/p>\n\n\n\n<p>Na het invullen van het onderstaande formulier ontvangt u van WebStore4 een e-mail met de informatie of de retour geaccepteerd wordt en duidelijke instructies voor het retourneren van het product. Retouren zonder toestemming of retournummer worden niet geaccepteerd. <\/p>\n\n\n\n<p><\/p>\n\n\n\n<div class=\"wpcf7 no-js\" id=\"wpcf7-f10919-o1\" lang=\"en-US\" dir=\"ltr\" data-wpcf7-id=\"10919\">\n<div class=\"screen-reader-response\"><p role=\"status\" aria-live=\"polite\" aria-atomic=\"true\"><\/p> <ul><\/ul><\/div>\n<form action=\"\/de\/wp-json\/wp\/v2\/pages\/10744#wpcf7-f10919-o1\" method=\"post\" class=\"wpcf7-form init\" aria-label=\"Contact form\" novalidate=\"novalidate\" data-status=\"init\" data-trp-original-action=\"\/de\/wp-json\/wp\/v2\/pages\/10744#wpcf7-f10919-o1\">\n<fieldset class=\"hidden-fields-container\"><input type=\"hidden\" name=\"_wpcf7\" value=\"10919\" \/><input type=\"hidden\" name=\"_wpcf7_version\" value=\"6.1.3\" \/><input type=\"hidden\" name=\"_wpcf7_locale\" value=\"en_US\" \/><input type=\"hidden\" name=\"_wpcf7_unit_tag\" value=\"wpcf7-f10919-o1\" \/><input type=\"hidden\" name=\"_wpcf7_container_post\" value=\"0\" \/><input type=\"hidden\" name=\"_wpcf7_posted_data_hash\" value=\"\" \/>\n<\/fieldset>\n<p><label> Name<br \/>\n<span class=\"wpcf7-form-control-wrap\" data-name=\"your-name\"><input size=\"40\" maxlength=\"400\" class=\"wpcf7-form-control wpcf7-text wpcf7-validates-as-required\" aria-required=\"true\" aria-invalid=\"false\" value=\"\" type=\"text\" name=\"your-name\" \/><\/span> <\/label>\n<\/p>\n<p><label> E-Mail-Adresse<br \/>\n<span class=\"wpcf7-form-control-wrap\" data-name=\"your-email\"><input size=\"40\" maxlength=\"400\" class=\"wpcf7-form-control wpcf7-email wpcf7-validates-as-required wpcf7-text wpcf7-validates-as-email\" aria-required=\"true\" aria-invalid=\"false\" value=\"\" type=\"email\" name=\"your-email\" \/><\/span> <\/label>\n<\/p>\n<p><label> Telefon<br \/>\n<span class=\"wpcf7-form-control-wrap\" data-name=\"tel\"><input size=\"40\" maxlength=\"400\" class=\"wpcf7-form-control wpcf7-text wpcf7-validates-as-required\" aria-required=\"true\" aria-invalid=\"false\" value=\"\" type=\"text\" name=\"tel\" \/><\/span> <\/label>\n<\/p>\n<p><label> Bestellnummer<br \/>\n<span class=\"wpcf7-form-control-wrap\" data-name=\"bestelnummer\"><input size=\"40\" maxlength=\"400\" class=\"wpcf7-form-control wpcf7-text wpcf7-validates-as-required\" aria-required=\"true\" aria-invalid=\"false\" value=\"\" type=\"text\" name=\"bestelnummer\" \/><\/span> <\/label>\n<\/p>\n<p><label> Auftragsdatum<br \/>\n<span class=\"wpcf7-form-control-wrap\" data-name=\"besteldatum\"><input size=\"40\" maxlength=\"400\" class=\"wpcf7-form-control wpcf7-text wpcf7-validates-as-required\" aria-required=\"true\" aria-invalid=\"false\" value=\"\" type=\"text\" name=\"besteldatum\" \/><\/span> <\/label>\n<\/p>\n<p><label> Produkt oder Produkte<br \/>\n<span class=\"wpcf7-form-control-wrap\" data-name=\"product\"><input size=\"40\" maxlength=\"400\" class=\"wpcf7-form-control wpcf7-text wpcf7-validates-as-required\" aria-required=\"true\" aria-invalid=\"false\" value=\"\" type=\"text\" name=\"product\" \/><\/span> <\/label>\n<\/p>\n<p>Grund der R\u00fcckkehr<br \/>\n<span class=\"wpcf7-form-control-wrap\" data-name=\"Reden\"><span class=\"wpcf7-form-control wpcf7-radio\"><span class=\"wpcf7-list-item first\"><label><span class=\"wpcf7-list-item-label\">Defekt, bitte beschreiben<\/span><input type=\"radio\" name=\"Reden\" value=\"Defect, graag omschrijven\" checked=\"checked\" \/><\/label><\/span><span class=\"wpcf7-list-item\"><label><span class=\"wpcf7-list-item-label\">R\u00fccktrittsrecht<\/span><input type=\"radio\" name=\"Reden\" value=\"Herroepringsrecht\" \/><\/label><\/span><span class=\"wpcf7-list-item last\"><label><span class=\"wpcf7-list-item-label\">Sonstiges, bitte beschreiben<\/span><input type=\"radio\" name=\"Reden\" value=\"Overig, graag omschrijven\" \/><\/label><\/span><\/span><\/span>\n<\/p>\n<p><label> Modelle<br \/>\n<span class=\"wpcf7-form-control-wrap\" data-name=\"model\"><input size=\"40\" maxlength=\"400\" class=\"wpcf7-form-control wpcf7-text wpcf7-validates-as-required\" aria-required=\"true\" aria-invalid=\"false\" value=\"\" type=\"text\" name=\"model\" \/><\/span> <\/label>\n<\/p>\n<p><label> Gesamtzahl der Produkte<br \/>\n<span class=\"wpcf7-form-control-wrap\" data-name=\"aantal\"><input size=\"40\" maxlength=\"400\" class=\"wpcf7-form-control wpcf7-text wpcf7-validates-as-required\" aria-required=\"true\" aria-invalid=\"false\" value=\"\" type=\"text\" name=\"aantal\" \/><\/span> <\/label>\n<\/p>\n<p>Gebraucht?<br \/>\n<span class=\"wpcf7-form-control-wrap\" data-name=\"Gebruikt\"><span class=\"wpcf7-form-control wpcf7-radio\"><span class=\"wpcf7-list-item first\"><label><span class=\"wpcf7-list-item-label\">Ja<\/span><input type=\"radio\" name=\"Gebruikt\" value=\"Ja\" checked=\"checked\" \/><\/label><\/span><span class=\"wpcf7-list-item last\"><label><span class=\"wpcf7-list-item-label\">Nein<\/span><input type=\"radio\" name=\"Gebruikt\" value=\"Nee\" \/><\/label><\/span><\/span><\/span>\n<\/p>\n<p><label> Anmerkung<br \/>\n<span class=\"wpcf7-form-control-wrap\" data-name=\"Opmerking\"><textarea cols=\"40\" rows=\"10\" maxlength=\"2000\" class=\"wpcf7-form-control wpcf7-textarea\" aria-invalid=\"false\" name=\"Opmerking\"><\/textarea><\/span> <\/label>\n<\/p>\n<p><span class=\"wpcf7-form-control-wrap\" data-name=\"retourvoorwaarden\"><span class=\"wpcf7-form-control wpcf7-acceptance\"><span class=\"wpcf7-list-item\"><label><input type=\"checkbox\" name=\"retourvoorwaarden\" value=\"1\" aria-invalid=\"false\" \/><span class=\"wpcf7-list-item-label\">Ich stimme den R\u00fcckgabebedingungen zu<\/span><\/label><\/span><\/span><\/span>\n<\/p>\n<p><input class=\"wpcf7-form-control wpcf7-submit has-spinner\" type=\"submit\" value=\"Schicken\" \/>\n<\/p><div class=\"wpcf7-response-output\" aria-hidden=\"true\"><\/div>\n<input type=\"hidden\" name=\"trp-form-language\" value=\"de\"\/><\/form>\n<\/div>","protected":false},"excerpt":{"rendered":"<p>U kunt voor het retourneren van producten voor bijvoorbeeld een onderzoek naar een defect of voor reparatie een retouraanvraag (RMA) indienen door middel van het onderstaand online formulier. Het is belangrijk om een duidelijke omschrijving te geven van het defect. Wij zullen contact met u opnemen over uw aanvraag. Als u kunt retourneren dan ontvangt<\/p>\n<div class=\"klb-readmore button\"><a class=\"btn link\" href=\"https:\/\/webstore4.com\/de\/retourneren\/\">Mehr lesen <i class=\"klbth-icon-right-arrow\"><\/i><\/a><\/div>","protected":false},"author":3,"featured_media":0,"parent":0,"menu_order":0,"comment_status":"closed","ping_status":"closed","template":"","meta":{"footnotes":""},"class_list":["post-10744","page","type-page","status-publish","hentry"],"_links":{"self":[{"href":"https:\/\/webstore4.com\/de\/wp-json\/wp\/v2\/pages\/10744","targetHints":{"allow":["GET"]}}],"collection":[{"href":"https:\/\/webstore4.com\/de\/wp-json\/wp\/v2\/pages"}],"about":[{"href":"https:\/\/webstore4.com\/de\/wp-json\/wp\/v2\/types\/page"}],"author":[{"embeddable":true,"href":"https:\/\/webstore4.com\/de\/wp-json\/wp\/v2\/users\/3"}],"replies":[{"embeddable":true,"href":"https:\/\/webstore4.com\/de\/wp-json\/wp\/v2\/comments?post=10744"}],"version-history":[{"count":2,"href":"https:\/\/webstore4.com\/de\/wp-json\/wp\/v2\/pages\/10744\/revisions"}],"predecessor-version":[{"id":14713,"href":"https:\/\/webstore4.com\/de\/wp-json\/wp\/v2\/pages\/10744\/revisions\/14713"}],"wp:attachment":[{"href":"https:\/\/webstore4.com\/de\/wp-json\/wp\/v2\/media?parent=10744"}],"curies":[{"name":"wp","href":"https:\/\/api.w.org\/{rel}","templated":true}]}}