{"id":10742,"date":"2023-09-04T20:11:53","date_gmt":"2023-09-04T18:11:53","guid":{"rendered":"https:\/\/webstore4.com\/?page_id=10742"},"modified":"2023-09-04T20:11:56","modified_gmt":"2023-09-04T18:11:56","slug":"copyright","status":"publish","type":"page","link":"https:\/\/webstore4.com\/de\/copyright\/","title":{"rendered":"Copyright"},"content":{"rendered":"<p><strong>Informationen auf unserer Website<\/strong><br>Die Produktbeschreibungen auf unserer Website werden stets vollst\u00e4ndig von uns selbst verfasst und basieren auf sorgf\u00e4ltiger Recherche. Fast alle Produkte, die wir verkaufen, wurden von uns selbst getestet. Die Produkttexte k\u00f6nnen Ungenauigkeiten enthalten, die z. B. auf neue Firmware mit anderen Optionen oder Produktanpassungen durch den Hersteller zur\u00fcckzuf\u00fchren sind. Auch andere informative Texte auf unserer Website haben wir mit gro\u00dfer Sorgfalt verfasst. Aus dem Inhalt dieser Website k\u00f6nnen keine Rechte abgeleitet werden. Sollten Ihnen Ungenauigkeiten auffallen, w\u00fcrden wir uns nat\u00fcrlich \u00fcber eine R\u00fcckmeldung freuen.&nbsp;<\/p>\n\n\n\n<p><strong>Kopieren durch andere Online-Shops<\/strong><br>Alle Texte auf unserer Website unterliegen gesetzlich unserem Urheberrecht. Eine Verwendung unserer Texte oder Teile davon ist daher ohne unsere vorherige schriftliche Genehmigung nicht gestattet. Leider stellen wir fest, dass viele unserer Texte weltweit und ohne Genehmigung von anderen Online-Shops kopiert werden. Obwohl wir uns \u00fcber diese Wertsch\u00e4tzung durch unsere Mitbewerber geschmeichelt f\u00fchlen, sch\u00e4tzen wir das Kopieren oder \u00e4hnliche Umschreiben unserer Texte nicht und werden dagegen vorgehen.<\/p>","protected":false},"excerpt":{"rendered":"<p>Informatie op onze websiteDe productomschrijvingen op onze website zijn altijd volledig door ons zelf geschreven en zijn gebaseerd op zorgvuldig onderzoek. Nagenoeg alle producten die wij verkopen zijn door ons zelf getest. De productteksten kunnen onjuistheden bevatten mede als gevolg van bijvoorbeeld nieuwe firmware met andere mogelijkheden of productaanpassingen door de fabrikant. Ook andere informatieve<\/p>\n<div class=\"klb-readmore button\"><a class=\"btn link\" href=\"https:\/\/webstore4.com\/de\/copyright\/\">Mehr lesen <i class=\"klbth-icon-right-arrow\"><\/i><\/a><\/div>","protected":false},"author":3,"featured_media":0,"parent":0,"menu_order":0,"comment_status":"closed","ping_status":"closed","template":"","meta":{"footnotes":""},"class_list":["post-10742","page","type-page","status-publish","hentry"],"_links":{"self":[{"href":"https:\/\/webstore4.com\/de\/wp-json\/wp\/v2\/pages\/10742","targetHints":{"allow":["GET"]}}],"collection":[{"href":"https:\/\/webstore4.com\/de\/wp-json\/wp\/v2\/pages"}],"about":[{"href":"https:\/\/webstore4.com\/de\/wp-json\/wp\/v2\/types\/page"}],"author":[{"embeddable":true,"href":"https:\/\/webstore4.com\/de\/wp-json\/wp\/v2\/users\/3"}],"replies":[{"embeddable":true,"href":"https:\/\/webstore4.com\/de\/wp-json\/wp\/v2\/comments?post=10742"}],"version-history":[{"count":0,"href":"https:\/\/webstore4.com\/de\/wp-json\/wp\/v2\/pages\/10742\/revisions"}],"wp:attachment":[{"href":"https:\/\/webstore4.com\/de\/wp-json\/wp\/v2\/media?parent=10742"}],"curies":[{"name":"wp","href":"https:\/\/api.w.org\/{rel}","templated":true}]}}