{"id":10736,"date":"2023-09-04T20:09:08","date_gmt":"2023-09-04T18:09:08","guid":{"rendered":"https:\/\/webstore4.com\/?page_id=10736"},"modified":"2023-09-08T08:48:02","modified_gmt":"2023-09-08T06:48:02","slug":"guarantee","status":"publish","type":"page","link":"https:\/\/webstore4.com\/de\/guarantee\/","title":{"rendered":"Garantie"},"content":{"rendered":"<p><strong>Garantie und Reparatur<\/strong><br>Sollte Ihr Produkt unerwartet defekt sein, k\u00f6nnen Sie m\u00f6glicherweise eine Garantie in Anspruch nehmen oder eine Reparatur ist m\u00f6glich. Auf dieser Seite k\u00f6nnen Sie Informationen zu Garantie und Reparaturen lesen. Um Produkte zur\u00fcckzusenden, m\u00fcssen Sie einen Online-R\u00fccksendeantrag unter stellen\u00a0<a href=\"https:\/\/webstore4.com\/retourneren\/\" data-type=\"link\" data-id=\"https:\/\/webstore4.com\/retourneren\/\">Retourenseite (RMA).<\/a><\/p>\n\n\n\n<p><strong>Garantie<\/strong><br>Wir unterscheiden zwei Arten der Garantie: die gesetzliche Gew\u00e4hrleistung und die Zusatzgarantie.<\/p>\n\n\n\n<p><strong>Gesetzliche Garantie<\/strong><br>Durch die gesetzliche Gew\u00e4hrleistung haben Sie stets Anspruch auf ein gutes Produkt. Wenn ein Produkt defekt ist, haben Sie Anspruch auf kostenlose Reparatur, ein neues Produkt oder wir entscheiden uns f\u00fcr eine R\u00fcckerstattung Ihres Geldes. In den Niederlanden gibt es keine gesetzliche Gew\u00e4hrleistungsfrist. Der Gesetzgeber hat sich daf\u00fcr entschieden, weil ein Produkt einfach l\u00e4nger h\u00e4lt als das andere.<\/p>\n\n\n\n<p>Sie m\u00fcssen ein Produkt \u00fcber einen bestimmten Zeitraum problemlos nutzen k\u00f6nnen. Wie lange ein Produkt haltbar sein sollte, h\u00e4ngt davon ab, um welche Art von Produkt es sich handelt und was Sie erwarten k\u00f6nnen, beispielsweise anhand der Informationen, die wir oder der Hersteller bereitgestellt haben, der Marke oder des Preises.<\/p>\n\n\n\n<p>Sie haben keinen Anspruch auf eine kostenlose Reparatur, ein neues Produkt oder eine R\u00fcckerstattung, wenn der Defekt am Produkt auf Ihr Verschulden zur\u00fcckzuf\u00fchren ist oder Sie das Produkt normal verwendet haben, es aber einfach abgenutzt ist.<\/p>\n\n\n\n<p><strong>Zusatzgarantie (Werksgarantie)<\/strong><br>Eine Zusatzgarantie, auch Herstellergarantie genannt, ist eine Erg\u00e4nzung zu der gesetzlichen Gew\u00e4hrleistung, die Sie bereits haben. Manchmal erhalten Sie eine zus\u00e4tzliche Garantie kostenlos und manchmal kann die zus\u00e4tzliche Garantie zus\u00e4tzlich erworben werden. Die Zusatzgarantie wird von uns oder dem Hersteller in einer (Garantie-)Erkl\u00e4rung oder Werbebotschaft erteilt, in der die Bedingungen f\u00fcr die Zusatzgarantie aufgef\u00fchrt sind. Wenn der Hersteller eine zus\u00e4tzliche Garantie gew\u00e4hrt hat und Sie sich darauf verlassen m\u00f6chten, k\u00f6nnen Sie sich direkt an den Hersteller wenden.<\/p>\n\n\n\n<p>Auf den unten aufgef\u00fchrten unabh\u00e4ngigen Websites der Regierung, der niederl\u00e4ndischen Beh\u00f6rde f\u00fcr Verbraucher und M\u00e4rkte (Consuwijzer) und des Europ\u00e4ischen Verbraucherzentrums (ECC) k\u00f6nnen Sie viele n\u00fctzliche Informationen unter anderem zur Garantie lesen.<\/p>\n\n\n\n<p><a href=\"http:\/\/www.rijksoverheid.nl\/onderwerpen\/bescherming-van-consumenten\/vraag-en-antwoord\/welke-garanties-heb-ik-op-een-product.html\" target=\"_blank\" rel=\"noopener\">nationale Regierung<\/a><\/p>\n\n\n\n<p><a href=\"http:\/\/www.consuwijzer.nl\/thema\/garantie\" target=\"_blank\" rel=\"noopener\">Niederl\u00e4ndische Beh\u00f6rde f\u00fcr Verbraucher und M\u00e4rkte (Consuwijzer)<\/a><\/p>\n\n\n\n<p><a href=\"https:\/\/www.eccnederland.nl\/nl\/onderwerpen\/kopen-de-eu\/wat-zijn-mijn-garantierechten\" data-type=\"link\" data-id=\"https:\/\/www.eccnederland.nl\/nl\/onderwerpen\/kopen-de-eu\/wat-zijn-mijn-garantierechten\" target=\"_blank\" rel=\"noopener\">Europ\u00e4isches Verbraucherzentrum (ECC)<\/a><\/p>\n\n\n\n<p><strong>Reparatur<\/strong><br>Wenn der Defekt nicht durch die Garantie abgedeckt ist, k\u00f6nnen Sie das Produkt m\u00f6glicherweise trotzdem auf eigene Kosten reparieren lassen. Sobald Reparaturen auf Ihre Kosten durchgef\u00fchrt werden, werden wir Sie kontaktieren, bevor Sie die Produkte an uns oder den Hersteller zur\u00fccksenden bzw., wenn wir Ihr defektes Produkt bereits haben, bevor die Reparatur erfolgt. &nbsp; &nbsp;<\/p>\n\n\n\n<p><strong>Endlich<\/strong><br>Hinsichtlich der Gew\u00e4hrleistung machen wir keinen Unterschied zwischen einem Kauf als Verbraucher oder als Gesch\u00e4ftskunde. F\u00fcr au\u00dferhalb der Niederlande gelieferte Produkte gelten ausschlie\u00dflich die niederl\u00e4ndischen Gew\u00e4hrleistungsbestimmungen.<\/p>\n\n\n\n<p>Alle f\u00fcr die Gew\u00e4hrleistung geltenden Bestimmungen k\u00f6nnen Sie in unseren Allgemeinen Gesch\u00e4ftsbedingungen nachlesen.<\/p>","protected":false},"excerpt":{"rendered":"<p>Garantie en reparatieMocht uw product onverhoopt defect raken dan kunt u wellicht gebruik maken van een garantie of is een reparatie mogelijk. Op deze pagina leest u informatie betreffende garantie en reparatie. Voor het retourneren van producten dient u een online retouraanvraag in te dienen op de\u00a0pagina Retourneren (RMA). GarantieWij onderscheiden twee soorten garantie: de<\/p>\n<div class=\"klb-readmore button\"><a class=\"btn link\" href=\"https:\/\/webstore4.com\/de\/guarantee\/\">Mehr lesen <i class=\"klbth-icon-right-arrow\"><\/i><\/a><\/div>","protected":false},"author":3,"featured_media":0,"parent":0,"menu_order":0,"comment_status":"closed","ping_status":"closed","template":"","meta":{"footnotes":""},"class_list":["post-10736","page","type-page","status-publish","hentry"],"_links":{"self":[{"href":"https:\/\/webstore4.com\/de\/wp-json\/wp\/v2\/pages\/10736","targetHints":{"allow":["GET"]}}],"collection":[{"href":"https:\/\/webstore4.com\/de\/wp-json\/wp\/v2\/pages"}],"about":[{"href":"https:\/\/webstore4.com\/de\/wp-json\/wp\/v2\/types\/page"}],"author":[{"embeddable":true,"href":"https:\/\/webstore4.com\/de\/wp-json\/wp\/v2\/users\/3"}],"replies":[{"embeddable":true,"href":"https:\/\/webstore4.com\/de\/wp-json\/wp\/v2\/comments?post=10736"}],"version-history":[{"count":0,"href":"https:\/\/webstore4.com\/de\/wp-json\/wp\/v2\/pages\/10736\/revisions"}],"wp:attachment":[{"href":"https:\/\/webstore4.com\/de\/wp-json\/wp\/v2\/media?parent=10736"}],"curies":[{"name":"wp","href":"https:\/\/api.w.org\/{rel}","templated":true}]}}