{"id":10734,"date":"2023-09-04T20:08:20","date_gmt":"2023-09-04T18:08:20","guid":{"rendered":"https:\/\/webstore4.com\/?page_id=10734"},"modified":"2025-03-05T16:03:18","modified_gmt":"2025-03-05T15:03:18","slug":"betalen","status":"publish","type":"page","link":"https:\/\/webstore4.com\/de\/betalen\/","title":{"rendered":"Bezahlen"},"content":{"rendered":"<p>Wir versuchen, Zahlungen im WebStore4 f\u00fcr unsere Kunden so schnell und einfach wie m\u00f6glich zu gestalten. Unsere Zahlungsmethoden sind:<\/p>\n\n\n\n<p><strong>Ideal<\/strong><br>In den Niederlanden ist iDEAL die am h\u00e4ufigsten verwendete Zahlungsmethode f\u00fcr Online-Eink\u00e4ufe. Sie k\u00f6nnen beim Bezahlvorgang iDEAL ausw\u00e4hlen und sofort Ihre eigene Bank ausw\u00e4hlen. Anschlie\u00dfend werden Sie zur sicheren und vertrauten Bankumgebung Ihrer eigenen Bank weitergeleitet. F\u00fcr die Zahlung mit iDEAL berechnen wir keine Zahlungskosten. <\/p>\n\n\n\n<p><strong>Nachzahlung<\/strong><br>Bei uns k\u00f6nnen Sie auch im Nachhinein komplett bezahlen. Auch als Gesch\u00e4ftskunde. Sie erhalten die Produkte dann, bevor Sie bezahlen m\u00fcssen. F\u00fcr die Nachzahlung nutzen wir die Dienste von Billink BV<\/p>\n\n\n\n<p>Anschlie\u00dfend k\u00f6nnen Sie beim Bezahlvorgang in Schritt 5 \u201eBezahlen\u201c w\u00e4hlen. In Schritt 6 werden Sie dann aufgefordert, Ihr Geschlecht und Ihr Geburtsdatum einzugeben und den Kauf zu best\u00e4tigen. Anschlie\u00dfend erfolgt eine sofortige Pr\u00fcfung Ihrer Daten und es wird Ihnen innerhalb weniger Sekunden angezeigt, ob diese Zahlungsart akzeptiert wurde. Nach der Annahme erhalten Sie von Billink BV eine digitale Rechnung mit einer Zahlungsfrist von 14 Tagen. Wenn die Zahlung per Nachnahme unerwartet nicht akzeptiert wird, k\u00f6nnen Sie Ihre Bestellung mit einer der anderen Zahlungsmethoden bezahlen.<\/p>\n\n\n\n<p>Verbraucher und Gesch\u00e4ftskunden aus den Niederlanden k\u00f6nnen im Nachhinein bis zu einem H\u00f6chstbetrag von 750,00 \u20ac online bezahlen. Gesch\u00e4ftskunden aus Belgien k\u00f6nnen bis zu einem H\u00f6chstbetrag von 750,00 \u20ac auch im Nachhinein online bezahlen. Belgische Verbraucher k\u00f6nnen im Nachhinein maximal 150,00 \u20ac bezahlen. Wenn Sie gesch\u00e4ftlich bestellen, \u00fcberpr\u00fcfen Sie immer die von der Handelskammer eingegebenen Informationen in Kombination mit der angegebenen Umsatzsteuer-Identifikationsnummer und den eingegebenen Informationen zur Rechnungsadresse. Billink pr\u00fcft diese Kombination und wenn eine der Angaben nicht mit den Angaben bei der Handelskammer \u00fcbereinstimmt, wird Ihre Transaktion von Billink abgelehnt. <\/p>\n\n\n\n<p>Als u als zakelijke klant uit Nederland of Belgi\u00eb voor een hoger bedrag wilt bestellen en achteraf wilt betalen dan kan dat ook. In dat geval kunt u online bestellen met als betaalmethode &#8216;Betaling per factuur&#8217; en in het opmerkingenveld aangeven dat u op factuur wilt betalen. Wij voeren dat een krediettoets uit voor de acceptatie van de betaling op factuur.&nbsp;Het maximum per bestelling is dan \u20ac5.000,00.<\/p>\n\n\n\n<p>Eine Nachzahlung ist nur m\u00f6glich, wenn Sie in den Niederlanden ans\u00e4ssig sind und kann nicht f\u00fcr Dienste und Abonnements genutzt werden. Ein Geschenkgutschein kann mit Postpay bezahlt werden.<\/p>\n\n\n\n<p>Sollte Ihre Zahlung nicht innerhalb von 14 Tagen bei uns eingehen, erhalten Sie eine Erinnerung. Bitte beachten Sie, dass im Falle einer Mahnung zus\u00e4tzliche Kosten anfallen k\u00f6nnen. Erfolgt die Zahlung auch nach dieser Mahnung nicht, wird Billink die Dienste eines Inkassob\u00fcros und\/oder eines Gerichtsvollziehers mit der Eintreibung der Rechnung beauftragen. Dies kann f\u00fcr Sie zu hohen Kosten f\u00fchren.<\/p>\n\n\n\n<p>Die Zahlungskosten f\u00fcr Postpay geben wir nicht an unsere Kunden weiter. So k\u00f6nnen Sie eine Rechnung nach Erhalt der Bestellung ohne zus\u00e4tzliche Kosten bezahlen.&nbsp;<\/p>\n\n\n\n<p><strong>Barzahlung bei Lieferung<\/strong><br>PostNL bietet seit dem 01.01.2020 den Versand und die Zahlung per Nachnahme nicht mehr an. Daher bieten wir diese Zahlungsart nicht mehr an. &nbsp; &nbsp;&nbsp;<\/p>\n\n\n\n<p><strong>Bank\u00fcberweisung<\/strong><br>Sie k\u00f6nnen Ihre Bestellung auch vorab per Bank\u00fcberweisung bezahlen. Dies k\u00f6nnen Sie im Schritt 5 beim Bezahlvorgang angeben. Anschlie\u00dfend sehen Sie in Schritt 6 die Zahlungsanweisungen. Diese Zahlungsanweisung finden Sie auch in der Bestellbest\u00e4tigung, die Sie per E-Mail erhalten. Wenn Sie ein Konto erstellt haben, stehen Ihnen die Bestelldaten mit Zahlungsanweisungen auch in Ihrer Kontoumgebung auf unserer Website zur Verf\u00fcgung.<\/p>\n\n\n\n<p>Sie m\u00fcssen den Gesamtbetrag der Bestellung innerhalb von 8 Werktagen in Euro und unter Angabe der Bestellnummer auf unser Bankkonto bei ING \u00fcberweisen.<\/p>\n\n\n\n<p>Unsere Kontoinformationen lauten:<\/p>\n\n\n\n<p>VRYPSTG B.V.<br>IBAN: NL30 INGB 0008 0180 82<br>BIC: INGBNL2A<\/p>\n\n\n\n<p>F\u00fcr die Zahlung per Bank\u00fcberweisung aus einem Land innerhalb des SEPA-Raums (einschlie\u00dflich der EU) berechnen wir keine Zahlungskosten. Kommt eine Bank\u00fcberweisung aus einem Land, das nicht zum SEPA-Raum geh\u00f6rt, muss die \u00dcberweisung mit Shared Charges (SHA) erfolgen und wir berechnen 6,00 \u20ac Zahlungskosten.<\/p>\n\n\n\n<p>Sobald wir Ihre vollst\u00e4ndige Zahlung erhalten haben, senden wir Ihnen eine E-Mail und bearbeiten Ihre Bestellung. Sie m\u00fcssen damit rechnen, dass eine Bank\u00fcberweisung mehrere Tage dauert.&nbsp;<\/p>\n\n\n\n<p><strong>Barzahlung oder Zahlungsanforderung bei Abholung<\/strong><br>Wenn Sie Ihre Bestellung abholen m\u00f6chten, k\u00f6nnen Sie neben den anderen Zahlungsarten auch die Zahlung in bar oder per Zahlungsaufforderung w\u00e4hlen. &nbsp;<\/p>\n\n\n\n<p>Bei der Bezahlung Ihrer Bestellung k\u00f6nnen Sie in Schritt 3 eine beliebige Lieferadresse eingeben und anschlie\u00dfend in Schritt 4 angeben, dass Sie Ihre Bestellung bei uns abholen m\u00f6chten. Im Schritt 5 k\u00f6nnen Sie dann zwischen Barzahlung und Zahlungsaufforderung w\u00e4hlen. Sobald Sie Ihre Bestellung in unserem Online-Shop aufgegeben haben, werden wir Sie bez\u00fcglich Ihrer Bestellung kontaktieren. Die Bestellung kann nur nach Vereinbarung abgeholt werden. Die Barzahlung muss korrekt sein. Wenn Sie sich f\u00fcr die Zahlung mit Zahlungsaufforderung entscheiden, senden wir an unserem Standort eine Bankzahlungsaufforderung an Ihr Smartphone. F\u00fcr Barzahlungen und Zahlungsaufforderungen berechnen wir keine Kosten.<\/p>\n\n\n\n<p><strong>PayPal (Bank- und Kreditkarte)<\/strong><br>Mit PayPal k\u00f6nnen Sie sicher und schnell \u00fcber Ihr eigenes Bankkonto oder Ihre Kreditkarte (VISA, MasterCard, American Express oder DISCOVER) bezahlen. W\u00e4hrend des Bestellvorgangs k\u00f6nnen Sie in Schritt 5 die Zahlungsart PayPal ausw\u00e4hlen. Nachdem Sie Ihren Kauf in Schritt 6 best\u00e4tigt haben, werden Sie zur sicheren und vertrauten Zahlungsumgebung von PayPal weitergeleitet. Dort k\u00f6nnen Sie mit Ihrem bestehenden PayPal-Konto bezahlen, indem Sie sich mit Ihrer E-Mail-Adresse und Ihrem Passwort anmelden. In der PayPal-Zahlungsumgebung k\u00f6nnen Sie auch die Zahlung mit Ihrer Kreditkarte w\u00e4hlen.<\/p>\n\n\n\n<p>Bei Zahlung per PayPal qualifizieren sich versandf\u00e4hige Produkte automatisch f\u00fcr den PayPal-K\u00e4uferschutz und Sie sind gesch\u00fctzt, wenn das Produkt beispielsweise nicht eintrifft. Die Bedingungen zum PayPal-K\u00e4uferschutz k\u00f6nnen Sie auf der Website von PayPal nachlesen.<\/p>\n\n\n\n<p>Um unsere Produktpreise m\u00f6glichst niedrig und transparent zu halten, geben wir unsere Zahlungskosten f\u00fcr die Zahlung mit PayPal teilweise an Sie weiter. Ihre Zahlungskosten bei Nutzung von PayPal betragen 3,0% des gesamten Rechnungswertes.<\/p>\n\n\n\n<p><strong>Bancontact \/ Mister Cash<\/strong><br>Bancontact\/Mister Cash ist eine in Belgien verwendete Bankzahlungsmethode, mit der Sie in Ihrer eigenen sicheren und vertrauensw\u00fcrdigen Bankumgebung bei Ihrer Bank bezahlen k\u00f6nnen. Bancontact \/ Mister Cash ist f\u00fcr die Niederlande mit iDEAL vergleichbar. Sie k\u00f6nnen beim Bezahlvorgang in Schritt 5 Bancontact \/ Mister Cash ausw\u00e4hlen. Sobald Sie Ihren Kauf in Schritt 6 best\u00e4tigt haben, werden Sie zu einer sicheren und vertrauten Banking-Umgebung weitergeleitet.<\/p>\n\n\n\n<p>F\u00fcr die Zahlung mit Bancontact \/ Mister Cash berechnen wir keine Zahlungskosten. Wir nutzen die Dienste von TargetPay f\u00fcr Bancontact \/ Mister Cash.<\/p>\n\n\n\n<p><strong>SOFORT-\u00dcberweisung<\/strong><br>SOFORT Banking ist eine Bankzahlungsmethode f\u00fcr Deutschland, die Schweiz und \u00d6sterreich. Mit dieser Zahlungsmethode k\u00f6nnen Sie in einer sicheren und vertrauten Bankumgebung bezahlen. SOFORT Banking ist vergleichbar mit iDEAL f\u00fcr die Niederlande. Bei SOFORT Banking berechnen wir keine Zahlungskosten. Wir nutzen die Dienste von TargetPay f\u00fcr SOFORT Banking.<\/p>\n\n\n\n<p><strong>Geschenkgutschein, Rabattcode, Treuepunkte und Guthaben<\/strong><br>Wenn Sie einen Geschenkgutschein oder Rabattcode erhalten haben, k\u00f6nnen Sie den Geschenkgutschein oder Rabattcode beim Bezahlvorgang in Schritt 5 eingeben. In Schritt 6 sehen Sie, dass der Geschenkgutschein bzw. Rabatt bearbeitet wurde. Sie k\u00f6nnen den Geschenkgutschein oder Rabattcode auch vorab eingeben, indem Sie Ihren Warenkorb anzeigen und dort die Verwendung Ihres Geschenkgutscheins oder Rabattcodes ausw\u00e4hlen. Der Betrag des Geschenkgutscheins bzw. Rabatts wird dann vom Betrag Ihrer Bestellung im Warenkorb abgezogen. Sie k\u00f6nnen auch danach noch Produkte in Ihren Warenkorb legen. Der Geschenkgutschein bzw. Rabatt wird dann automatisch erneut angerechnet. &nbsp;<\/p>\n\n\n\n<p><strong>Endlich<\/strong><br>Alle f\u00fcr die Zahlung geltenden Bestimmungen k\u00f6nnen Sie in unseren Allgemeinen Gesch\u00e4ftsbedingungen nachlesen. Darin hei\u00dft es unter anderem, dass Sie verpflichtet sind, Ungenauigkeiten in den uns \u00fcbermittelten Zahlungsdaten unverz\u00fcglich zu melden und dass wir uns das Recht vorbehalten, eine von Ihnen gew\u00e4hlte Zahlungsart nicht zu akzeptieren.<\/p>\n\n\n\n<p>Die oben f\u00fcr die Zahlungsarten angegebenen Kosten verstehen sich inklusive 21% Mehrwertsteuer. F\u00fcr Verbraucher au\u00dferhalb der EU wird keine Mehrwertsteuer erhoben und unter bestimmten Voraussetzungen auch nicht f\u00fcr Gesch\u00e4ftskunden au\u00dferhalb der Niederlande.&nbsp;<\/p>\n\n\n\n<p>W\u00e4hrend des Bezahlvorgangs k\u00f6nnen Sie Anmerkungen zu Ihrer Bestellung machen.<\/p>","protected":false},"excerpt":{"rendered":"<p>Betalen bij WebStore4 proberen we zo snel en gemakkelijk mogelijk te maken voor onze klanten. Onze betaalmethoden zijn: iDEALIn Nederland is iDEAL de meest gebruikte betaalmethode voor online aankopen. U kunt tijdens het afrekenen iDEAL kiezen en direct uw eigen bank kiezen. U wordt dan doorgeleid naar de beveiligde en voor u vertrouwde bankomgeving van<\/p>\n<div class=\"klb-readmore button\"><a class=\"btn link\" href=\"https:\/\/webstore4.com\/de\/betalen\/\">Mehr lesen <i class=\"klbth-icon-right-arrow\"><\/i><\/a><\/div>","protected":false},"author":3,"featured_media":0,"parent":0,"menu_order":0,"comment_status":"closed","ping_status":"closed","template":"","meta":{"footnotes":""},"class_list":["post-10734","page","type-page","status-publish","hentry"],"_links":{"self":[{"href":"https:\/\/webstore4.com\/de\/wp-json\/wp\/v2\/pages\/10734","targetHints":{"allow":["GET"]}}],"collection":[{"href":"https:\/\/webstore4.com\/de\/wp-json\/wp\/v2\/pages"}],"about":[{"href":"https:\/\/webstore4.com\/de\/wp-json\/wp\/v2\/types\/page"}],"author":[{"embeddable":true,"href":"https:\/\/webstore4.com\/de\/wp-json\/wp\/v2\/users\/3"}],"replies":[{"embeddable":true,"href":"https:\/\/webstore4.com\/de\/wp-json\/wp\/v2\/comments?post=10734"}],"version-history":[{"count":3,"href":"https:\/\/webstore4.com\/de\/wp-json\/wp\/v2\/pages\/10734\/revisions"}],"predecessor-version":[{"id":18606,"href":"https:\/\/webstore4.com\/de\/wp-json\/wp\/v2\/pages\/10734\/revisions\/18606"}],"wp:attachment":[{"href":"https:\/\/webstore4.com\/de\/wp-json\/wp\/v2\/media?parent=10734"}],"curies":[{"name":"wp","href":"https:\/\/api.w.org\/{rel}","templated":true}]}}